{"id":168,"date":"2025-03-13T16:27:33","date_gmt":"2025-03-13T15:27:33","guid":{"rendered":"https:\/\/savonnerie-marseillaise.com\/product\/boite-6-savonnettes\/"},"modified":"2026-03-10T09:00:47","modified_gmt":"2026-03-10T08:00:47","slug":"box-of-6-bars-of-soap","status":"publish","type":"product","link":"https:\/\/savonnerie-marseillaise.com\/en\/product\/box-of-6-bars-of-soap\/","title":{"rendered":"Box of 6 bars of soap"},"content":{"rendered":"<p>Nomenclature douane : 34011100<\/p>","protected":false},"excerpt":{"rendered":"<p><span data-sheets-root=\"1\">Discover our ranges:<\/span><\/p>\n<p>Bo\u00eete Rose: a fruity and floral explosion with gourmand notes of blackberry, raspberry, strawberry, lychee, exfoliating rose and coconut.<\/p>\n<p>Bo\u00eete Bleue : une invitation \u00e0 la fra\u00eecheur avec des senteurs marines, bois\u00e9es et florales comme tub\u00e9reuse. c\u00e8dre, marine, musc-sabaya, bl\u00e9 exfoliant et musc.<\/p>\n<p>Bo\u00eete Verte : un souffle de nature aux ar\u00f4mes v\u00e9g\u00e9taux et fruit\u00e9s ambre, olive, tilleul, citron vert, bl\u00e9 exfoliant et amande<\/p>\n<p>Boite Mauve : une ambiance \u00e9l\u00e9gante et relaxante avec des parfums comme cassis, violette, lavande exfoliante, fleur de cerisier, cam\u00e9lia et muguet.<\/p>\n<p>Bo\u00eete Jaune : une touche de soleil aux senteurs chaleureuses de vanille, miel, citron exfoliante,\u00a0 citron, agrumes et fleur de coton.<\/p>\n<p>Directions for use :<\/p>\n<p>Moisten your skin, then glide the soap directly onto your body or between your hands to create a generous lather. Apply with gentle circular movements, then rinse thoroughly with clean water. Suitable for all skin types for daily use.<\/p>\n<p>&nbsp;<\/p>","protected":false},"featured_media":178,"comment_status":"closed","ping_status":"closed","template":"","meta":{"inline_featured_image":false,"wds_primary_product_brand":0,"wds_primary_product_cat":0},"product_brand":[],"product_cat":[54,55],"product_tag":[31],"class_list":{"0":"post-168","1":"product","2":"type-product","3":"status-publish","4":"has-post-thumbnail","6":"product_cat-coffret-savon","7":"product_cat-coffrets-savons","8":"product_tag-vert","9":"description-off","11":"first","12":"outofstock","13":"taxable","14":"shipping-taxable","15":"purchasable","16":"product-type-variable"},"_links":{"self":[{"href":"https:\/\/savonnerie-marseillaise.com\/en\/wp-json\/wp\/v2\/product\/168","targetHints":{"allow":["GET"]}}],"collection":[{"href":"https:\/\/savonnerie-marseillaise.com\/en\/wp-json\/wp\/v2\/product"}],"about":[{"href":"https:\/\/savonnerie-marseillaise.com\/en\/wp-json\/wp\/v2\/types\/product"}],"replies":[{"embeddable":true,"href":"https:\/\/savonnerie-marseillaise.com\/en\/wp-json\/wp\/v2\/comments?post=168"}],"wp:featuredmedia":[{"embeddable":true,"href":"https:\/\/savonnerie-marseillaise.com\/en\/wp-json\/wp\/v2\/media\/178"}],"wp:attachment":[{"href":"https:\/\/savonnerie-marseillaise.com\/en\/wp-json\/wp\/v2\/media?parent=168"}],"wp:term":[{"taxonomy":"product_brand","embeddable":true,"href":"https:\/\/savonnerie-marseillaise.com\/en\/wp-json\/wp\/v2\/product_brand?post=168"},{"taxonomy":"product_cat","embeddable":true,"href":"https:\/\/savonnerie-marseillaise.com\/en\/wp-json\/wp\/v2\/product_cat?post=168"},{"taxonomy":"product_tag","embeddable":true,"href":"https:\/\/savonnerie-marseillaise.com\/en\/wp-json\/wp\/v2\/product_tag?post=168"}],"curies":[{"name":"wp","href":"https:\/\/api.w.org\/{rel}","templated":true}]}}