{"id":1841,"date":"2026-01-28T15:03:29","date_gmt":"2026-01-28T14:03:29","guid":{"rendered":"https:\/\/savonnerie-marseillaise.com\/?post_type=product&#038;p=1841"},"modified":"2026-01-28T15:17:28","modified_gmt":"2026-01-28T14:17:28","slug":"apres-shampoing-solide-naturel","status":"publish","type":"product","link":"https:\/\/savonnerie-marseillaise.com\/en\/product\/apres-shampoing-solide-naturel\/","title":{"rendered":"Apr\u00e8s-shampoing solide naturel"},"content":{"rendered":"<div class=\"wpb-content-wrapper\"><div class=\"vc_row wpb_row vc_row-fluid\"><div class=\"wpb_column vc_column_container vc_col-sm-12\"><div class=\"vc_column-inner\"><div class=\"wpb_wrapper\">\n\t<div class=\"wpb_text_column wpb_content_element\" >\n\t\t<div class=\"wpb_wrapper\">\n\t\t\t<p>Directions for use :<\/p>\n<p>Apr\u00e8s le shampoing, appliquez l\u2019apr\u00e8s-shampoing solide sur les longueurs et les pointes des cheveux mouill\u00e9s ou faites-le fondre entre les mains. Laissez agir quelques instants, puis rincez abondamment.<\/p>\n<p>Nomenclature douane : 33049900<\/p>\n\n\t\t<\/div>\n\t<\/div>\n<\/div><\/div><\/div><\/div>\n<\/div>","protected":false},"excerpt":{"rendered":"<p>Apr\u00e8s-shampoing solide naturel enrichi en huile de jojoba, huile d\u2019avocat et vitamine E, il prend soin des cheveux apr\u00e8s le lavage. Sa formule nourrissante hydrate intens\u00e9ment et enrichit la fibre capillaire, laissant les cheveux doux, lisses et faciles \u00e0 d\u00e9m\u00ealer. Il aide \u00e0 r\u00e9parer les cheveux, leur apporte une brillance naturelle et les prot\u00e8ge du dess\u00e8chement. Id\u00e9al pour une utilisation quotidienne et convient \u00e0 tous les types de cheveux.<\/p>","protected":false},"featured_media":1842,"comment_status":"closed","ping_status":"closed","template":"","meta":{"inline_featured_image":false,"wds_primary_product_brand":0,"wds_primary_product_cat":0},"product_brand":[],"product_cat":[93,113],"product_tag":[35],"class_list":{"0":"post-1841","1":"product","2":"type-product","3":"status-publish","4":"has-post-thumbnail","6":"product_cat-soins","7":"product_cat-soins-solides","8":"product_tag-blanc","9":"description-off","11":"first","12":"instock","13":"taxable","14":"shipping-taxable","15":"purchasable","16":"product-type-simple"},"_links":{"self":[{"href":"https:\/\/savonnerie-marseillaise.com\/en\/wp-json\/wp\/v2\/product\/1841","targetHints":{"allow":["GET"]}}],"collection":[{"href":"https:\/\/savonnerie-marseillaise.com\/en\/wp-json\/wp\/v2\/product"}],"about":[{"href":"https:\/\/savonnerie-marseillaise.com\/en\/wp-json\/wp\/v2\/types\/product"}],"replies":[{"embeddable":true,"href":"https:\/\/savonnerie-marseillaise.com\/en\/wp-json\/wp\/v2\/comments?post=1841"}],"wp:featuredmedia":[{"embeddable":true,"href":"https:\/\/savonnerie-marseillaise.com\/en\/wp-json\/wp\/v2\/media\/1842"}],"wp:attachment":[{"href":"https:\/\/savonnerie-marseillaise.com\/en\/wp-json\/wp\/v2\/media?parent=1841"}],"wp:term":[{"taxonomy":"product_brand","embeddable":true,"href":"https:\/\/savonnerie-marseillaise.com\/en\/wp-json\/wp\/v2\/product_brand?post=1841"},{"taxonomy":"product_cat","embeddable":true,"href":"https:\/\/savonnerie-marseillaise.com\/en\/wp-json\/wp\/v2\/product_cat?post=1841"},{"taxonomy":"product_tag","embeddable":true,"href":"https:\/\/savonnerie-marseillaise.com\/en\/wp-json\/wp\/v2\/product_tag?post=1841"}],"curies":[{"name":"wp","href":"https:\/\/api.w.org\/{rel}","templated":true}]}}