{"id":366,"date":"2025-03-24T11:09:14","date_gmt":"2025-03-24T10:09:14","guid":{"rendered":"https:\/\/savonnerie-marseillaise.com\/?page_id=366"},"modified":"2025-08-16T20:18:06","modified_gmt":"2025-08-16T18:18:06","slug":"la-savonnerie-marseillaise-marseille","status":"publish","type":"page","link":"https:\/\/savonnerie-marseillaise.com\/fr\/la-savonnerie-marseillaise-marseille\/","title":{"rendered":"La Savonnerie Marseillaise Marseille"},"content":{"rendered":"<div class=\"wpb-content-wrapper\"><div class=\"vc_row wpb_row vc_row-fluid\"><div class=\"wpb_column vc_column_container vc_col-sm-12\"><div class=\"vc_column-inner\"><div class=\"wpb_wrapper\"><div class=\"vc_tta-container\" data-vc-action=\"collapse\"><div class=\"vc_general vc_tta vc_tta-accordion vc_tta-color-white vc_tta-style-classic vc_tta-shape-rounded vc_tta-o-shape-group vc_tta-controls-align-default\"><div class=\"vc_tta-panels-container\"><div class=\"vc_tta-panels\"><div class=\"vc_tta-panel\" id=\"1742810791600-17519e13-ce5e\" data-vc-content=\".vc_tta-panel-body\"><div class=\"vc_tta-panel-heading\"><h4 class=\"vc_tta-panel-title vc_tta-controls-icon-position-left\"><a href=\"#1742810791600-17519e13-ce5e\" data-vc-accordion data-vc-container=\".vc_tta-container\"><span class=\"vc_tta-title-text\">7 Boutiques &amp; 7 Univers en Ligne<\/span><i class=\"vc_tta-controls-icon vc_tta-controls-icon-plus\"><\/i><\/a><\/h4><\/div><div class=\"vc_tta-panel-body\"><div id=\"ultimate-heading-271469dc101911d59\" class=\"uvc-heading ult-adjust-bottom-margin ultimate-heading-271469dc101911d59 uvc-6442  uvc-heading-default-font-sizes\" data-hspacer=\"no_spacer\"  data-halign=\"left\" style=\"text-align:left\"><div class=\"uvc-heading-spacer no_spacer\" style=\"top\"><\/div><div class=\"uvc-main-heading ult-responsive\"  data-ultimate-target='.uvc-heading.ultimate-heading-271469dc101911d59 h2'  data-responsive-json-new='{\"font-size\":\"\",\"line-height\":\"\"}' ><h2 style=\"--font-weight:theme;margin-top:20px;\">La Savonnerie Marseillaise<\/h2><\/div><div class=\"uvc-sub-heading ult-responsive\"  data-ultimate-target='.uvc-heading.ultimate-heading-271469dc101911d59 .uvc-sub-heading '  data-responsive-json-new='{\"font-size\":\"\",\"line-height\":\"\"}'  style=\"font-weight:normal;margin-top:20px;\"><\/p>\n<pre class=\"mb-4 prose break-words dark:prose-invert prose-p:leading-relaxed prose-pre:p-0 !whitespace-pre-wrap text-base dark:text-crystal-bell !font-figtree\"><strong class=\"font-bold\">La Savonnerie Marseillaise - 7 Boutiques &amp; 7 Univers en Ligne<\/strong>\r\nNotre savonnerie historique vous accueille dans <strong class=\"font-bold\">7 magasins physiques<\/strong> \u00e0 Marseille, Aix-en-Provence et Paris. Pour compl\u00e9ter cette exp\u00e9rience artisanale, d\u00e9couvrez nos <strong class=\"font-bold\">7 sites sp\u00e9cialis\u00e9s<\/strong> d\u00e9di\u00e9s \u00e0 l'art du savon de Marseille :<\/pre>\n<ul class=\"list-disc\">\n<li class=\"mb-5 ml-5 list-item dark:text-crystal-bell\"><a class=\"text-violet-blue hover:underline\" href=\"https:\/\/savondemarseille.boutique\/boutique\/\" target=\"_blank\" rel=\"noopener noreferrer\">Savon de Marseille traditionnel<\/a> &#8211; La r\u00e9f\u00e9rence officielle<\/li>\n<li class=\"mb-5 ml-5 list-item dark:text-crystal-bell\"><a class=\"text-violet-blue hover:underline\" href=\"https:\/\/savonenpaillette.com\/boutique\/\" target=\"_blank\" rel=\"noopener noreferrer\">Copeaux &amp; paillettes savonneuses<\/a> &#8211; Pour DIY et renouvellement \u00e9conomique<\/li>\n<li class=\"mb-5 ml-5 list-item dark:text-crystal-bell\"><a class=\"text-violet-blue hover:underline\" href=\"https:\/\/coffretsavon.com\/boutique\/\" target=\"_blank\" rel=\"noopener noreferrer\">Coffrets cadeaux prestige<\/a> &#8211; Id\u00e9es cadeaux cl\u00e9s en main<\/li>\n<li class=\"mb-5 ml-5 list-item dark:text-crystal-bell\"><a class=\"text-violet-blue hover:underline\" href=\"https:\/\/savonliquide.com\/boutique\/\" target=\"_blank\" rel=\"noopener noreferrer\">Savon liquide certifi\u00e9<\/a> &#8211; Formules concentr\u00e9es \u00e9cologiques<\/li>\n<li class=\"mb-5 ml-5 list-item dark:text-crystal-bell\"><a class=\"text-violet-blue hover:underline\" href=\"https:\/\/savonparfume.com\/boutique\/\" target=\"_blank\" rel=\"noopener noreferrer\">Fragrances savon artisanales<\/a> &#8211; Huiles essentielles bio<\/li>\n<li class=\"mb-5 ml-5 list-item dark:text-crystal-bell\"><a class=\"text-violet-blue hover:underline\" href=\"https:\/\/parfumpourmaison.com\/boutique\/\" target=\"_blank\" rel=\"noopener noreferrer\">Parfums d&rsquo;ambiance complices<\/a> &#8211; Harmonie olfactive maison<\/li>\n<li class=\"mb-5 ml-5 list-item dark:text-crystal-bell\"><a class=\"text-violet-blue hover:underline\" href=\"https:\/\/savonnerie-marseillaise.com\/fr\/boutique\" target=\"_blank\" rel=\"noopener noreferrer\">Ateliers &amp; visites exclusives<\/a> &#8211; D\u00e9couverte de notre savoir-faire<\/li>\n<\/ul>\n<pre class=\"mb-4 prose break-words dark:prose-invert prose-p:leading-relaxed prose-pre:p-0 !whitespace-pre-wrap text-base dark:text-crystal-bell !font-figtree\"><strong class=\"font-bold\">Pourquoi 7 sites ?<\/strong> Une expertise cibl\u00e9e pour mieux r\u00e9pondre \u00e0 vos besoins sp\u00e9cifiques, tout en garantissant <strong class=\"font-bold\">la m\u00eame qualit\u00e9 historique<\/strong> et <strong class=\"font-bold\">processus artisanal<\/strong> dans chaque produit. Retrouvez nos boutiques physiques sur <a class=\"text-violet-blue hover:underline\" href=\"https:\/\/savonnerie-marseillaise.com\/\" target=\"_blank\" rel=\"noopener noreferrer\">notre carte interactive<\/a>.<\/pre>\n<p>La <strong class=\"font-bold\">Savonnerie Marseillaise<\/strong> est fi\u00e8re de vous offrir une exp\u00e9rience authentique du savon de Marseille \u00e0 travers ses <strong class=\"font-bold\">7 boutiques et magasins physiques<\/strong>. Pour satisfaire tous les amateurs de ce savon traditionnel, nous avons \u00e9galement d\u00e9velopp\u00e9 <strong class=\"font-bold\">7 sites web d\u00e9di\u00e9s<\/strong> \u00e0 diff\u00e9rents produits inspir\u00e9s du savon de Marseille. D\u00e9couvrez ces ressources pour approfondir votre connaissance et profiter de nos cr\u00e9ations :<\/div><\/div><\/div><\/div><\/div><\/div><\/div><\/div>\n\t<div class=\"wpb_text_column wpb_content_element \" >\n\t\t<div class=\"wpb_wrapper\">\n\t\t\t<!-- directorist-shortcode:: [ directorist_all_listing] -->\n<div id=\"directorist\" class=\"directorist-wrapper\"\n    data-view-columns=\"\">\n    <div class=\"directorist-map-listing\">\n        <div class=\"directorist-map-top\">\n    <div id=\"directorist\" class=\"directorist-wrapper\">\n    <div class=\"directorist-divider\"><\/div>\n    <div class=\"directorist-container-fluid\">\n            <div id=\"map\" style=\"height:400px\" data-card=\"[]\" data-options=\"{&quot;map_type&quot;:&quot;openstreet&quot;,&quot;crop_width&quot;:350,&quot;crop_height&quot;:260,&quot;display_map&quot;:1,&quot;display_image&quot;:1,&quot;display_title&quot;:1,&quot;display_address&quot;:1,&quot;display_direction&quot;:1,&quot;display_favorite_badge_map&quot;:&quot;&quot;,&quot;display_user_avatar_map&quot;:&quot;&quot;,&quot;display_review_map&quot;:&quot;&quot;,&quot;display_price_map&quot;:&quot;&quot;,&quot;display_phone_map&quot;:1,&quot;zoom_level&quot;:16,&quot;default_image&quot;:&quot;https:\\\/\\\/savonnerie-marseillaise.com\\\/wp-content\\\/plugins\\\/directorist\\\/assets\\\/images\\\/grid.jpg&quot;,&quot;base_latitude&quot;:&quot;43.294847&quot;,&quot;base_longitude&quot;:&quot;5.367961&quot;,&quot;default_latitude&quot;:&quot;43.294847&quot;,&quot;default_longitude&quot;:&quot;5.367961&quot;,&quot;force_default_location&quot;:1,&quot;disable_single_listing&quot;:false,&quot;openstreet_script&quot;:&quot;https:\\\/\\\/savonnerie-marseillaise.com\\\/wp-content\\\/plugins\\\/directorist\\\/assets\\\/vendor-js\\\/openstreet-map\\\/subGroup-markercluster-controlLayers-realworld.388.js?ver=8.5.2&quot;}\">\n            <div id=\"gmap_full_screen_button\">\n                <span class=\"fullscreen-enable\"><i class=\"directorist-icon-mask\" aria-hidden=\"true\" style=\"--directorist-icon: url(https:\/\/savonnerie-marseillaise.com\/wp-content\/plugins\/directorist\/assets\/icons\/font-awesome\/svgs\/solid\/expand.svg)\"><\/i><\/span>\n                <span class=\"fullscreen-disable\"><i class=\"directorist-icon-mask\" aria-hidden=\"true\" style=\"--directorist-icon: url(https:\/\/savonnerie-marseillaise.com\/wp-content\/plugins\/directorist\/assets\/icons\/font-awesome\/svgs\/solid\/compress.svg)\"><\/i><\/span>\n            <\/div>\n        <\/div>\n            <\/div>\n<\/div>\n\n\n\n<\/div>\n\n<div class=\"directorist-listing \">\n    \n<div id=\"directorist\" class=\"directorist-wrapper\">\n\n        <div class=\"directorist-container-fluid\">\n        <div class=\"directorist-row\">\n                    <\/div>\n\n\n        <div class=\"directorist-row\">\n            <div class=\"col-lg-12\">\n                            <\/div>\n        <\/div>\n    <\/div>\n    \n<\/div>\n<!--ends .row --><\/div>    <\/div>\n    <div class=\"directorist-ajax-search-result\"><\/div>\n    <!--responsive buttons-->\n    <div class=\"directorist-res-btns\">\n        <a href=\"\" class=\"directorist-res-btn\" id=\"js-dlm-search\"><i class=\"directorist-icon-mask\" aria-hidden=\"true\" style=\"--directorist-icon: url(https:\/\/savonnerie-marseillaise.com\/wp-content\/plugins\/directorist\/assets\/icons\/line-awesome\/svgs\/search-solid.svg)\"><\/i><\/a>\n        <a href=\"\" class=\"directorist-res-btn active\" id=\"js-dlm-listings\"><i class=\"directorist-icon-mask\" aria-hidden=\"true\" style=\"--directorist-icon: url(https:\/\/savonnerie-marseillaise.com\/wp-content\/plugins\/directorist\/assets\/icons\/line-awesome\/svgs\/list-ul-solid.svg)\"><\/i><\/a>\n        <a href=\"\" class=\"directorist-res-btn\" id=\"js-dlm-map\"><i class=\"directorist-icon-mask\" aria-hidden=\"true\" style=\"--directorist-icon: url(https:\/\/savonnerie-marseillaise.com\/wp-content\/plugins\/directorist\/assets\/icons\/line-awesome\/svgs\/map-solid.svg)\"><\/i><\/a>\n    <\/div>\n<\/div>\n<style>\n.directorist-map-wrapper,\n.directorist-map-columns-three .directorist-map-listing .directorist-listing,\n.directorist-map-columns-three .directorist-map-listing .directorist-map,\n.directorist-map-columns-three .directorist-ajax-search-result .directorist-listing,\n.bdmv-columns-two .directorist-map-listing, .directorist-map-columns-three .directorist-map-search {\n    height: 400px;\n}\n<\/style>\n\n\n<input type=\"hidden\" id=\"display_header\" value=\"\">\n<input type=\"hidden\" id=\"header_title\" value=\"<span>0<\/span> Items Found\">\n<input type=\"hidden\" id=\"show_pagination\" value=\"yes\">\n<input type=\"hidden\" id=\"listings_per_page\" value=\"10\">\n<input type=\"hidden\" id=\"location_slug\" value=\"\">\n<input type=\"hidden\" id=\"category_slug\" value=\"\">\n<input type=\"hidden\" id=\"tag_slug\" value=\"\">\n<input type=\"hidden\" id=\"directory_type\" value=\"71\">\n<input type=\"hidden\" id=\"map_zoom_level\" value=\"16\">\n<input type=\"hidden\" id=\"map_height\" value=\"400\">\n<input type=\"hidden\" id=\"listings_with_map_columns\" value=\"1\">\n\n\n\n\t\t<\/div>\n\t<\/div>\n<div id=\"ultimate-heading-740069dc101913f09\" class=\"uvc-heading ult-adjust-bottom-margin ultimate-heading-740069dc101913f09 uvc-3342  uvc-heading-default-font-sizes\" data-hspacer=\"no_spacer\"  data-halign=\"left\" style=\"text-align:left\"><div class=\"uvc-heading-spacer no_spacer\" style=\"top\"><\/div><div class=\"uvc-main-heading ult-responsive\"  data-ultimate-target='.uvc-heading.ultimate-heading-740069dc101913f09 h2'  data-responsive-json-new='{\"font-size\":\"\",\"line-height\":\"\"}' ><h2 style=\"--font-weight:theme;margin-top:20px;\">Savon de Marseille Boutique Officielle<\/h2><\/div><div class=\"uvc-sub-heading ult-responsive\"  data-ultimate-target='.uvc-heading.ultimate-heading-740069dc101913f09 .uvc-sub-heading '  data-responsive-json-new='{\"font-size\":\"\",\"line-height\":\"\"}'  style=\"font-weight:normal;margin-top:20px;\">D\u00e9couvrez l&rsquo;authenticit\u00e9 du <strong><em class=\"italic\">Savon de Marseille<\/em> traditionnel<\/strong> sur notre site. Pour compl\u00e9ter votre exp\u00e9rience, n&rsquo;h\u00e9sitez pas \u00e0 visiter <a class=\"text-violet-blue hover:underline\" href=\"https:\/\/coffretsavon.com\/boutique\/\" target=\"_blank\" rel=\"noopener noreferrer\">Coffrets Savon<\/a> pour des coffrets cadeaux uniques et <a class=\"text-violet-blue hover:underline\" href=\"https:\/\/savonparfume.com\/boutique\/\" target=\"_blank\" rel=\"noopener noreferrer\">Savon Parfum\u00e9<\/a> afin d&rsquo;apporter une touche aromatique \u00e0 votre salle de bain! Ensemble, ces produits vous offrent le meilleur du savon de Marseille.<\/div><\/div><div class=\"ult-spacer spacer-69dc101913f2b\" data-id=\"69dc101913f2b\" data-height=\"40\" data-height-mobile=\"40\" data-height-tab=\"40\" data-height-tab-portrait=\"\" data-height-mobile-landscape=\"\" style=\"clear:both;display:block;\"><\/div><div id=\"ultimate-heading-600269dc101913f41\" class=\"uvc-heading ult-adjust-bottom-margin ultimate-heading-600269dc101913f41 uvc-5906  uvc-heading-default-font-sizes\" data-hspacer=\"no_spacer\"  data-halign=\"left\" style=\"text-align:left\"><div class=\"uvc-heading-spacer no_spacer\" style=\"top\"><\/div><div class=\"uvc-main-heading ult-responsive\"  data-ultimate-target='.uvc-heading.ultimate-heading-600269dc101913f41 h2'  data-responsive-json-new='{\"font-size\":\"\",\"line-height\":\"\"}' ><h2 style=\"--font-weight:theme;margin-top:20px;\">Savon en Paillette<\/h2><\/div><div class=\"uvc-sub-heading ult-responsive\"  data-ultimate-target='.uvc-heading.ultimate-heading-600269dc101913f41 .uvc-sub-heading '  data-responsive-json-new='{\"font-size\":\"\",\"line-height\":\"\"}'  style=\"font-weight:normal;margin-top:20px;\">Nos <strong><em class=\"italic\">copeaux de savon<\/em> en paillette<\/strong> sont parfaits pour toutes vos cr\u00e9ations. Pour un cadeau unique, consultez <a class=\"text-violet-blue hover:underline\" href=\"https:\/\/coffretsavon.com\/boutique\/\" target=\"_blank\" rel=\"noopener noreferrer\">Coffrets Savon<\/a> qui propose une s\u00e9lection raffin\u00e9e de coffrets. De plus, d\u00e9couvrez\u00a0 nos <a class=\"text-violet-blue hover:underline\" href=\"https:\/\/savonliquide.com\/boutique\/\" target=\"_blank\" rel=\"noopener noreferrer\">savon liquide<\/a> en visitant leur boutique et leur section d&rsquo;articles !<\/div><\/div><div class=\"ult-spacer spacer-69dc101913f56\" data-id=\"69dc101913f56\" data-height=\"40\" data-height-mobile=\"40\" data-height-tab=\"40\" data-height-tab-portrait=\"\" data-height-mobile-landscape=\"\" style=\"clear:both;display:block;\"><\/div><div id=\"ultimate-heading-982169dc101913f66\" class=\"uvc-heading ult-adjust-bottom-margin ultimate-heading-982169dc101913f66 uvc-2459  uvc-heading-default-font-sizes\" data-hspacer=\"no_spacer\"  data-halign=\"left\" style=\"text-align:left\"><div class=\"uvc-heading-spacer no_spacer\" style=\"top\"><\/div><div class=\"uvc-main-heading ult-responsive\"  data-ultimate-target='.uvc-heading.ultimate-heading-982169dc101913f66 h2'  data-responsive-json-new='{\"font-size\":\"\",\"line-height\":\"\"}' ><h2 style=\"--font-weight:theme;\">Coffret Cadeaux Savon<\/h2><\/div><div class=\"uvc-sub-heading ult-responsive\"  data-ultimate-target='.uvc-heading.ultimate-heading-982169dc101913f66 .uvc-sub-heading '  data-responsive-json-new='{\"font-size\":\"\",\"line-height\":\"\"}'  style=\"font-weight:normal;\">Offrez-vous ou \u00e0 un proche un <strong><em class=\"italic\">coffret cadeau<\/em><\/strong> inspir\u00e9 du <strong>traditionnel Savon de Marseille<\/strong>. Pour personnaliser vos coffrets, pensez \u00e0 inclure les <strong><em class=\"italic\">paillettes de savon<\/em><\/strong> de <a class=\"text-violet-blue hover:underline\" href=\"https:\/\/savonenpaillette.com\/boutique\/\" target=\"_blank\" rel=\"noopener noreferrer\">Savon en Paillette<\/a> ou \u00e0 ajouter un magnifique parfum d&rsquo;ambiance de <a class=\"text-violet-blue hover:underline\" href=\"https:\/\/parfumpourmaison.com\/boutique\/\" target=\"_blank\" rel=\"noopener noreferrer\">Parfum pour Maison<\/a>. Ensemble, cr\u00e9ons des moments inoubliables!<\/div><\/div><div class=\"ult-spacer spacer-69dc101913f78\" data-id=\"69dc101913f78\" data-height=\"40\" data-height-mobile=\"40\" data-height-tab=\"40\" data-height-tab-portrait=\"\" data-height-mobile-landscape=\"\" style=\"clear:both;display:block;\"><\/div><div id=\"ultimate-heading-961269dc101913f88\" class=\"uvc-heading ult-adjust-bottom-margin ultimate-heading-961269dc101913f88 uvc-7550  uvc-heading-default-font-sizes\" data-hspacer=\"no_spacer\"  data-halign=\"left\" style=\"text-align:left\"><div class=\"uvc-heading-spacer no_spacer\" style=\"top\"><\/div><div class=\"uvc-main-heading ult-responsive\"  data-ultimate-target='.uvc-heading.ultimate-heading-961269dc101913f88 h2'  data-responsive-json-new='{\"font-size\":\"\",\"line-height\":\"\"}' ><h2 style=\"--font-weight:theme;margin-top:20px;\">Savon Liquide<\/h2><\/div><div class=\"uvc-sub-heading ult-responsive\"  data-ultimate-target='.uvc-heading.ultimate-heading-961269dc101913f88 .uvc-sub-heading '  data-responsive-json-new='{\"font-size\":\"\",\"line-height\":\"\"}'  style=\"font-weight:normal;margin-top:20px;\">Notre <strong><em class=\"italic\">savon liquide<\/em><\/strong> capte l&rsquo;essence m\u00eame du <strong>Savon de Marseille<\/strong>. Pour sublimer votre exp\u00e9rience, visitez notre partenaire <a class=\"text-violet-blue hover:underline\" href=\"https:\/\/savonnerie-marseillaise.com\/fr\/boutique\/\" target=\"_blank\" rel=\"noopener noreferrer\">Savonnerie Marseillaise<\/a> pour d\u00e9couvrir les meilleures alternatives de produits qui vous permettront de trouver votre savon \u00e0 vous! Pensez \u00e9galement \u00e0 la touche finale avec un parfum d&rsquo;int\u00e9rieur de <a class=\"text-violet-blue hover:underline\" href=\"https:\/\/parfumpourmaison.com\/boutique\/\" target=\"_blank\" rel=\"noopener noreferrer\">Parfum pour Maison<\/a>.<\/div><\/div><div id=\"ultimate-heading-913769dc101913f9f\" class=\"uvc-heading ult-adjust-bottom-margin ultimate-heading-913769dc101913f9f uvc-95  uvc-heading-default-font-sizes\" data-hspacer=\"no_spacer\"  data-halign=\"left\" style=\"text-align:left\"><div class=\"uvc-heading-spacer no_spacer\" style=\"top\"><\/div><div class=\"uvc-main-heading ult-responsive\"  data-ultimate-target='.uvc-heading.ultimate-heading-913769dc101913f9f h2'  data-responsive-json-new='{\"font-size\":\"\",\"line-height\":\"\"}' ><h2 style=\"--font-weight:theme;margin-top:20px;\">Savon Liquide<\/h2><\/div><div class=\"uvc-sub-heading ult-responsive\"  data-ultimate-target='.uvc-heading.ultimate-heading-913769dc101913f9f .uvc-sub-heading '  data-responsive-json-new='{\"font-size\":\"\",\"line-height\":\"\"}'  style=\"font-weight:normal;margin-top:20px;\">Notre <strong><em class=\"italic\">savon liquide<\/em><\/strong> capte l&rsquo;essence m\u00eame du <strong>Savon de Marseille<\/strong>. Pour sublimer votre exp\u00e9rience, visitez notre partenaire <a class=\"text-violet-blue hover:underline\" href=\"https:\/\/savonnerie-marseillaise.com\/fr\/boutique\/\" target=\"_blank\" rel=\"noopener noreferrer\">Savonnerie Marseillaise<\/a> pour d\u00e9couvrir les meilleures alternatives de produits qui vous permettront de trouver votre savon \u00e0 vous! Pensez \u00e9galement \u00e0 la touche finale avec un parfum d&rsquo;int\u00e9rieur de <a class=\"text-violet-blue hover:underline\" href=\"https:\/\/parfumpourmaison.com\/boutique\/\" target=\"_blank\" rel=\"noopener noreferrer\">Parfum pour Maison<\/a>.<\/div><\/div><div class=\"ult-spacer spacer-69dc101913faf\" data-id=\"69dc101913faf\" data-height=\"40\" data-height-mobile=\"40\" data-height-tab=\"40\" data-height-tab-portrait=\"\" data-height-mobile-landscape=\"\" style=\"clear:both;display:block;\"><\/div><div id=\"ultimate-heading-804169dc101913fbe\" class=\"uvc-heading ult-adjust-bottom-margin ultimate-heading-804169dc101913fbe uvc-8134  uvc-heading-default-font-sizes\" data-hspacer=\"no_spacer\"  data-halign=\"left\" style=\"text-align:left\"><div class=\"uvc-heading-spacer no_spacer\" style=\"top\"><\/div><div class=\"uvc-main-heading ult-responsive\"  data-ultimate-target='.uvc-heading.ultimate-heading-804169dc101913fbe h2'  data-responsive-json-new='{\"font-size\":\"\",\"line-height\":\"\"}' ><h2 style=\"--font-weight:theme;margin-top:20px;\">Savon Parfum\u00e9<\/h2><\/div><div class=\"uvc-sub-heading ult-responsive\"  data-ultimate-target='.uvc-heading.ultimate-heading-804169dc101913fbe .uvc-sub-heading '  data-responsive-json-new='{\"font-size\":\"\",\"line-height\":\"\"}'  style=\"font-weight:normal;margin-top:20px;\">Ajoutez du caract\u00e8re \u00e0 votre routine avec nos <strong><em class=\"italic\">savons parfum\u00e9s<\/em><\/strong>. Pour une exp\u00e9rience sensorielle compl\u00e8te, explorez <a class=\"text-violet-blue hover:underline\" href=\"https:\/\/parfumpourmaison.com\/boutique\/\" target=\"_blank\" rel=\"noopener noreferrer\">Parfum pour Maison<\/a> pour des notes harmonieuses qui s\u2019accordent avec nos produits. N&rsquo;oubliez pas de v\u00e9rifier <a class=\"text-violet-blue hover:underline\" href=\"https:\/\/savondemarseille.boutique\/boutique\/\" target=\"_blank\" rel=\"noopener noreferrer\">Savon de Marseille<\/a> pour d\u00e9couvrir nos options classiques et authentiques.<\/div><\/div><div class=\"ult-spacer spacer-69dc101913fd5\" data-id=\"69dc101913fd5\" data-height=\"40\" data-height-mobile=\"40\" data-height-tab=\"40\" data-height-tab-portrait=\"\" data-height-mobile-landscape=\"\" style=\"clear:both;display:block;\"><\/div><div id=\"ultimate-heading-658469dc101913fe7\" class=\"uvc-heading ult-adjust-bottom-margin ultimate-heading-658469dc101913fe7 uvc-9108  uvc-heading-default-font-sizes\" data-hspacer=\"no_spacer\"  data-halign=\"left\" style=\"text-align:left\"><div class=\"uvc-heading-spacer no_spacer\" style=\"top\"><\/div><div class=\"uvc-main-heading ult-responsive\"  data-ultimate-target='.uvc-heading.ultimate-heading-658469dc101913fe7 h2'  data-responsive-json-new='{\"font-size\":\"\",\"line-height\":\"\"}' ><h2 style=\"--font-weight:theme;margin-top:20px;\">Parfum pour Maison<\/h2><\/div><div class=\"uvc-sub-heading ult-responsive\"  data-ultimate-target='.uvc-heading.ultimate-heading-658469dc101913fe7 .uvc-sub-heading '  data-responsive-json-new='{\"font-size\":\"\",\"line-height\":\"\"}'  style=\"font-weight:normal;margin-top:20px;\">Ajoutez du caract\u00e8re \u00e0 votre routine avec nos <strong><em class=\"italic\">savons parfum\u00e9s<\/em><\/strong>. Pour une exp\u00e9rience sensorielle compl\u00e8te, explorez <a class=\"text-violet-blue hover:underline\" href=\"https:\/\/parfumpourmaison.com\/boutique\/\" target=\"_blank\" rel=\"noopener noreferrer\">Parfum pour Maison<\/a> pour des notes harmonieuses qui s\u2019accordent avec nos produits. N&rsquo;oubliez pas de v\u00e9rifier <a class=\"text-violet-blue hover:underline\" href=\"https:\/\/savondemarseille.boutique\/boutique\/\" target=\"_blank\" rel=\"noopener noreferrer\">Savon de Marseille<\/a> pour d\u00e9couvrir nos options classiques et authentiques.<\/div><\/div><\/div><\/div><\/div><\/div>\n<\/div>","protected":false},"excerpt":{"rendered":"<p>7 Boutiques &amp; 7 Univers en LigneLa Savonnerie Marseillaise La Savonnerie Marseillaise &#8211; 7 Boutiques &amp; 7 Univers en Ligne Notre savonnerie historique vous accueille dans 7 magasins physiques \u00e0 Marseille, Aix-en-Provence et Paris. Pour compl\u00e9ter cette exp\u00e9rience artisanale, d\u00e9couvrez nos 7 sites sp\u00e9cialis\u00e9s d\u00e9di\u00e9s \u00e0 l&rsquo;art du savon de Marseille : Savon de Marseille&hellip;<\/p>\n","protected":false},"author":1,"featured_media":0,"parent":0,"menu_order":0,"comment_status":"closed","ping_status":"closed","template":"","meta":{"inline_featured_image":false,"footnotes":""},"class_list":["post-366","page","type-page","status-publish","hentry","description-off"],"_links":{"self":[{"href":"https:\/\/savonnerie-marseillaise.com\/fr\/wp-json\/wp\/v2\/pages\/366","targetHints":{"allow":["GET"]}}],"collection":[{"href":"https:\/\/savonnerie-marseillaise.com\/fr\/wp-json\/wp\/v2\/pages"}],"about":[{"href":"https:\/\/savonnerie-marseillaise.com\/fr\/wp-json\/wp\/v2\/types\/page"}],"author":[{"embeddable":true,"href":"https:\/\/savonnerie-marseillaise.com\/fr\/wp-json\/wp\/v2\/users\/1"}],"replies":[{"embeddable":true,"href":"https:\/\/savonnerie-marseillaise.com\/fr\/wp-json\/wp\/v2\/comments?post=366"}],"version-history":[{"count":7,"href":"https:\/\/savonnerie-marseillaise.com\/fr\/wp-json\/wp\/v2\/pages\/366\/revisions"}],"predecessor-version":[{"id":373,"href":"https:\/\/savonnerie-marseillaise.com\/fr\/wp-json\/wp\/v2\/pages\/366\/revisions\/373"}],"wp:attachment":[{"href":"https:\/\/savonnerie-marseillaise.com\/fr\/wp-json\/wp\/v2\/media?parent=366"}],"curies":[{"name":"wp","href":"https:\/\/api.w.org\/{rel}","templated":true}]}}