{"id":121,"date":"2025-03-12T15:10:47","date_gmt":"2025-03-12T14:10:47","guid":{"rendered":"https:\/\/savonnerie-marseillaise.com\/product\/savonnette-ble-exfoliant\/"},"modified":"2025-03-20T17:05:20","modified_gmt":"2025-03-20T16:05:20","slug":"savonnette-ble-exfoliant","status":"publish","type":"product","link":"https:\/\/savonnerie-marseillaise.com\/fr\/produit\/savonnette-ble-exfoliant\/","title":{"rendered":"Savonnette Bl\u00e9 Exfoliant"},"content":{"rendered":"<p>Conseils d\u2019utilisation (Corps &#038; Mains) :<br \/>\n\u2022Sur le corps : Utilisez la savonnette sur peau mouill\u00e9e, en massant avec des mouvements circulaires pour exfolier en douceur et \u00e9liminer les cellules mortes. Insistez sur les zones rugueuses comme les coudes, genoux et talons.<br \/>\n\u2022Pour les mains : Faites mousser entre vos mains pour profiter de son effet exfoliant l\u00e9ger, id\u00e9al pour une douceur durable.<br \/>\n\u2022Rin\u00e7age : Rincez abondamment \u00e0 l\u2019eau ti\u00e8de et profitez de la sensation de peau douce et nourrie gr\u00e2ce au beurre de karit\u00e9.<br \/>\n\u2022Usage : Adapt\u00e9e \u00e0 un usage quotidien pour les mains et 1 \u00e0 2 fois par semaine sur le corps pour une exfoliation optimale.<\/p>\n","protected":false},"excerpt":{"rendered":"<p>Plongez dans une exp\u00e9rience sensorielle unique avec notre savonnette exfoliante au germe de bl\u00e9. Enrichie en beurre de karit\u00e9, elle associe douceur et exfoliation tout en diffusant un parfum authentique et r\u00e9confortant de c\u00e9r\u00e9ales fra\u00eeches. Cette fragrance naturelle \u00e9voque la puret\u00e9 et le bien-\u00eatre, transformant chaque utilisation en un v\u00e9ritable moment de d\u00e9tente.<\/p>\n","protected":false},"featured_media":122,"comment_status":"closed","ping_status":"closed","template":"","meta":{"inline_featured_image":false,"wds_primary_product_brand":0,"wds_primary_product_cat":0},"product_brand":[],"product_cat":[46,21],"product_tag":[35,25],"class_list":{"0":"post-121","1":"product","2":"type-product","3":"status-publish","4":"has-post-thumbnail","6":"product_cat-savon-parfumee","7":"product_cat-savonnette-parfumee","8":"product_tag-blanc","9":"product_tag-marron","10":"description-off","12":"first","13":"instock","14":"taxable","15":"shipping-taxable","16":"purchasable","17":"product-type-simple"},"_links":{"self":[{"href":"https:\/\/savonnerie-marseillaise.com\/fr\/wp-json\/wp\/v2\/product\/121","targetHints":{"allow":["GET"]}}],"collection":[{"href":"https:\/\/savonnerie-marseillaise.com\/fr\/wp-json\/wp\/v2\/product"}],"about":[{"href":"https:\/\/savonnerie-marseillaise.com\/fr\/wp-json\/wp\/v2\/types\/product"}],"replies":[{"embeddable":true,"href":"https:\/\/savonnerie-marseillaise.com\/fr\/wp-json\/wp\/v2\/comments?post=121"}],"wp:featuredmedia":[{"embeddable":true,"href":"https:\/\/savonnerie-marseillaise.com\/fr\/wp-json\/wp\/v2\/media\/122"}],"wp:attachment":[{"href":"https:\/\/savonnerie-marseillaise.com\/fr\/wp-json\/wp\/v2\/media?parent=121"}],"wp:term":[{"taxonomy":"product_brand","embeddable":true,"href":"https:\/\/savonnerie-marseillaise.com\/fr\/wp-json\/wp\/v2\/product_brand?post=121"},{"taxonomy":"product_cat","embeddable":true,"href":"https:\/\/savonnerie-marseillaise.com\/fr\/wp-json\/wp\/v2\/product_cat?post=121"},{"taxonomy":"product_tag","embeddable":true,"href":"https:\/\/savonnerie-marseillaise.com\/fr\/wp-json\/wp\/v2\/product_tag?post=121"}],"curies":[{"name":"wp","href":"https:\/\/api.w.org\/{rel}","templated":true}]}}