{"id":136,"date":"2025-03-12T17:40:22","date_gmt":"2025-03-12T16:40:22","guid":{"rendered":"https:\/\/savonnerie-marseillaise.com\/product\/douceur-en-provence-exfoliant-visage\/"},"modified":"2025-03-24T12:16:13","modified_gmt":"2025-03-24T11:16:13","slug":"douceur-en-provence-exfoliant-visage","status":"publish","type":"product","link":"https:\/\/savonnerie-marseillaise.com\/fr\/produit\/douceur-en-provence-exfoliant-visage\/","title":{"rendered":"Douceur en Provence &#8211; Exfoliant visage"},"content":{"rendered":"<p>Conseil d\u2019utilisation :<\/p>\n<p>Sur une peau humide, appliquez l\u2019exfoliant directement sur le visage par des mouvements circulaires, en insistant sur les zones o\u00f9 la peau est plus \u00e9paisse (front, nez, menton). Rincez abondamment \u00e0 l\u2019eau claire. Utilisez 1 \u00e0 2 fois par semaine pour un teint \u00e9clatant et une peau douce.<\/p>\n","protected":false},"excerpt":{"rendered":"<p>Douceur en Provence vous transporte au c\u0153ur des terres proven\u00e7ales, entre les Alpes et la M\u00e9diterran\u00e9e, pour vous offrir une exp\u00e9rience sensorielle unique. Cet exfoliant doux nettoie la peau en profondeur gr\u00e2ce \u00e0 ses grains naturels issus des noyaux d\u2019abricot, qui \u00e9liminent d\u00e9licatement les cellules mortes et les impuret\u00e9s. Sa texture fondante respecte l\u2019\u00e9quilibre de la peau, laissant le teint lumineux, lisse et frais. Adapt\u00e9 \u00e0 tous les types de peau, m\u00eame les plus sensibles.<\/p>\n","protected":false},"featured_media":137,"comment_status":"closed","ping_status":"closed","template":"","meta":{"inline_featured_image":false,"wds_primary_product_brand":0,"wds_primary_product_cat":0},"product_brand":[],"product_cat":[48,93],"product_tag":[25,26],"class_list":{"0":"post-136","1":"product","2":"type-product","3":"status-publish","4":"has-post-thumbnail","6":"product_cat-douceur-en-pce","7":"product_cat-soins","8":"product_tag-marron","9":"product_tag-rose","10":"description-off","12":"first","13":"instock","14":"taxable","15":"shipping-taxable","16":"purchasable","17":"product-type-simple"},"_links":{"self":[{"href":"https:\/\/savonnerie-marseillaise.com\/fr\/wp-json\/wp\/v2\/product\/136","targetHints":{"allow":["GET"]}}],"collection":[{"href":"https:\/\/savonnerie-marseillaise.com\/fr\/wp-json\/wp\/v2\/product"}],"about":[{"href":"https:\/\/savonnerie-marseillaise.com\/fr\/wp-json\/wp\/v2\/types\/product"}],"replies":[{"embeddable":true,"href":"https:\/\/savonnerie-marseillaise.com\/fr\/wp-json\/wp\/v2\/comments?post=136"}],"wp:featuredmedia":[{"embeddable":true,"href":"https:\/\/savonnerie-marseillaise.com\/fr\/wp-json\/wp\/v2\/media\/137"}],"wp:attachment":[{"href":"https:\/\/savonnerie-marseillaise.com\/fr\/wp-json\/wp\/v2\/media?parent=136"}],"wp:term":[{"taxonomy":"product_brand","embeddable":true,"href":"https:\/\/savonnerie-marseillaise.com\/fr\/wp-json\/wp\/v2\/product_brand?post=136"},{"taxonomy":"product_cat","embeddable":true,"href":"https:\/\/savonnerie-marseillaise.com\/fr\/wp-json\/wp\/v2\/product_cat?post=136"},{"taxonomy":"product_tag","embeddable":true,"href":"https:\/\/savonnerie-marseillaise.com\/fr\/wp-json\/wp\/v2\/product_tag?post=136"}],"curies":[{"name":"wp","href":"https:\/\/api.w.org\/{rel}","templated":true}]}}