{"id":148,"date":"2024-12-06T10:53:43","date_gmt":"2024-12-06T09:53:43","guid":{"rendered":"https:\/\/savonnerie-marseillaise.com\/product\/savon-detachant-3\/"},"modified":"2025-12-24T11:48:51","modified_gmt":"2025-12-24T10:48:51","slug":"savon-detachant-3","status":"publish","type":"product","link":"https:\/\/savonnerie-marseillaise.com\/fr\/produit\/savon-detachant-3\/","title":{"rendered":"Savon d\u00e9tachant"},"content":{"rendered":"<p><strong>Conseils d&rsquo;utilisation :<\/strong><\/p>\n<p>1.Humidifiez le savon et la zone \u00e0 d\u00e9tacher.<br \/>\n2. Frottez d\u00e9licatement avec le savon directement sur la tache.<br \/>\n3.Laissez agir une heure ou une demi journ\u00e9e, puis lavez en machine.<\/p>\n","protected":false},"excerpt":{"rendered":"<p><strong>LE SAVON DETACHANT :<\/strong><br \/>\nRed\u00e9couvrez l&rsquo;efficacit\u00e9 des rem\u00e8des d&rsquo;antan avec ce savon d\u00e9tachant textile sp\u00e9cialement con\u00e7u pour venir \u00e0 bout des taches les plus tenaces. Alliant le savoir-faire traditionnel du savon de Marseille blanc, les propri\u00e9t\u00e9s absorbantes de la terre de Sommi\u00e8res et l&rsquo;action d\u00e9graissante du fiel de b\u0153uf, ce savon est l&rsquo;alli\u00e9 incontournable pour entretenir vos textiles.<\/p>\n<p><strong>Caract\u00e9ristiques :<\/strong><\/p>\n<p>-Savon de Marseille : nettoie et d\u00e9tache en douceur tout en respectant les fibres des tissus, m\u00eame les plus d\u00e9licats.<\/p>\n<p>-Terre de Sommi\u00e8res : absorbe les graisses et neutralise efficacement les mauvaises odeurs.<\/p>\n<p>-Fiel de b\u0153uf : un ingr\u00e9dient naturel reconnu pour sa puissance d\u00e9tachante, id\u00e9al contre les taches organiques (sang, herbe, transpiration..) et tr\u00e8s color\u00e9s.<\/p>\n<p><strong>Avantages :<\/strong><\/p>\n<p>-Convient \u00e0 tous types de textiles, y compris les tissus d\u00e9licats comme la laine et la soie.<br \/>\n-Formule naturelle sans colorants et sans agents chimiques agressifs.<br \/>\n-Facile \u00e0 utiliser et respectueux de l&rsquo;environnement.<\/p>\n","protected":false},"featured_media":149,"comment_status":"open","ping_status":"closed","template":"","meta":{"inline_featured_image":false,"wds_primary_product_brand":0,"wds_primary_product_cat":0},"product_brand":[],"product_cat":[144],"product_tag":[],"class_list":{"0":"post-148","1":"product","2":"type-product","3":"status-publish","4":"has-post-thumbnail","6":"product_cat-savon-de-marseille","7":"description-off","9":"first","10":"instock","11":"featured","12":"taxable","13":"shipping-taxable","14":"purchasable","15":"product-type-simple"},"_links":{"self":[{"href":"https:\/\/savonnerie-marseillaise.com\/fr\/wp-json\/wp\/v2\/product\/148","targetHints":{"allow":["GET"]}}],"collection":[{"href":"https:\/\/savonnerie-marseillaise.com\/fr\/wp-json\/wp\/v2\/product"}],"about":[{"href":"https:\/\/savonnerie-marseillaise.com\/fr\/wp-json\/wp\/v2\/types\/product"}],"replies":[{"embeddable":true,"href":"https:\/\/savonnerie-marseillaise.com\/fr\/wp-json\/wp\/v2\/comments?post=148"}],"wp:featuredmedia":[{"embeddable":true,"href":"https:\/\/savonnerie-marseillaise.com\/fr\/wp-json\/wp\/v2\/media\/149"}],"wp:attachment":[{"href":"https:\/\/savonnerie-marseillaise.com\/fr\/wp-json\/wp\/v2\/media?parent=148"}],"wp:term":[{"taxonomy":"product_brand","embeddable":true,"href":"https:\/\/savonnerie-marseillaise.com\/fr\/wp-json\/wp\/v2\/product_brand?post=148"},{"taxonomy":"product_cat","embeddable":true,"href":"https:\/\/savonnerie-marseillaise.com\/fr\/wp-json\/wp\/v2\/product_cat?post=148"},{"taxonomy":"product_tag","embeddable":true,"href":"https:\/\/savonnerie-marseillaise.com\/fr\/wp-json\/wp\/v2\/product_tag?post=148"}],"curies":[{"name":"wp","href":"https:\/\/api.w.org\/{rel}","templated":true}]}}