{"id":153,"date":"2025-03-13T16:27:33","date_gmt":"2025-03-13T15:27:33","guid":{"rendered":"https:\/\/savonnerie-marseillaise.com\/product\/barre-4-savonnettes\/"},"modified":"2025-10-20T19:17:56","modified_gmt":"2025-10-20T17:17:56","slug":"barre-4-savonnettes","status":"publish","type":"product","link":"https:\/\/savonnerie-marseillaise.com\/fr\/produit\/barre-4-savonnettes\/","title":{"rendered":"Barre 4 savonnettes"},"content":{"rendered":"<p><span data-sheets-root=\"1\">D\u00e9couvrez nos barres de quatre savonnettes parfum\u00e9es, pr\u00e9sent\u00e9s dans de jolies boites cartonn\u00e9es con\u00e7ues pour \u00e9pouser parfaitement leur forme hexagonale. Chaque assortiment associe des couleurs harmonieuses et des senteurs raffin\u00e9es pour un moment de bien-\u00eatre unique.<\/span><\/p>\n<p>&nbsp;<\/p>\n","protected":false},"excerpt":{"rendered":"<p><span data-sheets-root=\"1\">D\u00e9couvrez nos assortiments :<\/span><\/p>\n<p>Barre Rose : des notes fruit\u00e9es et fleuries avec framboise, fraise, fleur de cerisier et coco.<\/p>\n<p>Barre Bleue : une vague de fra\u00eecheur avec c\u00e8dre, marine, bl\u00e9 exfoliante et musc.<\/p>\n<p>Barre Verte : un souffle v\u00e9g\u00e9tal et acidul\u00e9 avec olive, verveine, citron vert et amande.<\/p>\n<p>Barre Mauve : une ambiance douce et \u00e9l\u00e9gante avec cassis, violette, lavande et muguet.<\/p>\n<p>Conseils d&rsquo;utilisation :<\/p>\n<p>Humidifiez votre peau, puis faites glisser le savon directement sur le corps ou entre vos mains pour cr\u00e9er une mousse g\u00e9n\u00e9reuse. Appliquez par de l\u00e9gers mouvements circulaires, puis rincez abondamment \u00e0 l\u2019eau claire. Convient \u00e0 tous les types de peau pour une utilisation quotidienne.<\/p>\n","protected":false},"featured_media":154,"comment_status":"closed","ping_status":"closed","template":"","meta":{"inline_featured_image":false,"wds_primary_product_brand":0,"wds_primary_product_cat":0},"product_brand":[],"product_cat":[54,55],"product_tag":[31],"class_list":{"0":"post-153","1":"product","2":"type-product","3":"status-publish","4":"has-post-thumbnail","6":"product_cat-coffret-savon","7":"product_cat-coffrets-savons","8":"product_tag-vert","9":"description-off","11":"first","12":"instock","13":"taxable","14":"shipping-taxable","15":"purchasable","16":"product-type-variable"},"_links":{"self":[{"href":"https:\/\/savonnerie-marseillaise.com\/fr\/wp-json\/wp\/v2\/product\/153","targetHints":{"allow":["GET"]}}],"collection":[{"href":"https:\/\/savonnerie-marseillaise.com\/fr\/wp-json\/wp\/v2\/product"}],"about":[{"href":"https:\/\/savonnerie-marseillaise.com\/fr\/wp-json\/wp\/v2\/types\/product"}],"replies":[{"embeddable":true,"href":"https:\/\/savonnerie-marseillaise.com\/fr\/wp-json\/wp\/v2\/comments?post=153"}],"wp:featuredmedia":[{"embeddable":true,"href":"https:\/\/savonnerie-marseillaise.com\/fr\/wp-json\/wp\/v2\/media\/154"}],"wp:attachment":[{"href":"https:\/\/savonnerie-marseillaise.com\/fr\/wp-json\/wp\/v2\/media?parent=153"}],"wp:term":[{"taxonomy":"product_brand","embeddable":true,"href":"https:\/\/savonnerie-marseillaise.com\/fr\/wp-json\/wp\/v2\/product_brand?post=153"},{"taxonomy":"product_cat","embeddable":true,"href":"https:\/\/savonnerie-marseillaise.com\/fr\/wp-json\/wp\/v2\/product_cat?post=153"},{"taxonomy":"product_tag","embeddable":true,"href":"https:\/\/savonnerie-marseillaise.com\/fr\/wp-json\/wp\/v2\/product_tag?post=153"}],"curies":[{"name":"wp","href":"https:\/\/api.w.org\/{rel}","templated":true}]}}