{"id":1533,"date":"2025-08-16T18:27:53","date_gmt":"2025-08-16T16:27:53","guid":{"rendered":"https:\/\/savonnerie-marseillaise.com\/produit\/savon-argile-verte\/"},"modified":"2026-01-06T11:32:26","modified_gmt":"2026-01-06T10:32:26","slug":"savon-argile-verte","status":"publish","type":"product","link":"https:\/\/savonnerie-marseillaise.com\/fr\/produit\/savon-argile-verte\/","title":{"rendered":"Savon \u00e0 l&rsquo;argile verte 2"},"content":{"rendered":"<p>Conseils d&rsquo;utilisation :<br \/>\nFaites mousser le savon entre vos mains humides, appliquez d\u00e9licatement sur le visage en \u00e9vitant le contour des yeux, puis rincez abondamment \u00e0 l\u2019eau ti\u00e8de.<\/p>\n","protected":false},"excerpt":{"rendered":"<p>Id\u00e9ale pour les peaux grasses, ce savon \u00e0 l&rsquo;argile verte purifie et absorbe l&rsquo;exc\u00e8s de s\u00e9bum. Il aide \u00e0 r\u00e9\u00e9quilibrer la peau tout en lui offrant une agr\u00e9able sensation de fra\u00eecheur.<\/p>\n<p>Disponible \u00e0 l&rsquo;unit\u00e9 ou en lot de 3.<\/p>\n","protected":false},"featured_media":635,"comment_status":"open","ping_status":"closed","template":"","meta":{"inline_featured_image":false,"wds_primary_product_brand":0,"wds_primary_product_cat":0},"product_brand":[],"product_cat":[70],"product_tag":[],"class_list":{"0":"post-1533","1":"product","2":"type-product","3":"status-publish","4":"has-post-thumbnail","6":"product_cat-non-classe","7":"description-off","9":"first","10":"instock","11":"taxable","12":"shipping-taxable","13":"purchasable","14":"product-type-variable"},"_links":{"self":[{"href":"https:\/\/savonnerie-marseillaise.com\/fr\/wp-json\/wp\/v2\/product\/1533","targetHints":{"allow":["GET"]}}],"collection":[{"href":"https:\/\/savonnerie-marseillaise.com\/fr\/wp-json\/wp\/v2\/product"}],"about":[{"href":"https:\/\/savonnerie-marseillaise.com\/fr\/wp-json\/wp\/v2\/types\/product"}],"replies":[{"embeddable":true,"href":"https:\/\/savonnerie-marseillaise.com\/fr\/wp-json\/wp\/v2\/comments?post=1533"}],"wp:featuredmedia":[{"embeddable":true,"href":"https:\/\/savonnerie-marseillaise.com\/fr\/wp-json\/wp\/v2\/media\/635"}],"wp:attachment":[{"href":"https:\/\/savonnerie-marseillaise.com\/fr\/wp-json\/wp\/v2\/media?parent=1533"}],"wp:term":[{"taxonomy":"product_brand","embeddable":true,"href":"https:\/\/savonnerie-marseillaise.com\/fr\/wp-json\/wp\/v2\/product_brand?post=1533"},{"taxonomy":"product_cat","embeddable":true,"href":"https:\/\/savonnerie-marseillaise.com\/fr\/wp-json\/wp\/v2\/product_cat?post=1533"},{"taxonomy":"product_tag","embeddable":true,"href":"https:\/\/savonnerie-marseillaise.com\/fr\/wp-json\/wp\/v2\/product_tag?post=1533"}],"curies":[{"name":"wp","href":"https:\/\/api.w.org\/{rel}","templated":true}]}}