{"id":1839,"date":"2026-01-28T14:25:19","date_gmt":"2026-01-28T13:25:19","guid":{"rendered":"https:\/\/savonnerie-marseillaise.com\/?post_type=product&#038;p=1839"},"modified":"2026-01-28T15:01:07","modified_gmt":"2026-01-28T14:01:07","slug":"shampoing-naturel","status":"publish","type":"product","link":"https:\/\/savonnerie-marseillaise.com\/fr\/produit\/shampoing-naturel\/","title":{"rendered":"Shampoing solide"},"content":{"rendered":"<div class=\"wpb-content-wrapper\"><div class=\"vc_row wpb_row vc_row-fluid\"><div class=\"wpb_column vc_column_container vc_col-sm-12\"><div class=\"vc_column-inner\"><div class=\"wpb_wrapper\">\n\t<div class=\"wpb_text_column wpb_content_element \" >\n\t\t<div class=\"wpb_wrapper\">\n\t\t\t<p>Conseils d&rsquo;utilisation :<\/p>\n<p>Mouillez les cheveux, frottez le shampoing solide directement sur les cheveux ou faites-le mousser entre les mains, appliquez la mousse sur le cuir chevelu et les cheveux en massant, puis rincez abondamment. R\u00e9p\u00e9tez si n\u00e9cessaire.<\/p>\n<p>Nomenclature douane : 33049900<\/p>\n\n\t\t<\/div>\n\t<\/div>\n<\/div><\/div><\/div><\/div>\n<\/div>","protected":false},"excerpt":{"rendered":"<p>Shampoing solide naturel formul\u00e9 \u00e0 base d\u2019huile d\u2019olive, d\u2019huile de jojoba et d\u2019huile de ricin, il nettoie en douceur les cheveux et le cuir chevelu. Sa formule nourrissante aide \u00e0 r\u00e9parer la fibre capillaire et laisse les cheveux doux, brillants et revitalis\u00e9s. Il hydrate intens\u00e9ment le cuir chevelu et procure une agr\u00e9able sensation de confort et de fra\u00eecheur. Un soin id\u00e9al pour une routine capillaire naturelle et quotidienne.<\/p>\n","protected":false},"featured_media":1840,"comment_status":"closed","ping_status":"closed","template":"","meta":{"inline_featured_image":false,"wds_primary_product_brand":0,"wds_primary_product_cat":0},"product_brand":[],"product_cat":[93,113],"product_tag":[35],"class_list":{"0":"post-1839","1":"product","2":"type-product","3":"status-publish","4":"has-post-thumbnail","6":"product_cat-soins","7":"product_cat-soins-solides","8":"product_tag-blanc","9":"description-off","11":"first","12":"instock","13":"taxable","14":"shipping-taxable","15":"purchasable","16":"product-type-simple"},"_links":{"self":[{"href":"https:\/\/savonnerie-marseillaise.com\/fr\/wp-json\/wp\/v2\/product\/1839","targetHints":{"allow":["GET"]}}],"collection":[{"href":"https:\/\/savonnerie-marseillaise.com\/fr\/wp-json\/wp\/v2\/product"}],"about":[{"href":"https:\/\/savonnerie-marseillaise.com\/fr\/wp-json\/wp\/v2\/types\/product"}],"replies":[{"embeddable":true,"href":"https:\/\/savonnerie-marseillaise.com\/fr\/wp-json\/wp\/v2\/comments?post=1839"}],"wp:featuredmedia":[{"embeddable":true,"href":"https:\/\/savonnerie-marseillaise.com\/fr\/wp-json\/wp\/v2\/media\/1840"}],"wp:attachment":[{"href":"https:\/\/savonnerie-marseillaise.com\/fr\/wp-json\/wp\/v2\/media?parent=1839"}],"wp:term":[{"taxonomy":"product_brand","embeddable":true,"href":"https:\/\/savonnerie-marseillaise.com\/fr\/wp-json\/wp\/v2\/product_brand?post=1839"},{"taxonomy":"product_cat","embeddable":true,"href":"https:\/\/savonnerie-marseillaise.com\/fr\/wp-json\/wp\/v2\/product_cat?post=1839"},{"taxonomy":"product_tag","embeddable":true,"href":"https:\/\/savonnerie-marseillaise.com\/fr\/wp-json\/wp\/v2\/product_tag?post=1839"}],"curies":[{"name":"wp","href":"https:\/\/api.w.org\/{rel}","templated":true}]}}