{"id":3,"date":"2025-01-16T12:33:33","date_gmt":"2025-01-16T11:33:33","guid":{"rendered":"https:\/\/savonnerie-marseillaise.com\/product\/porte-savon-en-faience-vert-pastel\/"},"modified":"2025-11-25T11:27:01","modified_gmt":"2025-11-25T10:27:01","slug":"porte-savon-en-faience-vert-pastel","status":"publish","type":"product","link":"https:\/\/savonnerie-marseillaise.com\/fr\/produit\/porte-savon-en-faience-vert-pastel\/","title":{"rendered":"Porte-savon en fa\u00efence Vert Pastel"},"content":{"rendered":"<p><em>Existe en plusieurs coloris.<\/em><\/p>\n","protected":false},"excerpt":{"rendered":"<div id=\"product-description-short-518\" class=\"short-desc\">\n<p>Fabriqu\u00e9 par un artisan proven\u00e7al, le porte-savon en fa\u00efence marqu\u00e9 du tampon de La Savonnerie Marseillaise se mariera parfaitement avec toutes vos savonnettes et salles de bain.<\/p>\n<\/div>\n<div class=\"product-actions\">\n<div class=\"product-variants\">\n<div class=\"hookDisplayGuide\"><\/div>\n<div class=\"clearfix product-variants-item\"><\/div>\n<\/div>\n<\/div>\n","protected":false},"featured_media":4,"comment_status":"open","ping_status":"closed","template":"","meta":{"inline_featured_image":false,"wds_primary_product_brand":0,"wds_primary_product_cat":0},"product_brand":[],"product_cat":[3],"product_tag":[],"class_list":{"0":"post-3","1":"product","2":"type-product","3":"status-publish","4":"has-post-thumbnail","6":"product_cat-porte-savon","7":"product_shipping_class-small","8":"description-off","10":"first","11":"instock","12":"taxable","13":"shipping-taxable","14":"purchasable","15":"product-type-simple"},"_links":{"self":[{"href":"https:\/\/savonnerie-marseillaise.com\/fr\/wp-json\/wp\/v2\/product\/3","targetHints":{"allow":["GET"]}}],"collection":[{"href":"https:\/\/savonnerie-marseillaise.com\/fr\/wp-json\/wp\/v2\/product"}],"about":[{"href":"https:\/\/savonnerie-marseillaise.com\/fr\/wp-json\/wp\/v2\/types\/product"}],"replies":[{"embeddable":true,"href":"https:\/\/savonnerie-marseillaise.com\/fr\/wp-json\/wp\/v2\/comments?post=3"}],"wp:featuredmedia":[{"embeddable":true,"href":"https:\/\/savonnerie-marseillaise.com\/fr\/wp-json\/wp\/v2\/media\/4"}],"wp:attachment":[{"href":"https:\/\/savonnerie-marseillaise.com\/fr\/wp-json\/wp\/v2\/media?parent=3"}],"wp:term":[{"taxonomy":"product_brand","embeddable":true,"href":"https:\/\/savonnerie-marseillaise.com\/fr\/wp-json\/wp\/v2\/product_brand?post=3"},{"taxonomy":"product_cat","embeddable":true,"href":"https:\/\/savonnerie-marseillaise.com\/fr\/wp-json\/wp\/v2\/product_cat?post=3"},{"taxonomy":"product_tag","embeddable":true,"href":"https:\/\/savonnerie-marseillaise.com\/fr\/wp-json\/wp\/v2\/product_tag?post=3"}],"curies":[{"name":"wp","href":"https:\/\/api.w.org\/{rel}","templated":true}]}}