{"id":33,"date":"2025-03-12T15:10:47","date_gmt":"2025-03-12T14:10:47","guid":{"rendered":"https:\/\/savonnerie-marseillaise.com\/product\/savonnette-passion\/"},"modified":"2025-03-24T12:17:26","modified_gmt":"2025-03-24T11:17:26","slug":"savonnette-passion","status":"publish","type":"product","link":"https:\/\/savonnerie-marseillaise.com\/fr\/produit\/savonnette-passion\/","title":{"rendered":"Savonnette Passion"},"content":{"rendered":"<p>Conseils d\u2019utilisation :<br \/>\nHumidifiez votre peau, puis faites glisser la savonnette directement sur le corps ou entre vos mains pour cr\u00e9er une mousse g\u00e9n\u00e9reuse. Appliquez par de l\u00e9gers mouvements circulaires, puis rincez abondamment \u00e0 l\u2019eau claire. Convient \u00e0 tous les types de peau pour une utilisation quotidienne.<\/p>\n","protected":false},"excerpt":{"rendered":"<p>Offrez-vous une \u00e9vasion exotique avec le parfum envo\u00fbtant du fruit de la passion, une fragrance de Grasse fruit\u00e9e et lumineuse. Ce savon hydrate et adoucit votre peau avec un parfum irr\u00e9sistible.<\/p>\n","protected":false},"featured_media":127,"comment_status":"closed","ping_status":"closed","template":"","meta":{"inline_featured_image":false,"wds_primary_product_brand":0,"wds_primary_product_cat":0},"product_brand":[],"product_cat":[46,21],"product_tag":[22],"class_list":{"0":"post-33","1":"product","2":"type-product","3":"status-publish","4":"has-post-thumbnail","6":"product_cat-savon-parfumee","7":"product_cat-savonnette-parfumee","8":"product_tag-orange","9":"description-off","11":"first","12":"instock","13":"taxable","14":"shipping-taxable","15":"purchasable","16":"product-type-simple"},"_links":{"self":[{"href":"https:\/\/savonnerie-marseillaise.com\/fr\/wp-json\/wp\/v2\/product\/33","targetHints":{"allow":["GET"]}}],"collection":[{"href":"https:\/\/savonnerie-marseillaise.com\/fr\/wp-json\/wp\/v2\/product"}],"about":[{"href":"https:\/\/savonnerie-marseillaise.com\/fr\/wp-json\/wp\/v2\/types\/product"}],"replies":[{"embeddable":true,"href":"https:\/\/savonnerie-marseillaise.com\/fr\/wp-json\/wp\/v2\/comments?post=33"}],"wp:featuredmedia":[{"embeddable":true,"href":"https:\/\/savonnerie-marseillaise.com\/fr\/wp-json\/wp\/v2\/media\/127"}],"wp:attachment":[{"href":"https:\/\/savonnerie-marseillaise.com\/fr\/wp-json\/wp\/v2\/media?parent=33"}],"wp:term":[{"taxonomy":"product_brand","embeddable":true,"href":"https:\/\/savonnerie-marseillaise.com\/fr\/wp-json\/wp\/v2\/product_brand?post=33"},{"taxonomy":"product_cat","embeddable":true,"href":"https:\/\/savonnerie-marseillaise.com\/fr\/wp-json\/wp\/v2\/product_cat?post=33"},{"taxonomy":"product_tag","embeddable":true,"href":"https:\/\/savonnerie-marseillaise.com\/fr\/wp-json\/wp\/v2\/product_tag?post=33"}],"curies":[{"name":"wp","href":"https:\/\/api.w.org\/{rel}","templated":true}]}}