{"id":37,"date":"2025-03-12T15:10:52","date_gmt":"2025-03-12T14:10:52","guid":{"rendered":"https:\/\/savonnerie-marseillaise.com\/product\/savonnette-rose-exfoliante\/"},"modified":"2025-11-09T16:02:01","modified_gmt":"2025-11-09T15:02:01","slug":"savonnette-rose-exfoliante","status":"publish","type":"product","link":"https:\/\/savonnerie-marseillaise.com\/fr\/produit\/savonnette-rose-exfoliante\/","title":{"rendered":"Savonnette Rose Exfoliante"},"content":{"rendered":"<p>Conseils d\u2019utilisation (Corps &amp; Mains) :<br \/>\n\u2022Sur le corps : Utilisez la savonnette sur peau mouill\u00e9e, en massant avec des mouvements circulaires pour exfolier en douceur et \u00e9liminer les cellules mortes. Insistez sur les zones rugueuses comme les coudes, genoux et talons.<br \/>\n\u2022Pour les mains : Faites mousser entre vos mains pour profiter de son effet exfoliant l\u00e9ger, id\u00e9al pour une douceur durable.<br \/>\n\u2022Rin\u00e7age : Rincez abondamment \u00e0 l\u2019eau ti\u00e8de et profitez de la sensation de peau douce et nourrie gr\u00e2ce au beurre de karit\u00e9.<br \/>\n\u2022Usage : Adapt\u00e9e \u00e0 un usage quotidien pour les mains et 1 \u00e0 2 fois par semaine sur le corps pour une exfoliation optimale.<\/p>\n","protected":false},"excerpt":{"rendered":"<p>Offrez-vous un moment de douceur et de raffinement avec notre savonnette exfoliante \u00e0 la rose, enrichie en beurre de karit\u00e9. Son parfum envo\u00fbtant et d\u00e9licat de rose, inspir\u00e9 des essences de Grasse, enveloppe vos sens tandis que ses morceaux de p\u00e9tales de rose exfolient doucement votre peau. Id\u00e9ale pour un soin d\u00e9licat qui nettoie, exfolie et hydrate en un seul geste.<\/p>\n","protected":false},"featured_media":38,"comment_status":"closed","ping_status":"closed","template":"","meta":{"inline_featured_image":false,"wds_primary_product_brand":0,"wds_primary_product_cat":0},"product_brand":[],"product_cat":[46,21],"product_tag":[25,26],"class_list":{"0":"post-37","1":"product","2":"type-product","3":"status-publish","4":"has-post-thumbnail","6":"product_cat-savon-parfumee","7":"product_cat-savonnette-parfumee","8":"product_tag-marron","9":"product_tag-rose","10":"description-off","12":"first","13":"instock","14":"taxable","15":"shipping-taxable","16":"purchasable","17":"product-type-simple"},"_links":{"self":[{"href":"https:\/\/savonnerie-marseillaise.com\/fr\/wp-json\/wp\/v2\/product\/37","targetHints":{"allow":["GET"]}}],"collection":[{"href":"https:\/\/savonnerie-marseillaise.com\/fr\/wp-json\/wp\/v2\/product"}],"about":[{"href":"https:\/\/savonnerie-marseillaise.com\/fr\/wp-json\/wp\/v2\/types\/product"}],"replies":[{"embeddable":true,"href":"https:\/\/savonnerie-marseillaise.com\/fr\/wp-json\/wp\/v2\/comments?post=37"}],"wp:featuredmedia":[{"embeddable":true,"href":"https:\/\/savonnerie-marseillaise.com\/fr\/wp-json\/wp\/v2\/media\/38"}],"wp:attachment":[{"href":"https:\/\/savonnerie-marseillaise.com\/fr\/wp-json\/wp\/v2\/media?parent=37"}],"wp:term":[{"taxonomy":"product_brand","embeddable":true,"href":"https:\/\/savonnerie-marseillaise.com\/fr\/wp-json\/wp\/v2\/product_brand?post=37"},{"taxonomy":"product_cat","embeddable":true,"href":"https:\/\/savonnerie-marseillaise.com\/fr\/wp-json\/wp\/v2\/product_cat?post=37"},{"taxonomy":"product_tag","embeddable":true,"href":"https:\/\/savonnerie-marseillaise.com\/fr\/wp-json\/wp\/v2\/product_tag?post=37"}],"curies":[{"name":"wp","href":"https:\/\/api.w.org\/{rel}","templated":true}]}}