{"id":375,"date":"2025-03-20T11:14:13","date_gmt":"2025-03-20T10:14:13","guid":{"rendered":"https:\/\/savonnerie-marseillaise.com\/produit\/evasion-hawai-creme-mains\/"},"modified":"2025-12-23T11:44:17","modified_gmt":"2025-12-23T10:44:17","slug":"evasion-hawai-creme-mains","status":"publish","type":"product","link":"https:\/\/savonnerie-marseillaise.com\/fr\/produit\/evasion-hawai-creme-mains\/","title":{"rendered":"EVASION &#8211; Hawa\u00ef &#8211; Cr\u00e8me mains"},"content":{"rendered":"<p><span data-sheets-root=\"1\">Conseils d&rsquo;utilisation :<\/span><\/p>\n<p>Appliquer en massage sur les mains aussi souvent que n\u00e9cessaire.<\/p>\n","protected":false},"excerpt":{"rendered":"<p><span data-sheets-root=\"1\">Apportez un rayon de soleil \u00e0 vos mains avec la cr\u00e8me Hawa\u00ef. Sa texture riche et nourrissante r\u00e9pare les peaux s\u00e8ches tout en d\u00e9posant un d\u00e9licat parfum de mono\u00ef. Offrez \u00e0 vos mains une hydratation intense et une touche d\u2019exotisme \u00e0 emporter partout avec vous.<br \/>\n<\/span><\/p>\n","protected":false},"featured_media":376,"comment_status":"closed","ping_status":"closed","template":"","meta":{"inline_featured_image":false,"wds_primary_product_brand":0,"wds_primary_product_cat":0},"product_brand":[],"product_cat":[91,92,93],"product_tag":[26],"class_list":{"0":"post-375","1":"product","2":"type-product","3":"status-publish","4":"has-post-thumbnail","6":"product_cat-evasion","7":"product_cat-evasion-hawai","8":"product_cat-soins","9":"product_tag-rose","10":"description-off","12":"first","13":"instock","14":"taxable","15":"shipping-taxable","16":"purchasable","17":"product-type-simple"},"_links":{"self":[{"href":"https:\/\/savonnerie-marseillaise.com\/fr\/wp-json\/wp\/v2\/product\/375","targetHints":{"allow":["GET"]}}],"collection":[{"href":"https:\/\/savonnerie-marseillaise.com\/fr\/wp-json\/wp\/v2\/product"}],"about":[{"href":"https:\/\/savonnerie-marseillaise.com\/fr\/wp-json\/wp\/v2\/types\/product"}],"replies":[{"embeddable":true,"href":"https:\/\/savonnerie-marseillaise.com\/fr\/wp-json\/wp\/v2\/comments?post=375"}],"wp:featuredmedia":[{"embeddable":true,"href":"https:\/\/savonnerie-marseillaise.com\/fr\/wp-json\/wp\/v2\/media\/376"}],"wp:attachment":[{"href":"https:\/\/savonnerie-marseillaise.com\/fr\/wp-json\/wp\/v2\/media?parent=375"}],"wp:term":[{"taxonomy":"product_brand","embeddable":true,"href":"https:\/\/savonnerie-marseillaise.com\/fr\/wp-json\/wp\/v2\/product_brand?post=375"},{"taxonomy":"product_cat","embeddable":true,"href":"https:\/\/savonnerie-marseillaise.com\/fr\/wp-json\/wp\/v2\/product_cat?post=375"},{"taxonomy":"product_tag","embeddable":true,"href":"https:\/\/savonnerie-marseillaise.com\/fr\/wp-json\/wp\/v2\/product_tag?post=375"}],"curies":[{"name":"wp","href":"https:\/\/api.w.org\/{rel}","templated":true}]}}