{"id":381,"date":"2025-03-13T16:27:33","date_gmt":"2025-03-13T15:27:33","guid":{"rendered":"https:\/\/savonnerie-marseillaise.com\/produit\/barre-masque-au-lait-danesse\/"},"modified":"2025-03-24T12:16:05","modified_gmt":"2025-03-24T11:16:05","slug":"barre-masque-au-lait-danesse","status":"publish","type":"product","link":"https:\/\/savonnerie-marseillaise.com\/fr\/produit\/barre-masque-au-lait-danesse\/","title":{"rendered":"Barre MASQUE AU LAIT D&rsquo;\u00c2NESSE"},"content":{"rendered":"<p>Conseils d&rsquo;utilisation :<\/p>\n<p>Utilisez le savon visage au lait d\u2019\u00e2nesse, \u00e0 l\u2019eau de concombre et \u00e0 l\u2019argile blanche comme un nettoyant quotidien ou un masque selon vos besoins.<br \/>\n\u2022 En nettoyant : Faites mousser le savon entre vos mains humides, appliquez d\u00e9licatement sur le visage en \u00e9vitant le contour des yeux, puis rincez abondamment \u00e0 l\u2019eau ti\u00e8de.<br \/>\n\u2022 En masque : Appliquez une fine couche de mousse sur le visage propre et laissez poser 2 \u00e0 3 minutes avant de rincer. <\/p>\n<p>Ce rituel purifie en profondeur et apporte \u00e9clat et confort votre peau.<\/p>\n","protected":false},"excerpt":{"rendered":"<p>D\u00e9couvrez le lot de savon 2-en-1 nettoie et purifie la peau en douceur. L\u2019argile blanche purifie, assainit et redonne un aspect lisse \u00e0 la peau. L\u2019eau de concombre resserre les pores, hydrate en pro-fondeur et ravive l\u2019\u00e9clat du teint. Enfin, le lait d\u2019\u00e2nesse reconnu pour ses bienfaits depuis l\u2019Antiquit\u00e9, apporte une hydratation intense, favorise la r\u00e9g\u00e9n\u00e9ration de la peau et laisse un toucher soyeux. Id\u00e9al pour un soin complet, il offre une peau douce, lumineuse et revitalis\u00e9e.<\/p>\n","protected":false},"featured_media":382,"comment_status":"closed","ping_status":"closed","template":"","meta":{"inline_featured_image":false,"wds_primary_product_brand":0,"wds_primary_product_cat":0},"product_brand":[],"product_cat":[54,94],"product_tag":[35],"class_list":{"0":"post-381","1":"product","2":"type-product","3":"status-publish","4":"has-post-thumbnail","6":"product_cat-coffret-savon","7":"product_cat-soin-du-corps","8":"product_tag-blanc","9":"description-off","11":"first","12":"instock","13":"taxable","14":"shipping-taxable","15":"purchasable","16":"product-type-simple"},"_links":{"self":[{"href":"https:\/\/savonnerie-marseillaise.com\/fr\/wp-json\/wp\/v2\/product\/381","targetHints":{"allow":["GET"]}}],"collection":[{"href":"https:\/\/savonnerie-marseillaise.com\/fr\/wp-json\/wp\/v2\/product"}],"about":[{"href":"https:\/\/savonnerie-marseillaise.com\/fr\/wp-json\/wp\/v2\/types\/product"}],"replies":[{"embeddable":true,"href":"https:\/\/savonnerie-marseillaise.com\/fr\/wp-json\/wp\/v2\/comments?post=381"}],"wp:featuredmedia":[{"embeddable":true,"href":"https:\/\/savonnerie-marseillaise.com\/fr\/wp-json\/wp\/v2\/media\/382"}],"wp:attachment":[{"href":"https:\/\/savonnerie-marseillaise.com\/fr\/wp-json\/wp\/v2\/media?parent=381"}],"wp:term":[{"taxonomy":"product_brand","embeddable":true,"href":"https:\/\/savonnerie-marseillaise.com\/fr\/wp-json\/wp\/v2\/product_brand?post=381"},{"taxonomy":"product_cat","embeddable":true,"href":"https:\/\/savonnerie-marseillaise.com\/fr\/wp-json\/wp\/v2\/product_cat?post=381"},{"taxonomy":"product_tag","embeddable":true,"href":"https:\/\/savonnerie-marseillaise.com\/fr\/wp-json\/wp\/v2\/product_tag?post=381"}],"curies":[{"name":"wp","href":"https:\/\/api.w.org\/{rel}","templated":true}]}}