{"id":387,"date":"2025-03-13T16:27:33","date_gmt":"2025-03-13T15:27:33","guid":{"rendered":"https:\/\/savonnerie-marseillaise.com\/produit\/coffret-duo-savon-de-marseille\/"},"modified":"2025-03-24T12:16:05","modified_gmt":"2025-03-24T11:16:05","slug":"coffret-duo-savon-de-marseille","status":"publish","type":"product","link":"https:\/\/savonnerie-marseillaise.com\/fr\/produit\/coffret-duo-savon-de-marseille\/","title":{"rendered":"Coffret duo SAVON DE MARSEILLE"},"content":{"rendered":"<p>Conseils d&rsquo;utilisation :<\/p>\n<p>Savon de Marseille \u00e0 l&rsquo;huile d&rsquo;olive :<br \/>\nHumidifiez votre peau, puis faites glisser le savon directement sur le corps ou entre vos mains pour cr\u00e9er une mousse g\u00e9n\u00e9reuse. Appliquez par de l\u00e9gers mouvements circulaires, puis rincez abondamment \u00e0 l\u2019eau claire. Convient \u00e0 tous les types de peau pour une utilisation quotidienne.<\/p>\n<p>Savon de Marseille blanc :<br \/>\nPour les textiles :<br \/>\n-D\u00e9tachant main : Humidifiez votre savon et frottez directement sur les zones tach\u00e9es. Laissez agir 1h, puis passez le linge en machine.<br \/>\n-Lessiver \u00e0 la main : Mouillez votre linge et votre savon et frottez directement sur l\u2019ensemble du textile. Laissez agir quelques minutes et rincez \u00e0 l\u2019eau claire.<br \/>\nLessiver en machine : retrouvez notre recette en suivant le lien ci-dessous :<br \/>\nwww.recettelessive.com<br \/>\nPour le nettoyage des surfaces :<br \/>\n-Sols et carrelages : diluez un peu de savon r\u00e2p\u00e9 dans un seau d\u2019eau chaude, m\u00e9langez, puis nettoyez avec une serpill\u00e8re.<br \/>\n-Placards et plan de travail : frottez une \u00e9ponge humidifi\u00e9e \u00e0 l\u2019eau chaude sur le savon, appliquez sur la surface, puis rincez avec un chiffon propre et humide.<\/p>\n","protected":false},"excerpt":{"rendered":"<p>L&rsquo;alliance parfaite entre tradition et efficacit\u00e9 avec deux savons de Marseille incontournables :<\/p>\n<p>Le savon vert \u00e0 l&rsquo;huile d&rsquo;olive, hypoallerg\u00e9nique et doux pour tout le corps, nourrissant et protecteur pour la peau.<br \/>\nLe savon blanc, id\u00e9al pour la maison gr\u00e2ce \u00e0 sa composition naturelle qui nettoie en profondeur.<\/p>\n<p>Un essentiel du quotidien, appr\u00e9ci\u00e9 pour sa simplicit\u00e9 et son efficacit\u00e9.<\/p>\n","protected":false},"featured_media":388,"comment_status":"closed","ping_status":"closed","template":"","meta":{"inline_featured_image":false,"wds_primary_product_brand":0,"wds_primary_product_cat":0},"product_brand":[],"product_cat":[54,55],"product_tag":[33],"class_list":{"0":"post-387","1":"product","2":"type-product","3":"status-publish","4":"has-post-thumbnail","6":"product_cat-coffret-savon","7":"product_cat-coffrets-savons","8":"product_tag-jaune","9":"description-off","11":"first","12":"instock","13":"taxable","14":"shipping-taxable","15":"purchasable","16":"product-type-simple"},"_links":{"self":[{"href":"https:\/\/savonnerie-marseillaise.com\/fr\/wp-json\/wp\/v2\/product\/387","targetHints":{"allow":["GET"]}}],"collection":[{"href":"https:\/\/savonnerie-marseillaise.com\/fr\/wp-json\/wp\/v2\/product"}],"about":[{"href":"https:\/\/savonnerie-marseillaise.com\/fr\/wp-json\/wp\/v2\/types\/product"}],"replies":[{"embeddable":true,"href":"https:\/\/savonnerie-marseillaise.com\/fr\/wp-json\/wp\/v2\/comments?post=387"}],"wp:featuredmedia":[{"embeddable":true,"href":"https:\/\/savonnerie-marseillaise.com\/fr\/wp-json\/wp\/v2\/media\/388"}],"wp:attachment":[{"href":"https:\/\/savonnerie-marseillaise.com\/fr\/wp-json\/wp\/v2\/media?parent=387"}],"wp:term":[{"taxonomy":"product_brand","embeddable":true,"href":"https:\/\/savonnerie-marseillaise.com\/fr\/wp-json\/wp\/v2\/product_brand?post=387"},{"taxonomy":"product_cat","embeddable":true,"href":"https:\/\/savonnerie-marseillaise.com\/fr\/wp-json\/wp\/v2\/product_cat?post=387"},{"taxonomy":"product_tag","embeddable":true,"href":"https:\/\/savonnerie-marseillaise.com\/fr\/wp-json\/wp\/v2\/product_tag?post=387"}],"curies":[{"name":"wp","href":"https:\/\/api.w.org\/{rel}","templated":true}]}}