{"id":389,"date":"2025-03-13T16:27:33","date_gmt":"2025-03-13T15:27:33","guid":{"rendered":"https:\/\/savonnerie-marseillaise.com\/produit\/coffret-escapade\/"},"modified":"2025-03-24T12:16:06","modified_gmt":"2025-03-24T11:16:06","slug":"coffret-escapade","status":"publish","type":"product","link":"https:\/\/savonnerie-marseillaise.com\/fr\/produit\/coffret-escapade\/","title":{"rendered":"Coffret ESCAPADE"},"content":{"rendered":"<p><span data-sheets-root=\"1\">\u00c9vadez-vous au c\u0153ur d&rsquo;un rituel sensoriel avec notre coffret Escapade, une alliance de douceur et de textures qui se d\u00e9cline en cinq univers parfum\u00e9s.<br \/>\nAccompagn\u00e9 de son porte-savon artisanal, ce coffret allie \u00e9l\u00e9gance et praticit\u00e9.<br \/>\n<\/span><\/p>\n","protected":false},"excerpt":{"rendered":"<p><span data-sheets-root=\"1\">D\u00e9couvrez nos assortiments :<\/span><\/p>\n<p>Bo\u00eete Rose : Gel lavant framboise, savonnette framboise et porte-savon rose clair.<br \/>\nBo\u00eete Bleue : Gel lavant mono\u00ef, savonnette mono\u00ef et porte-savon clair.<br \/>\nBo\u00eete Mauve : Gel lavant rose, savonnette rose exfoliante et porte-savon mauve.<br \/>\nBo\u00eete Verte 1 : Gel lavant karit\u00e9, savonnette karit\u00e9 et porte-savon vert fonc\u00e9.<br \/>\nBo\u00eete Verte 2 : Gel lavant figue, savonnette olive et porte-savon vert clair.<\/p>\n<p>Conseils d&rsquo;utilisation :<\/p>\n<p>Gel lavant : Humidifiez votre peau, puis appliquer le gel directement sur le corps ou entre vos mains pour cr\u00e9er une mousse g\u00e9n\u00e9reuse. Appliquez par de l\u00e9gers mouvements cir-culaires, puis rincez abondamment \u00e0 l\u2019eau claire. Convient \u00e0 tous les types de peau pour une utilisation quotidienne.<br \/>\nSavon : Humidifiez votre peau, puis faites glisser le savon directement sur le corps ou entre vos mains pour cr\u00e9er une mousse g\u00e9n\u00e9reuse. Appliquez par de l\u00e9gers mouvements circulaires, puis rincez abondamment \u00e0 l\u2019eau claire. Convient \u00e0 tous les types de peau pour une utilisation quotidienne.<\/p>\n","protected":false},"featured_media":390,"comment_status":"closed","ping_status":"closed","template":"","meta":{"inline_featured_image":false,"wds_primary_product_brand":0,"wds_primary_product_cat":0},"product_brand":[],"product_cat":[54,55],"product_tag":[26],"class_list":{"0":"post-389","1":"product","2":"type-product","3":"status-publish","4":"has-post-thumbnail","6":"product_cat-coffret-savon","7":"product_cat-coffrets-savons","8":"product_tag-rose","9":"description-off","11":"first","12":"instock","13":"taxable","14":"shipping-taxable","15":"purchasable","16":"product-type-variable"},"_links":{"self":[{"href":"https:\/\/savonnerie-marseillaise.com\/fr\/wp-json\/wp\/v2\/product\/389","targetHints":{"allow":["GET"]}}],"collection":[{"href":"https:\/\/savonnerie-marseillaise.com\/fr\/wp-json\/wp\/v2\/product"}],"about":[{"href":"https:\/\/savonnerie-marseillaise.com\/fr\/wp-json\/wp\/v2\/types\/product"}],"replies":[{"embeddable":true,"href":"https:\/\/savonnerie-marseillaise.com\/fr\/wp-json\/wp\/v2\/comments?post=389"}],"wp:featuredmedia":[{"embeddable":true,"href":"https:\/\/savonnerie-marseillaise.com\/fr\/wp-json\/wp\/v2\/media\/390"}],"wp:attachment":[{"href":"https:\/\/savonnerie-marseillaise.com\/fr\/wp-json\/wp\/v2\/media?parent=389"}],"wp:term":[{"taxonomy":"product_brand","embeddable":true,"href":"https:\/\/savonnerie-marseillaise.com\/fr\/wp-json\/wp\/v2\/product_brand?post=389"},{"taxonomy":"product_cat","embeddable":true,"href":"https:\/\/savonnerie-marseillaise.com\/fr\/wp-json\/wp\/v2\/product_cat?post=389"},{"taxonomy":"product_tag","embeddable":true,"href":"https:\/\/savonnerie-marseillaise.com\/fr\/wp-json\/wp\/v2\/product_tag?post=389"}],"curies":[{"name":"wp","href":"https:\/\/api.w.org\/{rel}","templated":true}]}}