{"id":400,"date":"2025-03-13T16:27:33","date_gmt":"2025-03-13T15:27:33","guid":{"rendered":"https:\/\/savonnerie-marseillaise.com\/produit\/barre-savon-au-lait-danesse\/"},"modified":"2025-03-24T12:16:06","modified_gmt":"2025-03-24T11:16:06","slug":"barre-savon-au-lait-danesse","status":"publish","type":"product","link":"https:\/\/savonnerie-marseillaise.com\/fr\/produit\/barre-savon-au-lait-danesse\/","title":{"rendered":"Barre SAVON AU LAIT D&rsquo;\u00c2NESSE"},"content":{"rendered":"<p>Conseils d&rsquo;utilisation :<\/p>\n<p>Savon : Frottez la savonnette entre vos mains mouill\u00e9es ou une \u00e9ponge pour le faire mousser. Appliquez-la sur le visage puis rincez abondamment.<\/p>\n","protected":false},"excerpt":{"rendered":"<p>D\u00e9couvrez un soin revitalisant pour le visage avec notre lot de 3 savonnettes au lait d&rsquo;\u00e2nesse. Sp\u00e9cialement formul\u00e9 pour hydrater, adoucir et favoriser une bonne r\u00e9g\u00e9n\u00e9ration de la peau, le lait d\u2019\u00e2nesse apporte confort et \u00e9clat \u00e0 votre teint au quotidien. Un essentiel pour une peau douce et prot\u00e9g\u00e9e.<\/p>\n","protected":false},"featured_media":401,"comment_status":"closed","ping_status":"closed","template":"","meta":{"inline_featured_image":false,"wds_primary_product_brand":0,"wds_primary_product_cat":0},"product_brand":[],"product_cat":[54,94],"product_tag":[35],"class_list":{"0":"post-400","1":"product","2":"type-product","3":"status-publish","4":"has-post-thumbnail","6":"product_cat-coffret-savon","7":"product_cat-soin-du-corps","8":"product_tag-blanc","9":"description-off","11":"first","12":"instock","13":"taxable","14":"shipping-taxable","15":"purchasable","16":"product-type-simple"},"_links":{"self":[{"href":"https:\/\/savonnerie-marseillaise.com\/fr\/wp-json\/wp\/v2\/product\/400","targetHints":{"allow":["GET"]}}],"collection":[{"href":"https:\/\/savonnerie-marseillaise.com\/fr\/wp-json\/wp\/v2\/product"}],"about":[{"href":"https:\/\/savonnerie-marseillaise.com\/fr\/wp-json\/wp\/v2\/types\/product"}],"replies":[{"embeddable":true,"href":"https:\/\/savonnerie-marseillaise.com\/fr\/wp-json\/wp\/v2\/comments?post=400"}],"wp:featuredmedia":[{"embeddable":true,"href":"https:\/\/savonnerie-marseillaise.com\/fr\/wp-json\/wp\/v2\/media\/401"}],"wp:attachment":[{"href":"https:\/\/savonnerie-marseillaise.com\/fr\/wp-json\/wp\/v2\/media?parent=400"}],"wp:term":[{"taxonomy":"product_brand","embeddable":true,"href":"https:\/\/savonnerie-marseillaise.com\/fr\/wp-json\/wp\/v2\/product_brand?post=400"},{"taxonomy":"product_cat","embeddable":true,"href":"https:\/\/savonnerie-marseillaise.com\/fr\/wp-json\/wp\/v2\/product_cat?post=400"},{"taxonomy":"product_tag","embeddable":true,"href":"https:\/\/savonnerie-marseillaise.com\/fr\/wp-json\/wp\/v2\/product_tag?post=400"}],"curies":[{"name":"wp","href":"https:\/\/api.w.org\/{rel}","templated":true}]}}