{"id":409,"date":"2025-03-13T16:26:06","date_gmt":"2025-03-13T15:26:06","guid":{"rendered":"https:\/\/savonnerie-marseillaise.com\/produit\/coffret-douceur-en-provence\/"},"modified":"2025-03-24T12:16:07","modified_gmt":"2025-03-24T11:16:07","slug":"coffret-douceur-en-provence","status":"publish","type":"product","link":"https:\/\/savonnerie-marseillaise.com\/fr\/produit\/coffret-douceur-en-provence\/","title":{"rendered":"Coffret &#8211; DOUCEUR EN PROVENCE"},"content":{"rendered":"<p>Conseil d&rsquo;utilisation :<\/p>\n<p>Savon exfoliant : Prenez le savon en main en utilisant le c\u00f4t\u00e9 lisse pour une meilleure prise. Sur peau humide, faites des mouvements circulaires avec le c\u00f4t\u00e9 massant pour exfolier et masser simultan\u00e9ment. Insistez sur les zones cibl\u00e9es (cuisses, hanches, fesses) ou les parties plus rugueuses du corps. Rincez abondamment. \u00c0 utiliser 1 \u00e0 2 fois par semaine pour une peau lisse, tonifi\u00e9e et revitalis\u00e9e.<br \/>\nNettoyant visage : Humidifiez votre visage et faites glisser directement l savonnette sur votre peau en effectuant de l\u00e9gers mouvements circulaires. La mousse ainsi form\u00e9e nettoie en douceur tout en \u00e9liminant les impuret\u00e9s et le maquillage. Rincez abondamment \u00e0 l\u2019eau claire. Utilisez quotidiennement pour une peau nette, douce et confortable.<br \/>\nExfoliant visage : visage par des mouvements circulaires, en insistant sur les zones o\u00f9 la peau est plus \u00e9paisse (front, nez, menton). Rincez abondamment \u00e0 l\u2019eau claire. Utilisez 1 \u00e0 2 fois par semaine pour un teint \u00e9clatant et une peau douce.<\/p>\n","protected":false},"excerpt":{"rendered":"<p>Au c\u0153ur de la Provence, entre Alpes et M\u00e9diterran\u00e9e, Douceur en Provence vous offre une exp\u00e9rience sensorielle unique. Avec ce coffret, chaque soin devient un moment de pur bien-\u00eatre. Des textures enveloppantes, des parfums d\u00e9licats et des ingr\u00e9dients soigneusement s\u00e9lectionn\u00e9s pour prendre soin de votre peau tout en \u00e9veillant vos sens.<\/p>\n","protected":false},"featured_media":410,"comment_status":"closed","ping_status":"closed","template":"","meta":{"inline_featured_image":false,"wds_primary_product_brand":0,"wds_primary_product_cat":0},"product_brand":[],"product_cat":[54,94],"product_tag":[26],"class_list":{"0":"post-409","1":"product","2":"type-product","3":"status-publish","4":"has-post-thumbnail","6":"product_cat-coffret-savon","7":"product_cat-soin-du-corps","8":"product_tag-rose","9":"description-off","11":"first","12":"instock","13":"taxable","14":"shipping-taxable","15":"purchasable","16":"product-type-simple"},"_links":{"self":[{"href":"https:\/\/savonnerie-marseillaise.com\/fr\/wp-json\/wp\/v2\/product\/409","targetHints":{"allow":["GET"]}}],"collection":[{"href":"https:\/\/savonnerie-marseillaise.com\/fr\/wp-json\/wp\/v2\/product"}],"about":[{"href":"https:\/\/savonnerie-marseillaise.com\/fr\/wp-json\/wp\/v2\/types\/product"}],"replies":[{"embeddable":true,"href":"https:\/\/savonnerie-marseillaise.com\/fr\/wp-json\/wp\/v2\/comments?post=409"}],"wp:featuredmedia":[{"embeddable":true,"href":"https:\/\/savonnerie-marseillaise.com\/fr\/wp-json\/wp\/v2\/media\/410"}],"wp:attachment":[{"href":"https:\/\/savonnerie-marseillaise.com\/fr\/wp-json\/wp\/v2\/media?parent=409"}],"wp:term":[{"taxonomy":"product_brand","embeddable":true,"href":"https:\/\/savonnerie-marseillaise.com\/fr\/wp-json\/wp\/v2\/product_brand?post=409"},{"taxonomy":"product_cat","embeddable":true,"href":"https:\/\/savonnerie-marseillaise.com\/fr\/wp-json\/wp\/v2\/product_cat?post=409"},{"taxonomy":"product_tag","embeddable":true,"href":"https:\/\/savonnerie-marseillaise.com\/fr\/wp-json\/wp\/v2\/product_tag?post=409"}],"curies":[{"name":"wp","href":"https:\/\/api.w.org\/{rel}","templated":true}]}}