{"id":411,"date":"2025-03-13T16:26:06","date_gmt":"2025-03-13T15:26:06","guid":{"rendered":"https:\/\/savonnerie-marseillaise.com\/produit\/coffret-lait-danesse\/"},"modified":"2025-03-24T12:16:07","modified_gmt":"2025-03-24T11:16:07","slug":"coffret-lait-danesse","status":"publish","type":"product","link":"https:\/\/savonnerie-marseillaise.com\/fr\/produit\/coffret-lait-danesse\/","title":{"rendered":"Coffret &#8211; LAIT D&rsquo;\u00c2NESSE"},"content":{"rendered":"<p>Conseils d&rsquo;utilisation :<\/p>\n<p>Savon : Frottez la savonnette entre vos mains mouill\u00e9es ou une \u00e9ponge pour le faire mousser. Appliquez-la sur le visage puis rincez abondamment.<br \/>\nCr\u00e8me main : Appliquer en massage sur les mains aussi souvent que n\u00e9cessaire.<br \/>\nLait corporel : Appliquer apr\u00e8s la douche sur une peau encore humide pour permettre une meilleure p\u00e9n\u00e9tration du lait.<\/p>\n","protected":false},"excerpt":{"rendered":"<p>Offrez \u00e0 votre peau un v\u00e9ritable bain de douceur avec notre coffret au lait d&rsquo;\u00e2nesse. R\u00e9put\u00e9 depuis l&rsquo;Antiquit\u00e9 pour ses vertus exceptionnelles, ce tr\u00e9sor de soin hydrate intens\u00e9ment et laisse la peau infiniment douce.<\/p>\n","protected":false},"featured_media":412,"comment_status":"closed","ping_status":"closed","template":"","meta":{"inline_featured_image":false,"wds_primary_product_brand":0,"wds_primary_product_cat":0},"product_brand":[],"product_cat":[54,94],"product_tag":[34],"class_list":{"0":"post-411","1":"product","2":"type-product","3":"status-publish","4":"has-post-thumbnail","6":"product_cat-coffret-savon","7":"product_cat-soin-du-corps","8":"product_tag-bleu","9":"description-off","11":"first","12":"instock","13":"taxable","14":"shipping-taxable","15":"purchasable","16":"product-type-simple"},"_links":{"self":[{"href":"https:\/\/savonnerie-marseillaise.com\/fr\/wp-json\/wp\/v2\/product\/411","targetHints":{"allow":["GET"]}}],"collection":[{"href":"https:\/\/savonnerie-marseillaise.com\/fr\/wp-json\/wp\/v2\/product"}],"about":[{"href":"https:\/\/savonnerie-marseillaise.com\/fr\/wp-json\/wp\/v2\/types\/product"}],"replies":[{"embeddable":true,"href":"https:\/\/savonnerie-marseillaise.com\/fr\/wp-json\/wp\/v2\/comments?post=411"}],"wp:featuredmedia":[{"embeddable":true,"href":"https:\/\/savonnerie-marseillaise.com\/fr\/wp-json\/wp\/v2\/media\/412"}],"wp:attachment":[{"href":"https:\/\/savonnerie-marseillaise.com\/fr\/wp-json\/wp\/v2\/media?parent=411"}],"wp:term":[{"taxonomy":"product_brand","embeddable":true,"href":"https:\/\/savonnerie-marseillaise.com\/fr\/wp-json\/wp\/v2\/product_brand?post=411"},{"taxonomy":"product_cat","embeddable":true,"href":"https:\/\/savonnerie-marseillaise.com\/fr\/wp-json\/wp\/v2\/product_cat?post=411"},{"taxonomy":"product_tag","embeddable":true,"href":"https:\/\/savonnerie-marseillaise.com\/fr\/wp-json\/wp\/v2\/product_tag?post=411"}],"curies":[{"name":"wp","href":"https:\/\/api.w.org\/{rel}","templated":true}]}}