{"id":416,"date":"2025-03-13T16:26:06","date_gmt":"2025-03-13T15:26:06","guid":{"rendered":"https:\/\/savonnerie-marseillaise.com\/produit\/barre-mini\/"},"modified":"2025-03-24T12:16:07","modified_gmt":"2025-03-24T11:16:07","slug":"barre-mini","status":"publish","type":"product","link":"https:\/\/savonnerie-marseillaise.com\/fr\/produit\/barre-mini\/","title":{"rendered":"Barre mini"},"content":{"rendered":"<p>D\u00e9couvrez nos parfums :<\/p>\n<p>Violette, lavande, marine, fleur de coton, jasmin, fleur d&rsquo;oranger, fleur de cerisier, fraise.<\/p>\n<p>Conseils d&rsquo;utilisation :<\/p>\n<p>Humidifiez votre peau, puis faites glisser le savon directement sur le corps ou entre vos mains pour cr\u00e9er une mousse g\u00e9n\u00e9reuse. Appliquez par de l\u00e9gers mouvements circulaires, puis rincez abondamment \u00e0 l\u2019eau claire. Convient \u00e0 tous les types de peau pour une utilisation quotidienne.<\/p>\n","protected":false},"excerpt":{"rendered":"<p>Un assortiment de huit mini savonnettes hexagonales, aux couleurs et senteurs assorties, pour un plaisir parfum\u00e9 \u00e0 chaque utilisation.<\/p>\n","protected":false},"featured_media":417,"comment_status":"closed","ping_status":"closed","template":"","meta":{"inline_featured_image":false,"wds_primary_product_brand":0,"wds_primary_product_cat":0},"product_brand":[],"product_cat":[54,55],"product_tag":[],"class_list":{"0":"post-416","1":"product","2":"type-product","3":"status-publish","4":"has-post-thumbnail","6":"product_cat-coffret-savon","7":"product_cat-coffrets-savons","8":"description-off","10":"first","11":"instock","12":"taxable","13":"shipping-taxable","14":"purchasable","15":"product-type-simple"},"_links":{"self":[{"href":"https:\/\/savonnerie-marseillaise.com\/fr\/wp-json\/wp\/v2\/product\/416","targetHints":{"allow":["GET"]}}],"collection":[{"href":"https:\/\/savonnerie-marseillaise.com\/fr\/wp-json\/wp\/v2\/product"}],"about":[{"href":"https:\/\/savonnerie-marseillaise.com\/fr\/wp-json\/wp\/v2\/types\/product"}],"replies":[{"embeddable":true,"href":"https:\/\/savonnerie-marseillaise.com\/fr\/wp-json\/wp\/v2\/comments?post=416"}],"wp:featuredmedia":[{"embeddable":true,"href":"https:\/\/savonnerie-marseillaise.com\/fr\/wp-json\/wp\/v2\/media\/417"}],"wp:attachment":[{"href":"https:\/\/savonnerie-marseillaise.com\/fr\/wp-json\/wp\/v2\/media?parent=416"}],"wp:term":[{"taxonomy":"product_brand","embeddable":true,"href":"https:\/\/savonnerie-marseillaise.com\/fr\/wp-json\/wp\/v2\/product_brand?post=416"},{"taxonomy":"product_cat","embeddable":true,"href":"https:\/\/savonnerie-marseillaise.com\/fr\/wp-json\/wp\/v2\/product_cat?post=416"},{"taxonomy":"product_tag","embeddable":true,"href":"https:\/\/savonnerie-marseillaise.com\/fr\/wp-json\/wp\/v2\/product_tag?post=416"}],"curies":[{"name":"wp","href":"https:\/\/api.w.org\/{rel}","templated":true}]}}