{"id":421,"date":"2025-03-13T11:41:25","date_gmt":"2025-03-13T10:41:25","guid":{"rendered":"https:\/\/savonnerie-marseillaise.com\/produit\/brume-doreiller-lavande\/"},"modified":"2025-12-02T07:59:04","modified_gmt":"2025-12-02T06:59:04","slug":"brume-doreiller-lavande","status":"publish","type":"product","link":"https:\/\/savonnerie-marseillaise.com\/fr\/produit\/brume-doreiller-lavande\/","title":{"rendered":"Brume d&rsquo;oreiller Lavande"},"content":{"rendered":"<p>Mode d&#8217;emploi :<br \/>\nA vaporiser \u00e0 environ 30 cm de votre oreiller. Une pulverisation suffit pour un r\u00e9sultat durable.<\/p>\n<p>Nomenclature douane : 33074900<\/p>\n","protected":false},"excerpt":{"rendered":"<p>Plongez dans un univers de calme et de s\u00e9r\u00e9nit\u00e9 avec notre brume d&rsquo;oreiller \u00e0 la lavande. C e parfum d\u00e9licat, aux notes apaisantes, vous aidera \u00e0 vous d\u00e9tendre et \u00e0 trouver le sommeil plus facilement. Vaporisez votre oreiller 5 min avant d&rsquo;aller vous coucher et laissez la lavande vous envelopper pour une nuit de repos r\u00e9parateur. Parfaite pour r\u00e9duire le stress et l&rsquo;anxi\u00e9t\u00e9, cette brume est id\u00e9ale pour les nuit agit\u00e9es.<\/p>\n<p>Caract\u00e9ristiques :<br \/>\n-Parfum apaisant de lavande.<br \/>\n-Favorise la relaxation et un sommeil profond.<br \/>\n-Id\u00e9ale pour une utilisation avant le coucher.<\/p>\n","protected":false},"featured_media":422,"comment_status":"closed","ping_status":"closed","template":"","meta":{"inline_featured_image":false,"wds_primary_product_brand":0,"wds_primary_product_cat":0},"product_brand":[],"product_cat":[98,99],"product_tag":[100,39,101],"class_list":{"0":"post-421","1":"product","2":"type-product","3":"status-publish","4":"has-post-thumbnail","6":"product_cat-la-maison-lavande","7":"product_cat-parfum-maison","8":"product_tag-bouchon-noir","9":"product_tag-mauve","10":"product_tag-transparent","11":"description-off","13":"first","14":"outofstock","15":"taxable","16":"shipping-taxable","17":"purchasable","18":"product-type-simple"},"_links":{"self":[{"href":"https:\/\/savonnerie-marseillaise.com\/fr\/wp-json\/wp\/v2\/product\/421","targetHints":{"allow":["GET"]}}],"collection":[{"href":"https:\/\/savonnerie-marseillaise.com\/fr\/wp-json\/wp\/v2\/product"}],"about":[{"href":"https:\/\/savonnerie-marseillaise.com\/fr\/wp-json\/wp\/v2\/types\/product"}],"replies":[{"embeddable":true,"href":"https:\/\/savonnerie-marseillaise.com\/fr\/wp-json\/wp\/v2\/comments?post=421"}],"wp:featuredmedia":[{"embeddable":true,"href":"https:\/\/savonnerie-marseillaise.com\/fr\/wp-json\/wp\/v2\/media\/422"}],"wp:attachment":[{"href":"https:\/\/savonnerie-marseillaise.com\/fr\/wp-json\/wp\/v2\/media?parent=421"}],"wp:term":[{"taxonomy":"product_brand","embeddable":true,"href":"https:\/\/savonnerie-marseillaise.com\/fr\/wp-json\/wp\/v2\/product_brand?post=421"},{"taxonomy":"product_cat","embeddable":true,"href":"https:\/\/savonnerie-marseillaise.com\/fr\/wp-json\/wp\/v2\/product_cat?post=421"},{"taxonomy":"product_tag","embeddable":true,"href":"https:\/\/savonnerie-marseillaise.com\/fr\/wp-json\/wp\/v2\/product_tag?post=421"}],"curies":[{"name":"wp","href":"https:\/\/api.w.org\/{rel}","templated":true}]}}