{"id":423,"date":"2025-03-13T11:41:25","date_gmt":"2025-03-13T10:41:25","guid":{"rendered":"https:\/\/savonnerie-marseillaise.com\/produit\/brume-doreiller-wood\/"},"modified":"2025-03-24T12:16:07","modified_gmt":"2025-03-24T11:16:07","slug":"brume-doreiller-wood","status":"publish","type":"product","link":"https:\/\/savonnerie-marseillaise.com\/fr\/produit\/brume-doreiller-wood\/","title":{"rendered":"Brume d&rsquo;oreiller Wood"},"content":{"rendered":"<p>Mode d&#8217;emploi :<br \/>\nA vaporiser \u00e0 environ 30 cm de vos v\u00eatements, linges et draps de maison. Une pulverisation suffit pour un r\u00e9sultat durable.<\/p>\n","protected":false},"excerpt":{"rendered":"<p>Apportez le rafra\u00eechissement de la nature dans votre chambre avec notre brume d&rsquo;oreiller Wood. Ce parfum bois\u00e9, \u00e9l\u00e9gant et raffin\u00e9, \u00e9voque les senteurs d&rsquo;une for\u00eat fra\u00eechement coup\u00e9e, avec des notes de bois, de santal et de c\u00e8dre. Une brume parfaite pour ceux qui aiment un environnement calme en harmonie avec la nature. Vaporisez votre oreiller pour une touche de fraicheur et une ambiance zen propice \u00e0 un sommeil r\u00e9parateur.<\/p>\n<p>Caract\u00e9ristiques :<br \/>\n-Parfum bois\u00e9 et masculin.<br \/>\n-Id\u00e9al pour cr\u00e9er une atmosph\u00e8re calme et naturelle.<br \/>\n-Parfait pour les amateurs de senteurs profondes et bois\u00e9es.<\/p>\n","protected":false},"featured_media":424,"comment_status":"closed","ping_status":"closed","template":"","meta":{"inline_featured_image":false,"wds_primary_product_brand":0,"wds_primary_product_cat":0},"product_brand":[],"product_cat":[102,99],"product_tag":[100,101,31],"class_list":{"0":"post-423","1":"product","2":"type-product","3":"status-publish","4":"has-post-thumbnail","6":"product_cat-la-maison-wood","7":"product_cat-parfum-maison","8":"product_tag-bouchon-noir","9":"product_tag-transparent","10":"product_tag-vert","11":"description-off","13":"first","14":"instock","15":"taxable","16":"shipping-taxable","17":"purchasable","18":"product-type-simple"},"_links":{"self":[{"href":"https:\/\/savonnerie-marseillaise.com\/fr\/wp-json\/wp\/v2\/product\/423","targetHints":{"allow":["GET"]}}],"collection":[{"href":"https:\/\/savonnerie-marseillaise.com\/fr\/wp-json\/wp\/v2\/product"}],"about":[{"href":"https:\/\/savonnerie-marseillaise.com\/fr\/wp-json\/wp\/v2\/types\/product"}],"replies":[{"embeddable":true,"href":"https:\/\/savonnerie-marseillaise.com\/fr\/wp-json\/wp\/v2\/comments?post=423"}],"wp:featuredmedia":[{"embeddable":true,"href":"https:\/\/savonnerie-marseillaise.com\/fr\/wp-json\/wp\/v2\/media\/424"}],"wp:attachment":[{"href":"https:\/\/savonnerie-marseillaise.com\/fr\/wp-json\/wp\/v2\/media?parent=423"}],"wp:term":[{"taxonomy":"product_brand","embeddable":true,"href":"https:\/\/savonnerie-marseillaise.com\/fr\/wp-json\/wp\/v2\/product_brand?post=423"},{"taxonomy":"product_cat","embeddable":true,"href":"https:\/\/savonnerie-marseillaise.com\/fr\/wp-json\/wp\/v2\/product_cat?post=423"},{"taxonomy":"product_tag","embeddable":true,"href":"https:\/\/savonnerie-marseillaise.com\/fr\/wp-json\/wp\/v2\/product_tag?post=423"}],"curies":[{"name":"wp","href":"https:\/\/api.w.org\/{rel}","templated":true}]}}