{"id":426,"date":"2025-03-13T11:41:25","date_gmt":"2025-03-13T10:41:25","guid":{"rendered":"https:\/\/savonnerie-marseillaise.com\/produit\/eau-de-linge-fleur-de-coton\/"},"modified":"2025-11-24T11:52:15","modified_gmt":"2025-11-24T10:52:15","slug":"eau-de-linge-fleur-de-coton","status":"publish","type":"product","link":"https:\/\/savonnerie-marseillaise.com\/fr\/produit\/eau-de-linge-fleur-de-coton\/","title":{"rendered":"Eau de linge Fleur de coton"},"content":{"rendered":"<p>Mode d&#8217;emploi :<br \/>\nA vaporiser \u00e0 environ 30 cm de vos v\u00eatements, linges et draps de maison. Une pulverisation suffit pour un r\u00e9sultat durable.<\/p>\n<p>Nomenclature douane : 33074900<\/p>\n","protected":false},"excerpt":{"rendered":"<p>Rafra\u00eechissez vos v\u00eatements avec la puret\u00e9 et la l\u00e9g\u00e8ret\u00e9 de notre eau de linge Fleur de Coton. Ce parfum frais et d\u00e9licat \u00e9voque la douceur du coton fra\u00eechement lav\u00e9, cr\u00e9ant une sensatinon de propret\u00e9 et de fra\u00eecheur. Parfaite pour ceux qui recherchent une senteur subtile et a\u00e9rienne, cette eau de linge apportera \u00e0 vos tissus un parfum doux et agr\u00e9able, id\u00e9al pour un linge qui sent le propre toute la journ\u00e9e.<\/p>\n","protected":false},"featured_media":427,"comment_status":"closed","ping_status":"closed","template":"","meta":{"inline_featured_image":false,"wds_primary_product_brand":0,"wds_primary_product_cat":0},"product_brand":[],"product_cat":[103,99],"product_tag":[100,26,101],"class_list":{"0":"post-426","1":"product","2":"type-product","3":"status-publish","4":"has-post-thumbnail","6":"product_cat-la-maison-fleur-de-coton","7":"product_cat-parfum-maison","8":"product_tag-bouchon-noir","9":"product_tag-rose","10":"product_tag-transparent","11":"description-off","13":"first","14":"instock","15":"taxable","16":"shipping-taxable","17":"purchasable","18":"product-type-simple"},"_links":{"self":[{"href":"https:\/\/savonnerie-marseillaise.com\/fr\/wp-json\/wp\/v2\/product\/426","targetHints":{"allow":["GET"]}}],"collection":[{"href":"https:\/\/savonnerie-marseillaise.com\/fr\/wp-json\/wp\/v2\/product"}],"about":[{"href":"https:\/\/savonnerie-marseillaise.com\/fr\/wp-json\/wp\/v2\/types\/product"}],"replies":[{"embeddable":true,"href":"https:\/\/savonnerie-marseillaise.com\/fr\/wp-json\/wp\/v2\/comments?post=426"}],"wp:featuredmedia":[{"embeddable":true,"href":"https:\/\/savonnerie-marseillaise.com\/fr\/wp-json\/wp\/v2\/media\/427"}],"wp:attachment":[{"href":"https:\/\/savonnerie-marseillaise.com\/fr\/wp-json\/wp\/v2\/media?parent=426"}],"wp:term":[{"taxonomy":"product_brand","embeddable":true,"href":"https:\/\/savonnerie-marseillaise.com\/fr\/wp-json\/wp\/v2\/product_brand?post=426"},{"taxonomy":"product_cat","embeddable":true,"href":"https:\/\/savonnerie-marseillaise.com\/fr\/wp-json\/wp\/v2\/product_cat?post=426"},{"taxonomy":"product_tag","embeddable":true,"href":"https:\/\/savonnerie-marseillaise.com\/fr\/wp-json\/wp\/v2\/product_tag?post=426"}],"curies":[{"name":"wp","href":"https:\/\/api.w.org\/{rel}","templated":true}]}}