{"id":431,"date":"2025-03-13T11:41:25","date_gmt":"2025-03-13T10:41:25","guid":{"rendered":"https:\/\/savonnerie-marseillaise.com\/produit\/eau-de-linge-musc-sabaya\/"},"modified":"2025-11-24T11:52:43","modified_gmt":"2025-11-24T10:52:43","slug":"eau-de-linge-musc-sabaya","status":"publish","type":"product","link":"https:\/\/savonnerie-marseillaise.com\/fr\/produit\/eau-de-linge-musc-sabaya\/","title":{"rendered":"Eau de linge Musc Sabaya"},"content":{"rendered":"<p>Mode d&#8217;emploi :<br \/>\nA vaporiser \u00e0 environ 30 cm de vos v\u00eatements, linges et draps de maison. Une pulverisation suffit pour un r\u00e9sultat durable.<\/p>\n<p>Nomenclature douane : 33074900<\/p>\n","protected":false},"excerpt":{"rendered":"<p>Impr\u00e9gnez vos v\u00eatements de l&rsquo;\u00e9l\u00e9gance douce et sensuelle de notre eau de linge Musc Sabaya. Ce parfum musqu\u00e9, l\u00e9g\u00e8rement sucr\u00e9 et intime, donnera \u00e0 vos tissus une touche de raffinement et de confort. Chaque v\u00eatement, chaque linge de maison prendra une note d\u00e9licatement envo\u00fbtante, transformant votre quotidien en une exp\u00e9rience sensorielle chaleureuse et apaisante.<\/p>\n","protected":false},"featured_media":432,"comment_status":"closed","ping_status":"closed","template":"","meta":{"inline_featured_image":false,"wds_primary_product_brand":0,"wds_primary_product_cat":0},"product_brand":[],"product_cat":[104,99],"product_tag":[34,100,101],"class_list":{"0":"post-431","1":"product","2":"type-product","3":"status-publish","4":"has-post-thumbnail","6":"product_cat-la-maison-musc-sabaya","7":"product_cat-parfum-maison","8":"product_tag-bleu","9":"product_tag-bouchon-noir","10":"product_tag-transparent","11":"description-off","13":"first","14":"instock","15":"taxable","16":"shipping-taxable","17":"purchasable","18":"product-type-simple"},"_links":{"self":[{"href":"https:\/\/savonnerie-marseillaise.com\/fr\/wp-json\/wp\/v2\/product\/431","targetHints":{"allow":["GET"]}}],"collection":[{"href":"https:\/\/savonnerie-marseillaise.com\/fr\/wp-json\/wp\/v2\/product"}],"about":[{"href":"https:\/\/savonnerie-marseillaise.com\/fr\/wp-json\/wp\/v2\/types\/product"}],"replies":[{"embeddable":true,"href":"https:\/\/savonnerie-marseillaise.com\/fr\/wp-json\/wp\/v2\/comments?post=431"}],"wp:featuredmedia":[{"embeddable":true,"href":"https:\/\/savonnerie-marseillaise.com\/fr\/wp-json\/wp\/v2\/media\/432"}],"wp:attachment":[{"href":"https:\/\/savonnerie-marseillaise.com\/fr\/wp-json\/wp\/v2\/media?parent=431"}],"wp:term":[{"taxonomy":"product_brand","embeddable":true,"href":"https:\/\/savonnerie-marseillaise.com\/fr\/wp-json\/wp\/v2\/product_brand?post=431"},{"taxonomy":"product_cat","embeddable":true,"href":"https:\/\/savonnerie-marseillaise.com\/fr\/wp-json\/wp\/v2\/product_cat?post=431"},{"taxonomy":"product_tag","embeddable":true,"href":"https:\/\/savonnerie-marseillaise.com\/fr\/wp-json\/wp\/v2\/product_tag?post=431"}],"curies":[{"name":"wp","href":"https:\/\/api.w.org\/{rel}","templated":true}]}}