{"id":436,"date":"2025-03-13T11:41:25","date_gmt":"2025-03-13T10:41:25","guid":{"rendered":"https:\/\/savonnerie-marseillaise.com\/produit\/brume-doreiller-fleur-de-coton\/"},"modified":"2025-03-24T12:16:08","modified_gmt":"2025-03-24T11:16:08","slug":"brume-doreiller-fleur-de-coton","status":"publish","type":"product","link":"https:\/\/savonnerie-marseillaise.com\/fr\/produit\/brume-doreiller-fleur-de-coton\/","title":{"rendered":"Brume d&rsquo;oreiller Fleur de coton"},"content":{"rendered":"<p>Mode d&#8217;emploi :<br \/>\nA vaporiser \u00e0 environ 30 cm de vos v\u00eatements, linges et draps de maison. Une pulverisation suffit pour un r\u00e9sultat durable.<\/p>\n","protected":false},"excerpt":{"rendered":"<p>Offrez \u00e0 votre oreiller la douceur d&rsquo;un linge fra\u00eechement lav\u00e9 avec notre brume d&rsquo;oreiller Fleur de Coton. Cette fragrance l\u00e9g\u00e8re et propre \u00e9voque la sesation de puret\u00e9, avec des notes fra\u00eeches et florales. Parfaite pour les amateurs de senteurs douces et a\u00e9r\u00e9es, cette brume apportera une sensation de fra\u00eecheur et de l\u00e9g\u00e8ret\u00e9 dans votre chambre, id\u00e9al pour un sommeil paisible et r\u00e9parateur.<\/p>\n<p>Caract\u00e9ristiques :<br \/>\n-Parfum frais et floral de coton.<br \/>\n-Cr\u00e9e une ambiance a\u00e9rienne et l\u00e9g\u00e8re<br \/>\n-Id\u00e9ale pour ceux qui aiment les senteurs fra\u00eeches et subtiles.<\/p>\n","protected":false},"featured_media":437,"comment_status":"closed","ping_status":"closed","template":"","meta":{"inline_featured_image":false,"wds_primary_product_brand":0,"wds_primary_product_cat":0},"product_brand":[],"product_cat":[103,99],"product_tag":[100,26,101],"class_list":{"0":"post-436","1":"product","2":"type-product","3":"status-publish","4":"has-post-thumbnail","6":"product_cat-la-maison-fleur-de-coton","7":"product_cat-parfum-maison","8":"product_tag-bouchon-noir","9":"product_tag-rose","10":"product_tag-transparent","11":"description-off","13":"first","14":"instock","15":"taxable","16":"shipping-taxable","17":"purchasable","18":"product-type-simple"},"_links":{"self":[{"href":"https:\/\/savonnerie-marseillaise.com\/fr\/wp-json\/wp\/v2\/product\/436","targetHints":{"allow":["GET"]}}],"collection":[{"href":"https:\/\/savonnerie-marseillaise.com\/fr\/wp-json\/wp\/v2\/product"}],"about":[{"href":"https:\/\/savonnerie-marseillaise.com\/fr\/wp-json\/wp\/v2\/types\/product"}],"replies":[{"embeddable":true,"href":"https:\/\/savonnerie-marseillaise.com\/fr\/wp-json\/wp\/v2\/comments?post=436"}],"wp:featuredmedia":[{"embeddable":true,"href":"https:\/\/savonnerie-marseillaise.com\/fr\/wp-json\/wp\/v2\/media\/437"}],"wp:attachment":[{"href":"https:\/\/savonnerie-marseillaise.com\/fr\/wp-json\/wp\/v2\/media?parent=436"}],"wp:term":[{"taxonomy":"product_brand","embeddable":true,"href":"https:\/\/savonnerie-marseillaise.com\/fr\/wp-json\/wp\/v2\/product_brand?post=436"},{"taxonomy":"product_cat","embeddable":true,"href":"https:\/\/savonnerie-marseillaise.com\/fr\/wp-json\/wp\/v2\/product_cat?post=436"},{"taxonomy":"product_tag","embeddable":true,"href":"https:\/\/savonnerie-marseillaise.com\/fr\/wp-json\/wp\/v2\/product_tag?post=436"}],"curies":[{"name":"wp","href":"https:\/\/api.w.org\/{rel}","templated":true}]}}