{"id":438,"date":"2025-03-13T11:41:25","date_gmt":"2025-03-13T10:41:25","guid":{"rendered":"https:\/\/savonnerie-marseillaise.com\/produit\/eau-de-linge-wood\/"},"modified":"2025-12-07T15:30:34","modified_gmt":"2025-12-07T14:30:34","slug":"eau-de-linge-wood","status":"publish","type":"product","link":"https:\/\/savonnerie-marseillaise.com\/fr\/produit\/eau-de-linge-wood\/","title":{"rendered":"Eau de linge Wood"},"content":{"rendered":"<p>Mode d&#8217;emploi :<br \/>\nA vaporiser \u00e0 environ 30 cm de vos v\u00eatements, linges et draps de maison. Une pulverisation suffit pour un r\u00e9sultat durable.<\/p>\n<p>Nomenclature douane : 33074900<\/p>\n","protected":false},"excerpt":{"rendered":"<p>Apportez la richesse des bois naturels \u00e0 vos v\u00eatements avec notre eau de linge Wood. Ce parfum bois\u00e9, \u00e9l\u00e9gant et affin\u00e9, avec des notes de c\u00e8dre et de santal, infusera vos tissus d&rsquo;une fragrance profonde et chaleureuse. Parfaite pour ceux qui appr\u00e9cient les senteurs naturelles et profondes, cette eau de linge donne \u00e0 vos habits un parfum sophistiqu\u00e9 et unique, id\u00e9al pour une ambiance apaisante \u00e0 la maison.<\/p>\n","protected":false},"featured_media":439,"comment_status":"closed","ping_status":"closed","template":"","meta":{"inline_featured_image":false,"wds_primary_product_brand":0,"wds_primary_product_cat":0},"product_brand":[],"product_cat":[102,99],"product_tag":[100,101,31],"class_list":{"0":"post-438","1":"product","2":"type-product","3":"status-publish","4":"has-post-thumbnail","6":"product_cat-la-maison-wood","7":"product_cat-parfum-maison","8":"product_tag-bouchon-noir","9":"product_tag-transparent","10":"product_tag-vert","11":"description-off","13":"first","14":"outofstock","15":"taxable","16":"shipping-taxable","17":"purchasable","18":"product-type-simple"},"_links":{"self":[{"href":"https:\/\/savonnerie-marseillaise.com\/fr\/wp-json\/wp\/v2\/product\/438","targetHints":{"allow":["GET"]}}],"collection":[{"href":"https:\/\/savonnerie-marseillaise.com\/fr\/wp-json\/wp\/v2\/product"}],"about":[{"href":"https:\/\/savonnerie-marseillaise.com\/fr\/wp-json\/wp\/v2\/types\/product"}],"replies":[{"embeddable":true,"href":"https:\/\/savonnerie-marseillaise.com\/fr\/wp-json\/wp\/v2\/comments?post=438"}],"wp:featuredmedia":[{"embeddable":true,"href":"https:\/\/savonnerie-marseillaise.com\/fr\/wp-json\/wp\/v2\/media\/439"}],"wp:attachment":[{"href":"https:\/\/savonnerie-marseillaise.com\/fr\/wp-json\/wp\/v2\/media?parent=438"}],"wp:term":[{"taxonomy":"product_brand","embeddable":true,"href":"https:\/\/savonnerie-marseillaise.com\/fr\/wp-json\/wp\/v2\/product_brand?post=438"},{"taxonomy":"product_cat","embeddable":true,"href":"https:\/\/savonnerie-marseillaise.com\/fr\/wp-json\/wp\/v2\/product_cat?post=438"},{"taxonomy":"product_tag","embeddable":true,"href":"https:\/\/savonnerie-marseillaise.com\/fr\/wp-json\/wp\/v2\/product_tag?post=438"}],"curies":[{"name":"wp","href":"https:\/\/api.w.org\/{rel}","templated":true}]}}