{"id":457,"date":"2025-03-13T11:21:44","date_gmt":"2025-03-13T10:21:44","guid":{"rendered":"https:\/\/savonnerie-marseillaise.com\/produit\/coffret-maison-fleur-de-coton\/"},"modified":"2025-11-24T11:53:22","modified_gmt":"2025-11-24T10:53:22","slug":"coffret-maison-fleur-de-coton","status":"publish","type":"product","link":"https:\/\/savonnerie-marseillaise.com\/fr\/produit\/coffret-maison-fleur-de-coton\/","title":{"rendered":"Coffret Maison &#8211; Fleur de Coton"},"content":{"rendered":"<p>Ce coffret contient :<\/p>\n<p>\u2022 Brume d\u2019Oreiller Fleur de Coton (50 ml) : Une brume l\u00e9g\u00e8re et apaisante pour envelopper vos nuits d\u2019un voile parfum\u00e9 rappelant la puret\u00e9 et la fra\u00eecheur du linge propre. Parfaite pour cr\u00e9er une atmosph\u00e8re relaxante avant le coucher.<br \/>\n\u2022 Eau de Linge Fleur de Coton (500 ml) : Une eau d\u00e9licate pour parfumer vos textiles d\u2019une senteur douce et a\u00e9rienne. Chaque pschitt apportera \u00e0 vos draps, v\u00eatements et linges de maison une fra\u00eecheur raffin\u00e9e et durable.<br \/>\n\u2022 Savonnette Fleur de Coton (100 gr) : Un savon pour le corps qui nettoie en douceur tout en laissant sur la peau une empreinte discr\u00e8te et enveloppante.<br \/>\n\u2022 Porte-Savon en Fa\u00efence \u00c9maill\u00e9e Rose : Fait main par un artisan local, ce porte-savon allie charme et authenticit\u00e9. Sa finition \u00e9maill\u00e9e et sa teinte rose poudr\u00e9 en font un accessoire \u00e9l\u00e9gant et pratique pour sublimer votre salle de bain.<\/p>\n<p>Nomenclature douane : 34011100<br \/>\n33074900<\/p>\n","protected":false},"excerpt":{"rendered":"<p>Plongez dans un univers de bien-\u00eatre et de d\u00e9licatesse avec notre Coffret Cadeau \u201cFleur de Coton\u201d, une ode \u00e0 la puret\u00e9 et au confort. Chaque produit de ce coffret est subtilement parfum\u00e9 \u00e0 la Fleur de Coton, une fragrance unique \u00e9labor\u00e9e \u00e0 Grasse, capitale mondiale de la parfumerie. Ce parfum \u00e9voque la douceur d\u2019un linge fra\u00eechement lav\u00e9, m\u00ealant l\u00e9g\u00e8ret\u00e9 et rondeur pour une sensation de cocon r\u00e9confortant.<\/p>\n","protected":false},"featured_media":458,"comment_status":"closed","ping_status":"closed","template":"","meta":{"inline_featured_image":false,"wds_primary_product_brand":0,"wds_primary_product_cat":0},"product_brand":[],"product_cat":[54,106],"product_tag":[26],"class_list":{"0":"post-457","1":"product","2":"type-product","3":"status-publish","4":"has-post-thumbnail","6":"product_cat-coffret-savon","7":"product_cat-maison","8":"product_tag-rose","9":"description-off","11":"first","12":"instock","13":"taxable","14":"shipping-taxable","15":"purchasable","16":"product-type-simple"},"_links":{"self":[{"href":"https:\/\/savonnerie-marseillaise.com\/fr\/wp-json\/wp\/v2\/product\/457","targetHints":{"allow":["GET"]}}],"collection":[{"href":"https:\/\/savonnerie-marseillaise.com\/fr\/wp-json\/wp\/v2\/product"}],"about":[{"href":"https:\/\/savonnerie-marseillaise.com\/fr\/wp-json\/wp\/v2\/types\/product"}],"replies":[{"embeddable":true,"href":"https:\/\/savonnerie-marseillaise.com\/fr\/wp-json\/wp\/v2\/comments?post=457"}],"wp:featuredmedia":[{"embeddable":true,"href":"https:\/\/savonnerie-marseillaise.com\/fr\/wp-json\/wp\/v2\/media\/458"}],"wp:attachment":[{"href":"https:\/\/savonnerie-marseillaise.com\/fr\/wp-json\/wp\/v2\/media?parent=457"}],"wp:term":[{"taxonomy":"product_brand","embeddable":true,"href":"https:\/\/savonnerie-marseillaise.com\/fr\/wp-json\/wp\/v2\/product_brand?post=457"},{"taxonomy":"product_cat","embeddable":true,"href":"https:\/\/savonnerie-marseillaise.com\/fr\/wp-json\/wp\/v2\/product_cat?post=457"},{"taxonomy":"product_tag","embeddable":true,"href":"https:\/\/savonnerie-marseillaise.com\/fr\/wp-json\/wp\/v2\/product_tag?post=457"}],"curies":[{"name":"wp","href":"https:\/\/api.w.org\/{rel}","templated":true}]}}