{"id":46,"date":"2025-03-12T15:10:52","date_gmt":"2025-03-12T14:10:52","guid":{"rendered":"https:\/\/savonnerie-marseillaise.com\/product\/escapade-fruitee-framboise\/"},"modified":"2025-03-24T12:17:07","modified_gmt":"2025-03-24T11:17:07","slug":"escapade-fruitee-framboise","status":"publish","type":"product","link":"https:\/\/savonnerie-marseillaise.com\/fr\/produit\/escapade-fruitee-framboise\/","title":{"rendered":"Escapade Fruit\u00e9e &#8211; Framboise"},"content":{"rendered":"<p>Conseils d\u2019utilisation :<br \/>\nHumidifiez votre peau, puis appliquer le gel directement sur le corps ou entre vos mains pour cr\u00e9er une mousse g\u00e9n\u00e9reuse. Appliquez par de l\u00e9gers mouvements circulaires, puis rincez abondamment \u00e0 l\u2019eau claire. Convient \u00e0 tous les types de peau pour une utilisation quotidienne.<\/p>\n","protected":false},"excerpt":{"rendered":"<p>Con\u00e7u au c\u0153ur de la Provence, le gel lavant ESCAPADE FRUIT\u00c9E \u00e0 la framboise vous plonge dans un doux m\u00e9lange de fra\u00eecheur et de gourmandise, rappelant les framboisiers baign\u00e9s de soleil. Une escapade sensorielle irr\u00e9sistible.<\/p>\n","protected":false},"featured_media":47,"comment_status":"closed","ping_status":"closed","template":"","meta":{"inline_featured_image":false,"wds_primary_product_brand":0,"wds_primary_product_cat":0},"product_brand":[],"product_cat":[28,46],"product_tag":[29,30,26],"class_list":{"0":"post-46","1":"product","2":"type-product","3":"status-publish","4":"has-post-thumbnail","6":"product_cat-savon-liquide","7":"product_cat-savon-parfumee","8":"product_tag-bouchon-blanc","9":"product_tag-bouteille-transparente","10":"product_tag-rose","11":"description-off","13":"first","14":"instock","15":"taxable","16":"shipping-taxable","17":"purchasable","18":"product-type-simple"},"_links":{"self":[{"href":"https:\/\/savonnerie-marseillaise.com\/fr\/wp-json\/wp\/v2\/product\/46","targetHints":{"allow":["GET"]}}],"collection":[{"href":"https:\/\/savonnerie-marseillaise.com\/fr\/wp-json\/wp\/v2\/product"}],"about":[{"href":"https:\/\/savonnerie-marseillaise.com\/fr\/wp-json\/wp\/v2\/types\/product"}],"replies":[{"embeddable":true,"href":"https:\/\/savonnerie-marseillaise.com\/fr\/wp-json\/wp\/v2\/comments?post=46"}],"wp:featuredmedia":[{"embeddable":true,"href":"https:\/\/savonnerie-marseillaise.com\/fr\/wp-json\/wp\/v2\/media\/47"}],"wp:attachment":[{"href":"https:\/\/savonnerie-marseillaise.com\/fr\/wp-json\/wp\/v2\/media?parent=46"}],"wp:term":[{"taxonomy":"product_brand","embeddable":true,"href":"https:\/\/savonnerie-marseillaise.com\/fr\/wp-json\/wp\/v2\/product_brand?post=46"},{"taxonomy":"product_cat","embeddable":true,"href":"https:\/\/savonnerie-marseillaise.com\/fr\/wp-json\/wp\/v2\/product_cat?post=46"},{"taxonomy":"product_tag","embeddable":true,"href":"https:\/\/savonnerie-marseillaise.com\/fr\/wp-json\/wp\/v2\/product_tag?post=46"}],"curies":[{"name":"wp","href":"https:\/\/api.w.org\/{rel}","templated":true}]}}