{"id":462,"date":"2025-03-13T11:21:44","date_gmt":"2025-03-13T10:21:44","guid":{"rendered":"https:\/\/savonnerie-marseillaise.com\/produit\/coffret-maison-musc-sabaya\/"},"modified":"2025-03-24T12:16:09","modified_gmt":"2025-03-24T11:16:09","slug":"coffret-maison-musc-sabaya","status":"publish","type":"product","link":"https:\/\/savonnerie-marseillaise.com\/fr\/produit\/coffret-maison-musc-sabaya\/","title":{"rendered":"Coffret Maison &#8211; Musc Sabaya"},"content":{"rendered":"<p>Ce coffret contient :<\/p>\n<p>\u2022 Brume d\u2019Oreiller Musc Sabaya (50 ml) : Une brume enveloppante aux accords d\u00e9licats de musc, parfaite pour instaurer une atmosph\u00e8re paisible et r\u00e9confortante avant le coucher.<br \/>\n\u2022 Eau de Linge Musc Sabaya (500 ml) : Parfumez vos draps et v\u00eatements d\u2019une fragrance douce et sensuelle. Cette eau de linge offre une touche raffin\u00e9e et durable, id\u00e9ale pour un ambiance cocooning.<br \/>\n\u2022 Savonnette Musc Sabaya (100 gr) : Un savon artisanal qui nettoie la peau avec soin tout en la parfumant d\u00e9licatement. Sa mousse douce laisse une empreinte \u00e9l\u00e9gante et apaisante.<br \/>\n\u2022 Porte-Savon en Fa\u00efence \u00c9maill\u00e9e Bleu Ciel : R\u00e9alis\u00e9 \u00e0 la main par un artisan local, ce porte-savon en fa\u00efence ajoute une touche de fra\u00eecheur et d\u2019authenticit\u00e9 \u00e0 votre salle de bain. Sa teinte bleu ciel et sa finition brillante s\u2019accordent parfaitement avec l\u2019ambiance douce et sereine du coffret.<\/p>\n","protected":false},"excerpt":{"rendered":"<p>Laissez-vous s\u00e9duire par la d\u00e9licatesse et la sensualit\u00e9 de notre Coffret Cadeau \u201cMusc Sabaya\u201d. Ce coffret r\u00e9unit des produits parfum\u00e9s \u00e0 un musc subtil et envo\u00fbtant, \u00e9labor\u00e9 \u00e0 Grasse. Doux et l\u00e9g\u00e8rement sucr\u00e9, ce parfum cr\u00e9e une ambiance chaleureuse et intime, id\u00e9ale pour transformer les gestes du quotidien en moments pr\u00e9cieux.<\/p>\n","protected":false},"featured_media":463,"comment_status":"closed","ping_status":"closed","template":"","meta":{"inline_featured_image":false,"wds_primary_product_brand":0,"wds_primary_product_cat":0},"product_brand":[],"product_cat":[54,106],"product_tag":[34],"class_list":{"0":"post-462","1":"product","2":"type-product","3":"status-publish","4":"has-post-thumbnail","6":"product_cat-coffret-savon","7":"product_cat-maison","8":"product_tag-bleu","9":"description-off","11":"first","12":"instock","13":"taxable","14":"shipping-taxable","15":"purchasable","16":"product-type-simple"},"_links":{"self":[{"href":"https:\/\/savonnerie-marseillaise.com\/fr\/wp-json\/wp\/v2\/product\/462","targetHints":{"allow":["GET"]}}],"collection":[{"href":"https:\/\/savonnerie-marseillaise.com\/fr\/wp-json\/wp\/v2\/product"}],"about":[{"href":"https:\/\/savonnerie-marseillaise.com\/fr\/wp-json\/wp\/v2\/types\/product"}],"replies":[{"embeddable":true,"href":"https:\/\/savonnerie-marseillaise.com\/fr\/wp-json\/wp\/v2\/comments?post=462"}],"wp:featuredmedia":[{"embeddable":true,"href":"https:\/\/savonnerie-marseillaise.com\/fr\/wp-json\/wp\/v2\/media\/463"}],"wp:attachment":[{"href":"https:\/\/savonnerie-marseillaise.com\/fr\/wp-json\/wp\/v2\/media?parent=462"}],"wp:term":[{"taxonomy":"product_brand","embeddable":true,"href":"https:\/\/savonnerie-marseillaise.com\/fr\/wp-json\/wp\/v2\/product_brand?post=462"},{"taxonomy":"product_cat","embeddable":true,"href":"https:\/\/savonnerie-marseillaise.com\/fr\/wp-json\/wp\/v2\/product_cat?post=462"},{"taxonomy":"product_tag","embeddable":true,"href":"https:\/\/savonnerie-marseillaise.com\/fr\/wp-json\/wp\/v2\/product_tag?post=462"}],"curies":[{"name":"wp","href":"https:\/\/api.w.org\/{rel}","templated":true}]}}