{"id":467,"date":"2025-03-13T11:21:44","date_gmt":"2025-03-13T10:21:44","guid":{"rendered":"https:\/\/savonnerie-marseillaise.com\/produit\/coffret-duo-evasion-hawai\/"},"modified":"2025-03-24T12:16:09","modified_gmt":"2025-03-24T11:16:09","slug":"coffret-duo-evasion-hawai","status":"publish","type":"product","link":"https:\/\/savonnerie-marseillaise.com\/fr\/produit\/coffret-duo-evasion-hawai\/","title":{"rendered":"Coffret duo Evasion &#8211; HAWAI"},"content":{"rendered":"<p>Conseils d&rsquo;utilisation :<\/p>\n<p>Savon : Frottez la savonnette entre vos mains mouill\u00e9es ou une \u00e9ponge pour le faire mousser. Appliquez-la sur la peau puis rincez abondamment.<br \/>\nBrume : Vaporisez la brume sur votre peau \u00e0 tout moment de la journ\u00e9e.<\/p>\n","protected":false},"excerpt":{"rendered":"<p>Offrez \u00e0 votre peau un voyage sensoriel avec notre Duo \u00ab \u00c9vasion Hawa\u00ef \u00bb. Le savon nettoie d\u00e9licatement, laissant une peau douce et parfum\u00e9e. La brume corporelle, l\u00e9g\u00e8re et rafra\u00eechissante, enveloppe votre peau d\u2019un sillage captivant, pour une sensation de bien-\u00eatre. Un duo parfait pour prolonger l\u2019\u00e9vasion toute la journ\u00e9e.<\/p>\n","protected":false},"featured_media":468,"comment_status":"closed","ping_status":"closed","template":"","meta":{"inline_featured_image":false,"wds_primary_product_brand":0,"wds_primary_product_cat":0},"product_brand":[],"product_cat":[54,92],"product_tag":[31],"class_list":{"0":"post-467","1":"product","2":"type-product","3":"status-publish","4":"has-post-thumbnail","6":"product_cat-coffret-savon","7":"product_cat-evasion-hawai","8":"product_tag-vert","9":"description-off","11":"first","12":"instock","13":"taxable","14":"shipping-taxable","15":"purchasable","16":"product-type-simple"},"_links":{"self":[{"href":"https:\/\/savonnerie-marseillaise.com\/fr\/wp-json\/wp\/v2\/product\/467","targetHints":{"allow":["GET"]}}],"collection":[{"href":"https:\/\/savonnerie-marseillaise.com\/fr\/wp-json\/wp\/v2\/product"}],"about":[{"href":"https:\/\/savonnerie-marseillaise.com\/fr\/wp-json\/wp\/v2\/types\/product"}],"replies":[{"embeddable":true,"href":"https:\/\/savonnerie-marseillaise.com\/fr\/wp-json\/wp\/v2\/comments?post=467"}],"wp:featuredmedia":[{"embeddable":true,"href":"https:\/\/savonnerie-marseillaise.com\/fr\/wp-json\/wp\/v2\/media\/468"}],"wp:attachment":[{"href":"https:\/\/savonnerie-marseillaise.com\/fr\/wp-json\/wp\/v2\/media?parent=467"}],"wp:term":[{"taxonomy":"product_brand","embeddable":true,"href":"https:\/\/savonnerie-marseillaise.com\/fr\/wp-json\/wp\/v2\/product_brand?post=467"},{"taxonomy":"product_cat","embeddable":true,"href":"https:\/\/savonnerie-marseillaise.com\/fr\/wp-json\/wp\/v2\/product_cat?post=467"},{"taxonomy":"product_tag","embeddable":true,"href":"https:\/\/savonnerie-marseillaise.com\/fr\/wp-json\/wp\/v2\/product_tag?post=467"}],"curies":[{"name":"wp","href":"https:\/\/api.w.org\/{rel}","templated":true}]}}