{"id":490,"date":"2025-03-13T11:21:44","date_gmt":"2025-03-13T10:21:44","guid":{"rendered":"https:\/\/savonnerie-marseillaise.com\/produit\/coffret-lavande\/"},"modified":"2025-03-24T12:16:10","modified_gmt":"2025-03-24T11:16:10","slug":"coffret-lavande","status":"publish","type":"product","link":"https:\/\/savonnerie-marseillaise.com\/fr\/produit\/coffret-lavande\/","title":{"rendered":"Coffret LAVANDE"},"content":{"rendered":"<p>Conseils d&rsquo;utilisation :<\/p>\n<p>Savon : Frottez la savonnette entre vos mains mouill\u00e9es ou une \u00e9ponge pour le faire mousser. Appliquez-la sur la peau puis rincez abondamment.<br \/>\nCr\u00e8me main : Appliquer en massage sur les mains aussi souvent que n\u00e9cessaire.<br \/>\nLait corporel : Appliquer apr\u00e8s la douche sur une peau encore humide pour permettre une meilleure p\u00e9n\u00e9tration du lait.<\/p>\n","protected":false},"excerpt":{"rendered":"<p>Plongez au c\u0153ur de la Provence avec notre coffret \u00e0 la lavande, v\u00e9ritable embl\u00e8me de la r\u00e9gion. R\u00e9put\u00e9e pour ses vertus apaisantes et relaxantes, la lavande enveloppe la peau d&rsquo;un parfum d\u00e9licat tout en offrant un moment de pure d\u00e9tente.<\/p>\n","protected":false},"featured_media":491,"comment_status":"closed","ping_status":"closed","template":"","meta":{"inline_featured_image":false,"wds_primary_product_brand":0,"wds_primary_product_cat":0},"product_brand":[],"product_cat":[54,97],"product_tag":[32],"class_list":{"0":"post-490","1":"product","2":"type-product","3":"status-publish","4":"has-post-thumbnail","6":"product_cat-coffret-savon","7":"product_cat-lavande","8":"product_tag-violet","9":"description-off","11":"first","12":"instock","13":"taxable","14":"shipping-taxable","15":"purchasable","16":"product-type-simple"},"_links":{"self":[{"href":"https:\/\/savonnerie-marseillaise.com\/fr\/wp-json\/wp\/v2\/product\/490","targetHints":{"allow":["GET"]}}],"collection":[{"href":"https:\/\/savonnerie-marseillaise.com\/fr\/wp-json\/wp\/v2\/product"}],"about":[{"href":"https:\/\/savonnerie-marseillaise.com\/fr\/wp-json\/wp\/v2\/types\/product"}],"replies":[{"embeddable":true,"href":"https:\/\/savonnerie-marseillaise.com\/fr\/wp-json\/wp\/v2\/comments?post=490"}],"wp:featuredmedia":[{"embeddable":true,"href":"https:\/\/savonnerie-marseillaise.com\/fr\/wp-json\/wp\/v2\/media\/491"}],"wp:attachment":[{"href":"https:\/\/savonnerie-marseillaise.com\/fr\/wp-json\/wp\/v2\/media?parent=490"}],"wp:term":[{"taxonomy":"product_brand","embeddable":true,"href":"https:\/\/savonnerie-marseillaise.com\/fr\/wp-json\/wp\/v2\/product_brand?post=490"},{"taxonomy":"product_cat","embeddable":true,"href":"https:\/\/savonnerie-marseillaise.com\/fr\/wp-json\/wp\/v2\/product_cat?post=490"},{"taxonomy":"product_tag","embeddable":true,"href":"https:\/\/savonnerie-marseillaise.com\/fr\/wp-json\/wp\/v2\/product_tag?post=490"}],"curies":[{"name":"wp","href":"https:\/\/api.w.org\/{rel}","templated":true}]}}