{"id":492,"date":"2025-03-13T11:21:44","date_gmt":"2025-03-13T10:21:44","guid":{"rendered":"https:\/\/savonnerie-marseillaise.com\/produit\/coffret-duo-lavande\/"},"modified":"2025-03-24T12:16:10","modified_gmt":"2025-03-24T11:16:10","slug":"coffret-duo-lavande","status":"publish","type":"product","link":"https:\/\/savonnerie-marseillaise.com\/fr\/produit\/coffret-duo-lavande\/","title":{"rendered":"Coffret duo LAVANDE"},"content":{"rendered":"<p>Conseils d&rsquo;utilisation :<\/p>\n<p>Savon : Frottez la savonnette entre vos mains mouill\u00e9es ou une \u00e9ponge pour le faire mousser. Appliquez-la sur la peau puis rincez abondamment.<br \/>\nCr\u00e8me main : Appliquer en massage sur les mains aussi souvent que n\u00e9cessaire.<\/p>\n","protected":false},"excerpt":{"rendered":"<p>Plongez au c\u0153ur de la Provence avec notre coffret duo \u00e0 la lavande, v\u00e9ritable embl\u00e8me de la r\u00e9gion. R\u00e9put\u00e9e pour ses vertus apaisantes et relaxantes, la lavande enveloppe la peau d\u2019un parfum d\u00e9licat tout en offrant un moment de pure d\u00e9tente.<\/p>\n","protected":false},"featured_media":493,"comment_status":"closed","ping_status":"closed","template":"","meta":{"inline_featured_image":false,"wds_primary_product_brand":0,"wds_primary_product_cat":0},"product_brand":[],"product_cat":[54,97],"product_tag":[32],"class_list":{"0":"post-492","1":"product","2":"type-product","3":"status-publish","4":"has-post-thumbnail","6":"product_cat-coffret-savon","7":"product_cat-lavande","8":"product_tag-violet","9":"description-off","11":"first","12":"instock","13":"taxable","14":"shipping-taxable","15":"purchasable","16":"product-type-simple"},"_links":{"self":[{"href":"https:\/\/savonnerie-marseillaise.com\/fr\/wp-json\/wp\/v2\/product\/492","targetHints":{"allow":["GET"]}}],"collection":[{"href":"https:\/\/savonnerie-marseillaise.com\/fr\/wp-json\/wp\/v2\/product"}],"about":[{"href":"https:\/\/savonnerie-marseillaise.com\/fr\/wp-json\/wp\/v2\/types\/product"}],"replies":[{"embeddable":true,"href":"https:\/\/savonnerie-marseillaise.com\/fr\/wp-json\/wp\/v2\/comments?post=492"}],"wp:featuredmedia":[{"embeddable":true,"href":"https:\/\/savonnerie-marseillaise.com\/fr\/wp-json\/wp\/v2\/media\/493"}],"wp:attachment":[{"href":"https:\/\/savonnerie-marseillaise.com\/fr\/wp-json\/wp\/v2\/media?parent=492"}],"wp:term":[{"taxonomy":"product_brand","embeddable":true,"href":"https:\/\/savonnerie-marseillaise.com\/fr\/wp-json\/wp\/v2\/product_brand?post=492"},{"taxonomy":"product_cat","embeddable":true,"href":"https:\/\/savonnerie-marseillaise.com\/fr\/wp-json\/wp\/v2\/product_cat?post=492"},{"taxonomy":"product_tag","embeddable":true,"href":"https:\/\/savonnerie-marseillaise.com\/fr\/wp-json\/wp\/v2\/product_tag?post=492"}],"curies":[{"name":"wp","href":"https:\/\/api.w.org\/{rel}","templated":true}]}}