{"id":495,"date":"2025-03-13T11:21:44","date_gmt":"2025-03-13T10:21:44","guid":{"rendered":"https:\/\/savonnerie-marseillaise.com\/produit\/coffret-evasion-rio-de-janeiro\/"},"modified":"2025-03-24T12:16:11","modified_gmt":"2025-03-24T11:16:11","slug":"coffret-evasion-rio-de-janeiro","status":"publish","type":"product","link":"https:\/\/savonnerie-marseillaise.com\/fr\/produit\/coffret-evasion-rio-de-janeiro\/","title":{"rendered":"Coffret Evasion &#8211; RIO DE JANEIRO"},"content":{"rendered":"<p>Conseils d&rsquo;utilisation :<\/p>\n<p>Savon : Frottez la savonnette entre vos mains mouill\u00e9es ou une \u00e9ponge pour le faire mousser. Appliquez-la sur la peau puis rincez abondamment.<br \/>\nGel douche exfoliant : D\u00e9posez une noisette de gel exfoliant dans la paume de votre main. Appliquez-le sur une peau humide, massez en effectuant des mouvements circulaires puis rincez abondamment.<br \/>\nCr\u00e8me main : Appliquer en massage sur les mains aussi souvent que n\u00e9cessaire.<br \/>\nBrume corporelle : Vaporisez la brume sur votre peau \u00e0 tout moment de la journ\u00e9e.<\/p>\n","protected":false},"excerpt":{"rendered":"<p>Vivez l&rsquo;\u00e9nergie et la fra\u00eecheur vibrante du Br\u00e9sil avec le coffret \u00c9vasion RIO DE JANEIRO. Ce coffret complet, compos\u00e9 d&rsquo;un savon, d&rsquo;un gel douche exfoliant, d&rsquo;une cr\u00e8me pour les mains et d&rsquo;une brume corporelle, vous offre une \u00e9vasion sensorielle compl\u00e8te enveloppant votre peau d&rsquo;un parfum frais et intense. Un rituel qui \u00e9voque les rythmes vibrant de Rio, pour une peau revitalis\u00e9e et un bien-\u00eatre total.<\/p>\n","protected":false},"featured_media":496,"comment_status":"closed","ping_status":"closed","template":"","meta":{"inline_featured_image":false,"wds_primary_product_brand":0,"wds_primary_product_cat":0},"product_brand":[],"product_cat":[54,105],"product_tag":[34],"class_list":{"0":"post-495","1":"product","2":"type-product","3":"status-publish","4":"has-post-thumbnail","6":"product_cat-coffret-savon","7":"product_cat-evasion-rio","8":"product_tag-bleu","9":"description-off","11":"first","12":"instock","13":"taxable","14":"shipping-taxable","15":"purchasable","16":"product-type-simple"},"_links":{"self":[{"href":"https:\/\/savonnerie-marseillaise.com\/fr\/wp-json\/wp\/v2\/product\/495","targetHints":{"allow":["GET"]}}],"collection":[{"href":"https:\/\/savonnerie-marseillaise.com\/fr\/wp-json\/wp\/v2\/product"}],"about":[{"href":"https:\/\/savonnerie-marseillaise.com\/fr\/wp-json\/wp\/v2\/types\/product"}],"replies":[{"embeddable":true,"href":"https:\/\/savonnerie-marseillaise.com\/fr\/wp-json\/wp\/v2\/comments?post=495"}],"wp:featuredmedia":[{"embeddable":true,"href":"https:\/\/savonnerie-marseillaise.com\/fr\/wp-json\/wp\/v2\/media\/496"}],"wp:attachment":[{"href":"https:\/\/savonnerie-marseillaise.com\/fr\/wp-json\/wp\/v2\/media?parent=495"}],"wp:term":[{"taxonomy":"product_brand","embeddable":true,"href":"https:\/\/savonnerie-marseillaise.com\/fr\/wp-json\/wp\/v2\/product_brand?post=495"},{"taxonomy":"product_cat","embeddable":true,"href":"https:\/\/savonnerie-marseillaise.com\/fr\/wp-json\/wp\/v2\/product_cat?post=495"},{"taxonomy":"product_tag","embeddable":true,"href":"https:\/\/savonnerie-marseillaise.com\/fr\/wp-json\/wp\/v2\/product_tag?post=495"}],"curies":[{"name":"wp","href":"https:\/\/api.w.org\/{rel}","templated":true}]}}