{"id":500,"date":"2025-03-13T11:01:51","date_gmt":"2025-03-13T10:01:51","guid":{"rendered":"https:\/\/savonnerie-marseillaise.com\/produit\/copeaux-de-savon-rose\/"},"modified":"2025-03-24T12:16:11","modified_gmt":"2025-03-24T11:16:11","slug":"copeaux-de-savon-rose","status":"publish","type":"product","link":"https:\/\/savonnerie-marseillaise.com\/fr\/produit\/copeaux-de-savon-rose\/","title":{"rendered":"Copeaux de Savon &#8211; Rose"},"content":{"rendered":"<p>Conseils d&rsquo;utilisation :<br \/>\n-En machine<br \/>\n(RECETE POUR 1L DE<br \/>\nLESSIVE PRETE EN 5MIN)<br \/>\n-A la main<br \/>\nDiluez 1 cuill\u00e8re \u00e0 soupe de copeaux dans de l&rsquo;eau chaude pour laver vos textiles d\u00e9licats.<\/p>\n","protected":false},"excerpt":{"rendered":"<p>Apportez \u00e0 votre linge une touche de douceur florale avec nos copeaux de savon parfum\u00e9s \u00e0 la rose. Leur parfum d\u00e9licat et raffin\u00e9 \u00e9voque l&rsquo;\u00e9l\u00e9gance de la fra\u00eecheur des jardins francais, transformant chaque lessive en une exp\u00e9rience sesorielle apaisante. Id\u00e9als pour les peaux sesibles et les textiles d\u00e9licats, ces copeaux nettoient efficacement tout en respectant les fibres, laissant \u00e0 votre linge une agr\u00e9able senteur de rose. Faciles \u00e0 utiliser, ils sont parfaits pour la lessive \u00e0 la main et peuvent \u00eatre adapt\u00e9s avec notre recette maison pour un usage en machine.<\/p>\n","protected":false},"featured_media":501,"comment_status":"closed","ping_status":"closed","template":"","meta":{"inline_featured_image":false,"wds_primary_product_brand":0,"wds_primary_product_cat":0},"product_brand":[],"product_cat":[108],"product_tag":[26],"class_list":{"0":"post-500","1":"product","2":"type-product","3":"status-publish","4":"has-post-thumbnail","6":"product_cat-savon-en-paillette","7":"product_tag-rose","8":"description-off","10":"first","11":"instock","12":"taxable","13":"shipping-taxable","14":"purchasable","15":"product-type-simple"},"_links":{"self":[{"href":"https:\/\/savonnerie-marseillaise.com\/fr\/wp-json\/wp\/v2\/product\/500","targetHints":{"allow":["GET"]}}],"collection":[{"href":"https:\/\/savonnerie-marseillaise.com\/fr\/wp-json\/wp\/v2\/product"}],"about":[{"href":"https:\/\/savonnerie-marseillaise.com\/fr\/wp-json\/wp\/v2\/types\/product"}],"replies":[{"embeddable":true,"href":"https:\/\/savonnerie-marseillaise.com\/fr\/wp-json\/wp\/v2\/comments?post=500"}],"wp:featuredmedia":[{"embeddable":true,"href":"https:\/\/savonnerie-marseillaise.com\/fr\/wp-json\/wp\/v2\/media\/501"}],"wp:attachment":[{"href":"https:\/\/savonnerie-marseillaise.com\/fr\/wp-json\/wp\/v2\/media?parent=500"}],"wp:term":[{"taxonomy":"product_brand","embeddable":true,"href":"https:\/\/savonnerie-marseillaise.com\/fr\/wp-json\/wp\/v2\/product_brand?post=500"},{"taxonomy":"product_cat","embeddable":true,"href":"https:\/\/savonnerie-marseillaise.com\/fr\/wp-json\/wp\/v2\/product_cat?post=500"},{"taxonomy":"product_tag","embeddable":true,"href":"https:\/\/savonnerie-marseillaise.com\/fr\/wp-json\/wp\/v2\/product_tag?post=500"}],"curies":[{"name":"wp","href":"https:\/\/api.w.org\/{rel}","templated":true}]}}