{"id":515,"date":"2025-03-13T11:01:51","date_gmt":"2025-03-13T10:01:51","guid":{"rendered":"https:\/\/savonnerie-marseillaise.com\/produit\/copeaux-de-savon-citron\/"},"modified":"2025-03-24T12:16:11","modified_gmt":"2025-03-24T11:16:11","slug":"copeaux-de-savon-citron","status":"publish","type":"product","link":"https:\/\/savonnerie-marseillaise.com\/fr\/produit\/copeaux-de-savon-citron\/","title":{"rendered":"Copeaux de Savon &#8211; Citron"},"content":{"rendered":"<p>Conseils d&rsquo;utilisation :<br \/>\n-En machine<br \/>\n(RECETE POUR 1L DE<br \/>\nLESSIVE PRETE EN 5MIN)<br \/>\n-A la main<br \/>\nDiluez 1 cuill\u00e8re \u00e0 soupe de copeaux dans de l&rsquo;eau chaude pour laver vos textiles d\u00e9licats.<\/p>\n","protected":false},"excerpt":{"rendered":"<p style=\"font-weight: 400;\">Apportez \u00e0 votre linge fra\u00eecheur et vitalit\u00e9 avec nos copeaux de savons parfum\u00e9s au citron. Enrichis d&rsquo;un parfum vif et p\u00e9tillant, ils apportent une touche tonique et lumineuse \u00e0 chaque lessive. Id\u00e9als pour les peaux sensibles et les textiles d\u00e9licats, ces copeaux allient une grande efficacit\u00e9 nettoyante au respect des fibres, tout en laissant une agr\u00e9able odeur citronn\u00e9e sur votre linge. Faciles \u00e0 utiliser, ils conviennent parfaitement \u00e0 la lessive \u00e0 la main et peuvent \u00eatre transform\u00e9es avec notre recette maison pour un usage en machine.<\/p>\n","protected":false},"featured_media":516,"comment_status":"closed","ping_status":"closed","template":"","meta":{"inline_featured_image":false,"wds_primary_product_brand":0,"wds_primary_product_cat":0},"product_brand":[],"product_cat":[108],"product_tag":[33],"class_list":{"0":"post-515","1":"product","2":"type-product","3":"status-publish","4":"has-post-thumbnail","6":"product_cat-savon-en-paillette","7":"product_tag-jaune","8":"description-off","10":"first","11":"instock","12":"taxable","13":"shipping-taxable","14":"purchasable","15":"product-type-simple"},"_links":{"self":[{"href":"https:\/\/savonnerie-marseillaise.com\/fr\/wp-json\/wp\/v2\/product\/515","targetHints":{"allow":["GET"]}}],"collection":[{"href":"https:\/\/savonnerie-marseillaise.com\/fr\/wp-json\/wp\/v2\/product"}],"about":[{"href":"https:\/\/savonnerie-marseillaise.com\/fr\/wp-json\/wp\/v2\/types\/product"}],"replies":[{"embeddable":true,"href":"https:\/\/savonnerie-marseillaise.com\/fr\/wp-json\/wp\/v2\/comments?post=515"}],"wp:featuredmedia":[{"embeddable":true,"href":"https:\/\/savonnerie-marseillaise.com\/fr\/wp-json\/wp\/v2\/media\/516"}],"wp:attachment":[{"href":"https:\/\/savonnerie-marseillaise.com\/fr\/wp-json\/wp\/v2\/media?parent=515"}],"wp:term":[{"taxonomy":"product_brand","embeddable":true,"href":"https:\/\/savonnerie-marseillaise.com\/fr\/wp-json\/wp\/v2\/product_brand?post=515"},{"taxonomy":"product_cat","embeddable":true,"href":"https:\/\/savonnerie-marseillaise.com\/fr\/wp-json\/wp\/v2\/product_cat?post=515"},{"taxonomy":"product_tag","embeddable":true,"href":"https:\/\/savonnerie-marseillaise.com\/fr\/wp-json\/wp\/v2\/product_tag?post=515"}],"curies":[{"name":"wp","href":"https:\/\/api.w.org\/{rel}","templated":true}]}}