{"id":523,"date":"2025-03-13T11:01:51","date_gmt":"2025-03-13T10:01:51","guid":{"rendered":"https:\/\/savonnerie-marseillaise.com\/produit\/copeaux-de-savon-nature\/"},"modified":"2025-03-24T12:16:12","modified_gmt":"2025-03-24T11:16:12","slug":"copeaux-de-savon-nature","status":"publish","type":"product","link":"https:\/\/savonnerie-marseillaise.com\/fr\/produit\/copeaux-de-savon-nature\/","title":{"rendered":"Copeaux de Savon &#8211; Nature"},"content":{"rendered":"<p>Conseils d&rsquo;utilisation :<br \/>\n-En machine<br \/>\n(RECETE POUR 1L DE<br \/>\nLESSIVE PRETE EN 5MIN)<br \/>\n-A la main<br \/>\nDiluez 1 cuill\u00e8re \u00e0 soupe de copeaux dans de l&rsquo;eau chaude pour laver vos textiles d\u00e9licats.<\/p>\n","protected":false},"excerpt":{"rendered":"<p>Apportez \u00e0 votre linge<br \/>\npropret\u00e9, douceur et<br \/>\nrespect de l&rsquo;environnement avec nos copeaux de savon de Marseille blancs. 100% naturels et hypoallergenics, ils offrent un nettoyage efficace tout en prenant soin des textiles, m\u00eame les plus d\u00e9licats. Id\u00e9als pour les peaux sensibles, ils pr\u00e9servent la qualit\u00e9 des fibres et prolongent la dur\u00e9e de vie de vos v\u00eatements. <\/p>\n<p>Ecologique et biod\u00e9gradables, ces copeaux sont une alternative responsable aux lessives classiques, respectant \u00e0  la fois votre linge et la plan\u00e8te. Faciles \u00e0 utiliser, ils conviennent parfaitement \u00e0 la lessive \u00e0 la main et peuvent \u00eatre adapt\u00e9s avec notre recette maison pour un usage en machine.<\/p>\n","protected":false},"featured_media":524,"comment_status":"closed","ping_status":"closed","template":"","meta":{"inline_featured_image":false,"wds_primary_product_brand":0,"wds_primary_product_cat":0},"product_brand":[],"product_cat":[108],"product_tag":[35],"class_list":{"0":"post-523","1":"product","2":"type-product","3":"status-publish","4":"has-post-thumbnail","6":"product_cat-savon-en-paillette","7":"product_tag-blanc","8":"description-off","10":"first","11":"instock","12":"taxable","13":"shipping-taxable","14":"purchasable","15":"product-type-simple"},"_links":{"self":[{"href":"https:\/\/savonnerie-marseillaise.com\/fr\/wp-json\/wp\/v2\/product\/523","targetHints":{"allow":["GET"]}}],"collection":[{"href":"https:\/\/savonnerie-marseillaise.com\/fr\/wp-json\/wp\/v2\/product"}],"about":[{"href":"https:\/\/savonnerie-marseillaise.com\/fr\/wp-json\/wp\/v2\/types\/product"}],"replies":[{"embeddable":true,"href":"https:\/\/savonnerie-marseillaise.com\/fr\/wp-json\/wp\/v2\/comments?post=523"}],"wp:featuredmedia":[{"embeddable":true,"href":"https:\/\/savonnerie-marseillaise.com\/fr\/wp-json\/wp\/v2\/media\/524"}],"wp:attachment":[{"href":"https:\/\/savonnerie-marseillaise.com\/fr\/wp-json\/wp\/v2\/media?parent=523"}],"wp:term":[{"taxonomy":"product_brand","embeddable":true,"href":"https:\/\/savonnerie-marseillaise.com\/fr\/wp-json\/wp\/v2\/product_brand?post=523"},{"taxonomy":"product_cat","embeddable":true,"href":"https:\/\/savonnerie-marseillaise.com\/fr\/wp-json\/wp\/v2\/product_cat?post=523"},{"taxonomy":"product_tag","embeddable":true,"href":"https:\/\/savonnerie-marseillaise.com\/fr\/wp-json\/wp\/v2\/product_tag?post=523"}],"curies":[{"name":"wp","href":"https:\/\/api.w.org\/{rel}","templated":true}]}}