{"id":525,"date":"2025-03-13T11:01:51","date_gmt":"2025-03-13T10:01:51","guid":{"rendered":"https:\/\/savonnerie-marseillaise.com\/produit\/copeaux-de-savons-lavande\/"},"modified":"2025-03-24T12:16:12","modified_gmt":"2025-03-24T11:16:12","slug":"copeaux-de-savons-lavande","status":"publish","type":"product","link":"https:\/\/savonnerie-marseillaise.com\/fr\/produit\/copeaux-de-savons-lavande\/","title":{"rendered":"Copeaux de Savons &#8211; Lavande"},"content":{"rendered":"<p>Conseils d&rsquo;utilisation :<br \/>\n-En machine<br \/>\n(RECETE POUR 1L DE<br \/>\nLESSIVE PRETE EN 5MIN)<br \/>\n-A la main<br \/>\nDiluez 1 cuill\u00e8re \u00e0 soupe de copeaux dans de l&rsquo;eau chaude pour laver vos textiles d\u00e9licats.<\/p>\n","protected":false},"excerpt":{"rendered":"<p style=\"font-weight: 400;\">Apportez \u00e0 votre linge douceur et fra\u00eecheur avec nos copeaux de savon parfum\u00e9es \u00e0 la lavande. Enrichis d&rsquo;un d\u00e9licat parfum de lavande, v\u00e9ritable symbole de la Provence, ces copeaux transforment chaque lessive en une exp\u00e9rience apaisante et agr\u00e9able.<br \/>\nId\u00e9al pour les peaux sensibles et les textiles d\u00e9licats les copeaux allient une efficacit\u00e9 nettoyante et respect des fibres, tout en laissant une agr\u00e9able odeur de lavande sur votre linge. Faciles \u00e0 utiliser, ils conviennent \u00e0 la lessive \u00e0 la main et peuvent \u00eatre transform\u00e9s selon notre recette maison pour une utilisation en machine.<\/p>\n","protected":false},"featured_media":526,"comment_status":"closed","ping_status":"closed","template":"","meta":{"inline_featured_image":false,"wds_primary_product_brand":0,"wds_primary_product_cat":0},"product_brand":[],"product_cat":[108],"product_tag":[32],"class_list":{"0":"post-525","1":"product","2":"type-product","3":"status-publish","4":"has-post-thumbnail","6":"product_cat-savon-en-paillette","7":"product_tag-violet","8":"description-off","10":"first","11":"instock","12":"taxable","13":"shipping-taxable","14":"purchasable","15":"product-type-simple"},"_links":{"self":[{"href":"https:\/\/savonnerie-marseillaise.com\/fr\/wp-json\/wp\/v2\/product\/525","targetHints":{"allow":["GET"]}}],"collection":[{"href":"https:\/\/savonnerie-marseillaise.com\/fr\/wp-json\/wp\/v2\/product"}],"about":[{"href":"https:\/\/savonnerie-marseillaise.com\/fr\/wp-json\/wp\/v2\/types\/product"}],"replies":[{"embeddable":true,"href":"https:\/\/savonnerie-marseillaise.com\/fr\/wp-json\/wp\/v2\/comments?post=525"}],"wp:featuredmedia":[{"embeddable":true,"href":"https:\/\/savonnerie-marseillaise.com\/fr\/wp-json\/wp\/v2\/media\/526"}],"wp:attachment":[{"href":"https:\/\/savonnerie-marseillaise.com\/fr\/wp-json\/wp\/v2\/media?parent=525"}],"wp:term":[{"taxonomy":"product_brand","embeddable":true,"href":"https:\/\/savonnerie-marseillaise.com\/fr\/wp-json\/wp\/v2\/product_brand?post=525"},{"taxonomy":"product_cat","embeddable":true,"href":"https:\/\/savonnerie-marseillaise.com\/fr\/wp-json\/wp\/v2\/product_cat?post=525"},{"taxonomy":"product_tag","embeddable":true,"href":"https:\/\/savonnerie-marseillaise.com\/fr\/wp-json\/wp\/v2\/product_tag?post=525"}],"curies":[{"name":"wp","href":"https:\/\/api.w.org\/{rel}","templated":true}]}}