{"id":533,"date":"2025-03-13T11:01:51","date_gmt":"2025-03-13T10:01:51","guid":{"rendered":"https:\/\/savonnerie-marseillaise.com\/produit\/copeaux-de-savons-fleur-doranger\/"},"modified":"2025-03-24T12:16:12","modified_gmt":"2025-03-24T11:16:12","slug":"copeaux-de-savons-fleur-doranger","status":"publish","type":"product","link":"https:\/\/savonnerie-marseillaise.com\/fr\/produit\/copeaux-de-savons-fleur-doranger\/","title":{"rendered":"Copeaux de Savons &#8211; Fleur d&rsquo;Oranger"},"content":{"rendered":"<p>Conseils d&rsquo;utilisation :<br \/>\n-En machine<br \/>\n(RECETE POUR 1L DE<br \/>\nLESSIVE PRETE EN 5MIN)<br \/>\n-A la main<br \/>\nDiluez 1 cuill\u00e8re \u00e0 soupe de copeaux dans de l&rsquo;eau chaude pour laver vos textiles d\u00e9licats.<\/p>\n","protected":false},"excerpt":{"rendered":"<p>Apportez \u00e0 votre linge douceur et une touche ensoleill\u00e9e avec nos copeaux de savon parfum\u00e9es \u00e0 la fleur d&rsquo;oranger. Enrichis d&rsquo;un parfum d\u00e9licet et raffin\u00e9, ils \u00e9voquent la douceur et la chaleur des jardins m\u00e9diterran\u00e9ens. Parfaits pour les peaux sensibles et les textiles d\u00e9licats, ces copeaux offrent ue efficacit\u00e9 nettoyante irr\u00e9prochable tout en respectant les fibles, laissant sur votre linge un agr\u00e9able sillage de fleur d&rsquo;oranger. Faciles \u00e0 utiliser, ils sont adapt\u00e9s \u00e0 la lessive \u00e0 la main et peuvent \u00eatre transform\u00e9s avec une recette maison pour un usage en machine.<\/p>\n","protected":false},"featured_media":534,"comment_status":"closed","ping_status":"closed","template":"","meta":{"inline_featured_image":false,"wds_primary_product_brand":0,"wds_primary_product_cat":0},"product_brand":[],"product_cat":[108],"product_tag":[109],"class_list":{"0":"post-533","1":"product","2":"type-product","3":"status-publish","4":"has-post-thumbnail","6":"product_cat-savon-en-paillette","7":"product_tag-orange-claire","8":"description-off","10":"first","11":"instock","12":"taxable","13":"shipping-taxable","14":"purchasable","15":"product-type-simple"},"_links":{"self":[{"href":"https:\/\/savonnerie-marseillaise.com\/fr\/wp-json\/wp\/v2\/product\/533","targetHints":{"allow":["GET"]}}],"collection":[{"href":"https:\/\/savonnerie-marseillaise.com\/fr\/wp-json\/wp\/v2\/product"}],"about":[{"href":"https:\/\/savonnerie-marseillaise.com\/fr\/wp-json\/wp\/v2\/types\/product"}],"replies":[{"embeddable":true,"href":"https:\/\/savonnerie-marseillaise.com\/fr\/wp-json\/wp\/v2\/comments?post=533"}],"wp:featuredmedia":[{"embeddable":true,"href":"https:\/\/savonnerie-marseillaise.com\/fr\/wp-json\/wp\/v2\/media\/534"}],"wp:attachment":[{"href":"https:\/\/savonnerie-marseillaise.com\/fr\/wp-json\/wp\/v2\/media?parent=533"}],"wp:term":[{"taxonomy":"product_brand","embeddable":true,"href":"https:\/\/savonnerie-marseillaise.com\/fr\/wp-json\/wp\/v2\/product_brand?post=533"},{"taxonomy":"product_cat","embeddable":true,"href":"https:\/\/savonnerie-marseillaise.com\/fr\/wp-json\/wp\/v2\/product_cat?post=533"},{"taxonomy":"product_tag","embeddable":true,"href":"https:\/\/savonnerie-marseillaise.com\/fr\/wp-json\/wp\/v2\/product_tag?post=533"}],"curies":[{"name":"wp","href":"https:\/\/api.w.org\/{rel}","templated":true}]}}