{"id":536,"date":"2025-03-12T17:40:22","date_gmt":"2025-03-12T16:40:22","guid":{"rendered":"https:\/\/savonnerie-marseillaise.com\/produit\/douceur-en-provence-nettoyant-visage\/"},"modified":"2025-03-24T12:16:12","modified_gmt":"2025-03-24T11:16:12","slug":"douceur-en-provence-nettoyant-visage","status":"publish","type":"product","link":"https:\/\/savonnerie-marseillaise.com\/fr\/produit\/douceur-en-provence-nettoyant-visage\/","title":{"rendered":"Douceur en Provence &#8211; Nettoyant visage"},"content":{"rendered":"<p>Conseil d\u2019utilisation : <\/p>\n<p>Humidifiez votre visage et faites glisser directement l savonnette sur votre peau en effectuant de l\u00e9gers mouvements circulaires. La mousse ainsi form\u00e9e nettoie en douceur tout en \u00e9liminant les impuret\u00e9s et le maquillage. Rincez abondamment \u00e0 l\u2019eau claire. Utilisez quotidiennement pour une peau nette, douce et confortable.<\/p>\n","protected":false},"excerpt":{"rendered":"<p>Douceur en Provence vous transporte au c\u0153ur des terres proven\u00e7ales, entre les Alpes et la M\u00e9diterran\u00e9e, pour vous offrir une exp\u00e9rience sensorielle unique. Cette savonnette nettoie en douceur et \u00e9limine les impuret\u00e9s, y compris le maquillage, tout en respectant l\u2019\u00e9quilibre naturel de la peau. Enrichie en ingr\u00e9dients aux propri\u00e9t\u00e9s nourrissantes et purifiantes, elle laisse la peau douce, lumineuse et confortable. Adapt\u00e9e \u00e0 tous les types de peau, elle transforme chaque lavage en un moment de soin d\u00e9licat.<\/p>\n","protected":false},"featured_media":141,"comment_status":"closed","ping_status":"closed","template":"","meta":{"inline_featured_image":false,"wds_primary_product_brand":0,"wds_primary_product_cat":0},"product_brand":[],"product_cat":[48,93],"product_tag":[26],"class_list":{"0":"post-536","1":"product","2":"type-product","3":"status-publish","4":"has-post-thumbnail","6":"product_cat-douceur-en-pce","7":"product_cat-soins","8":"product_tag-rose","9":"description-off","11":"first","12":"instock","13":"taxable","14":"shipping-taxable","15":"purchasable","16":"product-type-simple"},"_links":{"self":[{"href":"https:\/\/savonnerie-marseillaise.com\/fr\/wp-json\/wp\/v2\/product\/536","targetHints":{"allow":["GET"]}}],"collection":[{"href":"https:\/\/savonnerie-marseillaise.com\/fr\/wp-json\/wp\/v2\/product"}],"about":[{"href":"https:\/\/savonnerie-marseillaise.com\/fr\/wp-json\/wp\/v2\/types\/product"}],"replies":[{"embeddable":true,"href":"https:\/\/savonnerie-marseillaise.com\/fr\/wp-json\/wp\/v2\/comments?post=536"}],"wp:featuredmedia":[{"embeddable":true,"href":"https:\/\/savonnerie-marseillaise.com\/fr\/wp-json\/wp\/v2\/media\/141"}],"wp:attachment":[{"href":"https:\/\/savonnerie-marseillaise.com\/fr\/wp-json\/wp\/v2\/media?parent=536"}],"wp:term":[{"taxonomy":"product_brand","embeddable":true,"href":"https:\/\/savonnerie-marseillaise.com\/fr\/wp-json\/wp\/v2\/product_brand?post=536"},{"taxonomy":"product_cat","embeddable":true,"href":"https:\/\/savonnerie-marseillaise.com\/fr\/wp-json\/wp\/v2\/product_cat?post=536"},{"taxonomy":"product_tag","embeddable":true,"href":"https:\/\/savonnerie-marseillaise.com\/fr\/wp-json\/wp\/v2\/product_tag?post=536"}],"curies":[{"name":"wp","href":"https:\/\/api.w.org\/{rel}","templated":true}]}}