{"id":537,"date":"2025-03-12T17:40:22","date_gmt":"2025-03-12T16:40:22","guid":{"rendered":"https:\/\/savonnerie-marseillaise.com\/produit\/douceur-en-provence-savon-exfoliant-corps\/"},"modified":"2025-03-24T12:16:12","modified_gmt":"2025-03-24T11:16:12","slug":"douceur-en-provence-savon-exfoliant-corps","status":"publish","type":"product","link":"https:\/\/savonnerie-marseillaise.com\/fr\/produit\/douceur-en-provence-savon-exfoliant-corps\/","title":{"rendered":"Douceur en Provence &#8211; Savon exfoliant corps"},"content":{"rendered":"<p>Conseil d\u2019utilisation :<\/p>\n<p>Prenez le savon en main en utilisant le c\u00f4t\u00e9 lisse pour une meilleure prise. Sur peau humide, faites des mouvements circulaires avec le c\u00f4t\u00e9 massant pour exfolier et masser simultan\u00e9ment. Insistez sur les zones cibl\u00e9es (cuisses, hanches, fesses) ou les parties plus rugueuses du corps. Rincez abondamment. \u00c0 utiliser 1 \u00e0 2 fois par semaine pour une peau lisse, tonifi\u00e9e et revitalis\u00e9e.<\/p>\n","protected":false},"excerpt":{"rendered":"<p>Douceur en Provence vous transporte au c\u0153ur des terres proven\u00e7ales, entre les Alpes et la M\u00e9diterran\u00e9e, pour vous offrir une exp\u00e9rience sensorielle unique. Ce savon exfoliant 3-en-1 lave, purifie et exfolie en douceur gr\u00e2ce \u00e0 ses grains naturel issus des noyaux d\u2019argan et de noix de cacao. Enrichi en huile d\u2019argan, il nourrit la peau tout en lui apportant douceur et souplesse. Son design unique, avec un c\u00f4t\u00e9 bomb\u00e9 pour une prise en main facile et un c\u00f4t\u00e9 dot\u00e9 de reliefs massant, stimule la microcirculation et aide \u00e0 lisser l\u2019apparence de la peau, pour un soin complet et efficace.<\/p>\n","protected":false},"featured_media":145,"comment_status":"closed","ping_status":"closed","template":"","meta":{"inline_featured_image":false,"wds_primary_product_brand":0,"wds_primary_product_cat":0},"product_brand":[],"product_cat":[48,93],"product_tag":[35,25],"class_list":{"0":"post-537","1":"product","2":"type-product","3":"status-publish","4":"has-post-thumbnail","6":"product_cat-douceur-en-pce","7":"product_cat-soins","8":"product_tag-blanc","9":"product_tag-marron","10":"description-off","12":"first","13":"instock","14":"taxable","15":"shipping-taxable","16":"purchasable","17":"product-type-simple"},"_links":{"self":[{"href":"https:\/\/savonnerie-marseillaise.com\/fr\/wp-json\/wp\/v2\/product\/537","targetHints":{"allow":["GET"]}}],"collection":[{"href":"https:\/\/savonnerie-marseillaise.com\/fr\/wp-json\/wp\/v2\/product"}],"about":[{"href":"https:\/\/savonnerie-marseillaise.com\/fr\/wp-json\/wp\/v2\/types\/product"}],"replies":[{"embeddable":true,"href":"https:\/\/savonnerie-marseillaise.com\/fr\/wp-json\/wp\/v2\/comments?post=537"}],"wp:featuredmedia":[{"embeddable":true,"href":"https:\/\/savonnerie-marseillaise.com\/fr\/wp-json\/wp\/v2\/media\/145"}],"wp:attachment":[{"href":"https:\/\/savonnerie-marseillaise.com\/fr\/wp-json\/wp\/v2\/media?parent=537"}],"wp:term":[{"taxonomy":"product_brand","embeddable":true,"href":"https:\/\/savonnerie-marseillaise.com\/fr\/wp-json\/wp\/v2\/product_brand?post=537"},{"taxonomy":"product_cat","embeddable":true,"href":"https:\/\/savonnerie-marseillaise.com\/fr\/wp-json\/wp\/v2\/product_cat?post=537"},{"taxonomy":"product_tag","embeddable":true,"href":"https:\/\/savonnerie-marseillaise.com\/fr\/wp-json\/wp\/v2\/product_tag?post=537"}],"curies":[{"name":"wp","href":"https:\/\/api.w.org\/{rel}","templated":true}]}}