{"id":538,"date":"2025-03-12T17:40:22","date_gmt":"2025-03-12T16:40:22","guid":{"rendered":"https:\/\/savonnerie-marseillaise.com\/produit\/douceur-en-provence-savon\/"},"modified":"2025-11-24T11:59:50","modified_gmt":"2025-11-24T10:59:50","slug":"douceur-en-provence-savon","status":"publish","type":"product","link":"https:\/\/savonnerie-marseillaise.com\/fr\/produit\/douceur-en-provence-savon\/","title":{"rendered":"Douceur en Provence &#8211; Savon"},"content":{"rendered":"<p>Conseil d\u2019utilisation :<\/p>\n<p>Humidifiez votre peau, puis faites glisser la savonnette directement sur le corps ou entre vos mains pour cr\u00e9er une mousse g\u00e9n\u00e9reuse. Appliquez par de l\u00e9gers mouvements circulaires, puis rincez abondamment \u00e0 l\u2019eau claire. Convient \u00e0 tous les types de peau pour une utilisation quotidienne.<\/p>\n<p>Nomenclature douane : 33049900<\/p>\n","protected":false},"excerpt":{"rendered":"<p>Douceur en Provence vous transporte au c\u0153ur des terres sensorielle unique. Cette savonnette, au design \u00e9l\u00e9gant en forme d\u2019hexagone, nettoie la peau tout en douceur et la laisse fra\u00eeche, souple et d\u00e9licatement parfum\u00e9e.<\/p>\n","protected":false},"featured_media":139,"comment_status":"closed","ping_status":"closed","template":"","meta":{"inline_featured_image":false,"wds_primary_product_brand":0,"wds_primary_product_cat":0},"product_brand":[],"product_cat":[48,93],"product_tag":[35],"class_list":{"0":"post-538","1":"product","2":"type-product","3":"status-publish","4":"has-post-thumbnail","6":"product_cat-douceur-en-pce","7":"product_cat-soins","8":"product_tag-blanc","9":"description-off","11":"first","12":"outofstock","13":"taxable","14":"shipping-taxable","15":"purchasable","16":"product-type-simple"},"_links":{"self":[{"href":"https:\/\/savonnerie-marseillaise.com\/fr\/wp-json\/wp\/v2\/product\/538","targetHints":{"allow":["GET"]}}],"collection":[{"href":"https:\/\/savonnerie-marseillaise.com\/fr\/wp-json\/wp\/v2\/product"}],"about":[{"href":"https:\/\/savonnerie-marseillaise.com\/fr\/wp-json\/wp\/v2\/types\/product"}],"replies":[{"embeddable":true,"href":"https:\/\/savonnerie-marseillaise.com\/fr\/wp-json\/wp\/v2\/comments?post=538"}],"wp:featuredmedia":[{"embeddable":true,"href":"https:\/\/savonnerie-marseillaise.com\/fr\/wp-json\/wp\/v2\/media\/139"}],"wp:attachment":[{"href":"https:\/\/savonnerie-marseillaise.com\/fr\/wp-json\/wp\/v2\/media?parent=538"}],"wp:term":[{"taxonomy":"product_brand","embeddable":true,"href":"https:\/\/savonnerie-marseillaise.com\/fr\/wp-json\/wp\/v2\/product_brand?post=538"},{"taxonomy":"product_cat","embeddable":true,"href":"https:\/\/savonnerie-marseillaise.com\/fr\/wp-json\/wp\/v2\/product_cat?post=538"},{"taxonomy":"product_tag","embeddable":true,"href":"https:\/\/savonnerie-marseillaise.com\/fr\/wp-json\/wp\/v2\/product_tag?post=538"}],"curies":[{"name":"wp","href":"https:\/\/api.w.org\/{rel}","templated":true}]}}