{"id":539,"date":"2025-03-12T17:40:22","date_gmt":"2025-03-12T16:40:22","guid":{"rendered":"https:\/\/savonnerie-marseillaise.com\/produit\/douceur-en-provence-lait-corporel\/"},"modified":"2025-03-24T12:16:13","modified_gmt":"2025-03-24T11:16:13","slug":"douceur-en-provence-lait-corporel","status":"publish","type":"product","link":"https:\/\/savonnerie-marseillaise.com\/fr\/produit\/douceur-en-provence-lait-corporel\/","title":{"rendered":"Douceur en Provence &#8211; Lait corporel"},"content":{"rendered":"<p>Conseils d&rsquo;utilisation : <\/p>\n<p>Appliquez le lait corps sur une peau saine et s\u00e8che d\u00e8s la sortie de la douche sur l&rsquo;ensemble du corps.<\/p>\n","protected":false},"excerpt":{"rendered":"<p>Douceur en Provence vous transporte au c\u0153ur des terres proven\u00e7ales, entre les Alpes et la M\u00e9diterran\u00e9e, pour vous offrir une exp\u00e9rience sensorielle unique. Laissez-vous envelopper par la douceur du lait corps hydratant et offrez \u00e0 votre peau un v\u00e9ritable moment de soin gr\u00e2ce \u00e0 ses propri\u00e9t\u00e9s nourrissantes et protectrices. Sa texture l\u00e9g\u00e8re p\u00e9n\u00e8tre rapidement, vous apportant imm\u00e9diatement une caresse velout\u00e9e. Votre corps retrouve confort et souplesse, tout en diffusant un parfum d\u00e9licat et subtil.<\/p>\n","protected":false},"featured_media":142,"comment_status":"closed","ping_status":"closed","template":"","meta":{"inline_featured_image":false,"wds_primary_product_brand":0,"wds_primary_product_cat":0},"product_brand":[],"product_cat":[48,93],"product_tag":[110,35],"class_list":{"0":"post-539","1":"product","2":"type-product","3":"status-publish","4":"has-post-thumbnail","6":"product_cat-douceur-en-pce","7":"product_cat-soins","8":"product_tag-beige","9":"product_tag-blanc","10":"description-off","12":"first","13":"instock","14":"taxable","15":"shipping-taxable","16":"purchasable","17":"product-type-simple"},"_links":{"self":[{"href":"https:\/\/savonnerie-marseillaise.com\/fr\/wp-json\/wp\/v2\/product\/539","targetHints":{"allow":["GET"]}}],"collection":[{"href":"https:\/\/savonnerie-marseillaise.com\/fr\/wp-json\/wp\/v2\/product"}],"about":[{"href":"https:\/\/savonnerie-marseillaise.com\/fr\/wp-json\/wp\/v2\/types\/product"}],"replies":[{"embeddable":true,"href":"https:\/\/savonnerie-marseillaise.com\/fr\/wp-json\/wp\/v2\/comments?post=539"}],"wp:featuredmedia":[{"embeddable":true,"href":"https:\/\/savonnerie-marseillaise.com\/fr\/wp-json\/wp\/v2\/media\/142"}],"wp:attachment":[{"href":"https:\/\/savonnerie-marseillaise.com\/fr\/wp-json\/wp\/v2\/media?parent=539"}],"wp:term":[{"taxonomy":"product_brand","embeddable":true,"href":"https:\/\/savonnerie-marseillaise.com\/fr\/wp-json\/wp\/v2\/product_brand?post=539"},{"taxonomy":"product_cat","embeddable":true,"href":"https:\/\/savonnerie-marseillaise.com\/fr\/wp-json\/wp\/v2\/product_cat?post=539"},{"taxonomy":"product_tag","embeddable":true,"href":"https:\/\/savonnerie-marseillaise.com\/fr\/wp-json\/wp\/v2\/product_tag?post=539"}],"curies":[{"name":"wp","href":"https:\/\/api.w.org\/{rel}","templated":true}]}}