{"id":540,"date":"2025-03-12T17:40:22","date_gmt":"2025-03-12T16:40:22","guid":{"rendered":"https:\/\/savonnerie-marseillaise.com\/produit\/aloe-vera-creme-mains\/"},"modified":"2026-01-27T14:35:39","modified_gmt":"2026-01-27T13:35:39","slug":"aloe-vera-creme-mains","status":"publish","type":"product","link":"https:\/\/savonnerie-marseillaise.com\/fr\/produit\/aloe-vera-creme-mains\/","title":{"rendered":"Aloe vera &#8211; Cr\u00e8me mains"},"content":{"rendered":"<p>Conseils d&rsquo;utilisation : <\/p>\n<p>1 \u00e0 3 fois par jour, d\u00e9posez une noisette de cr\u00e8me sur la main et \u00e9talez-la en massant de fa\u00e7on circulaire pour bien faire p\u00e9n\u00e9trer la cr\u00e8me sans oublier le bout des doigts et autour des ongles.<\/p>\n<p>Nomenclature douane : 34011100<\/p>\n","protected":false},"excerpt":{"rendered":"<p>Reconnue pour ses propri\u00e9t\u00e9s hydratantes, apaisantes et r\u00e9paratrices, l\u2019aloe vera transforme chaque soin en un moment de fra\u00eecheur et de confort. Cette cr\u00e8me mains hydrate, apaise et prot\u00e8ge la peau des agressions ext\u00e9rieures. Sa texture non grasse enveloppe vos mains d\u2019un voile de douceur et de l\u00e9g\u00e8ret\u00e9, tout en laissant un subtil parfum frais.<\/p>\n","protected":false},"featured_media":541,"comment_status":"closed","ping_status":"closed","template":"","meta":{"inline_featured_image":false,"wds_primary_product_brand":0,"wds_primary_product_cat":0},"product_brand":[],"product_cat":[111,93],"product_tag":[112,31],"class_list":{"0":"post-540","1":"product","2":"type-product","3":"status-publish","4":"has-post-thumbnail","6":"product_cat-aloe-vera","7":"product_cat-soins","8":"product_tag-argent","9":"product_tag-vert","10":"description-off","12":"first","13":"instock","14":"taxable","15":"shipping-taxable","16":"purchasable","17":"product-type-simple"},"_links":{"self":[{"href":"https:\/\/savonnerie-marseillaise.com\/fr\/wp-json\/wp\/v2\/product\/540","targetHints":{"allow":["GET"]}}],"collection":[{"href":"https:\/\/savonnerie-marseillaise.com\/fr\/wp-json\/wp\/v2\/product"}],"about":[{"href":"https:\/\/savonnerie-marseillaise.com\/fr\/wp-json\/wp\/v2\/types\/product"}],"replies":[{"embeddable":true,"href":"https:\/\/savonnerie-marseillaise.com\/fr\/wp-json\/wp\/v2\/comments?post=540"}],"wp:featuredmedia":[{"embeddable":true,"href":"https:\/\/savonnerie-marseillaise.com\/fr\/wp-json\/wp\/v2\/media\/541"}],"wp:attachment":[{"href":"https:\/\/savonnerie-marseillaise.com\/fr\/wp-json\/wp\/v2\/media?parent=540"}],"wp:term":[{"taxonomy":"product_brand","embeddable":true,"href":"https:\/\/savonnerie-marseillaise.com\/fr\/wp-json\/wp\/v2\/product_brand?post=540"},{"taxonomy":"product_cat","embeddable":true,"href":"https:\/\/savonnerie-marseillaise.com\/fr\/wp-json\/wp\/v2\/product_cat?post=540"},{"taxonomy":"product_tag","embeddable":true,"href":"https:\/\/savonnerie-marseillaise.com\/fr\/wp-json\/wp\/v2\/product_tag?post=540"}],"curies":[{"name":"wp","href":"https:\/\/api.w.org\/{rel}","templated":true}]}}