{"id":548,"date":"2025-03-12T17:40:22","date_gmt":"2025-03-12T16:40:22","guid":{"rendered":"https:\/\/savonnerie-marseillaise.com\/produit\/aloe-vera-lait-corporel\/"},"modified":"2025-03-24T12:16:14","modified_gmt":"2025-03-24T11:16:14","slug":"aloe-vera-lait-corporel","status":"publish","type":"product","link":"https:\/\/savonnerie-marseillaise.com\/fr\/produit\/aloe-vera-lait-corporel\/","title":{"rendered":"Aloe vera &#8211; Lait corporel"},"content":{"rendered":"<p>Conseils d&rsquo;utilisation : <\/p>\n<p>Appliquer apr\u00e8s la douche sur une peau encore humide pour permettre une meilleure p\u00e9n\u00e9tration du lait.<\/p>\n","protected":false},"excerpt":{"rendered":"<p>Reconnue pour ses propri\u00e9t\u00e9s hydratantes, apaisantes et r\u00e9paratrices, l\u2019aloe vera transforme chaque soin en un moment de fra\u00eecheur et de confort. Ce lait corps hydrate intens\u00e9ment tout en procurant une sensation de douceur et de l\u00e9g\u00e8ret\u00e9. Sa texture fondante laisse la peau souple, fra\u00eeche et d\u00e9licatement parfum\u00e9e.<\/p>\n","protected":false},"featured_media":549,"comment_status":"closed","ping_status":"closed","template":"","meta":{"inline_featured_image":false,"wds_primary_product_brand":0,"wds_primary_product_cat":0},"product_brand":[],"product_cat":[111,93],"product_tag":[35,31],"class_list":{"0":"post-548","1":"product","2":"type-product","3":"status-publish","4":"has-post-thumbnail","6":"product_cat-aloe-vera","7":"product_cat-soins","8":"product_tag-blanc","9":"product_tag-vert","10":"description-off","12":"first","13":"instock","14":"taxable","15":"shipping-taxable","16":"purchasable","17":"product-type-simple"},"_links":{"self":[{"href":"https:\/\/savonnerie-marseillaise.com\/fr\/wp-json\/wp\/v2\/product\/548","targetHints":{"allow":["GET"]}}],"collection":[{"href":"https:\/\/savonnerie-marseillaise.com\/fr\/wp-json\/wp\/v2\/product"}],"about":[{"href":"https:\/\/savonnerie-marseillaise.com\/fr\/wp-json\/wp\/v2\/types\/product"}],"replies":[{"embeddable":true,"href":"https:\/\/savonnerie-marseillaise.com\/fr\/wp-json\/wp\/v2\/comments?post=548"}],"wp:featuredmedia":[{"embeddable":true,"href":"https:\/\/savonnerie-marseillaise.com\/fr\/wp-json\/wp\/v2\/media\/549"}],"wp:attachment":[{"href":"https:\/\/savonnerie-marseillaise.com\/fr\/wp-json\/wp\/v2\/media?parent=548"}],"wp:term":[{"taxonomy":"product_brand","embeddable":true,"href":"https:\/\/savonnerie-marseillaise.com\/fr\/wp-json\/wp\/v2\/product_brand?post=548"},{"taxonomy":"product_cat","embeddable":true,"href":"https:\/\/savonnerie-marseillaise.com\/fr\/wp-json\/wp\/v2\/product_cat?post=548"},{"taxonomy":"product_tag","embeddable":true,"href":"https:\/\/savonnerie-marseillaise.com\/fr\/wp-json\/wp\/v2\/product_tag?post=548"}],"curies":[{"name":"wp","href":"https:\/\/api.w.org\/{rel}","templated":true}]}}