{"id":558,"date":"2025-03-12T17:37:50","date_gmt":"2025-03-12T16:37:50","guid":{"rendered":"https:\/\/savonnerie-marseillaise.com\/produit\/evasion-kyoto-creme-mains\/"},"modified":"2025-12-23T11:46:46","modified_gmt":"2025-12-23T10:46:46","slug":"evasion-kyoto-creme-mains","status":"publish","type":"product","link":"https:\/\/savonnerie-marseillaise.com\/fr\/produit\/evasion-kyoto-creme-mains\/","title":{"rendered":"EVASION &#8211; Kyoto &#8211; Cr\u00e8me mains"},"content":{"rendered":"<p>Conseils d&rsquo;utilisation :<\/p>\n<p>Appliquer en massage sur les mains aussi souvent que n\u00e9cessaire.<\/p>\n<p>Nomenclature douane :<\/p>\n","protected":false},"excerpt":{"rendered":"<p>Offrez \u00e0 vos mains un moment d\u2019\u00e9vasion avec la cr\u00e8me Kyoto. Sa texture l\u00e9g\u00e8re p\u00e9n\u00e8tre rapidement, laissant vos mains douces et parfaitement hydrat\u00e9es. Son parfum d\u00e9licat, gourmand et sucr\u00e9 de fleur de cerisier vous transporte dans un jardin japonais, pour une sensation de bien-\u00eatre et de fra\u00eecheur parfum\u00e9e tout au long de la journ\u00e9e.<\/p>\n","protected":false},"featured_media":559,"comment_status":"closed","ping_status":"closed","template":"","meta":{"inline_featured_image":false,"wds_primary_product_brand":0,"wds_primary_product_cat":0},"product_brand":[],"product_cat":[91,107,93],"product_tag":[26],"class_list":{"0":"post-558","1":"product","2":"type-product","3":"status-publish","4":"has-post-thumbnail","6":"product_cat-evasion","7":"product_cat-evasion-kyoto","8":"product_cat-soins","9":"product_tag-rose","10":"description-off","12":"first","13":"instock","14":"taxable","15":"shipping-taxable","16":"purchasable","17":"product-type-simple"},"_links":{"self":[{"href":"https:\/\/savonnerie-marseillaise.com\/fr\/wp-json\/wp\/v2\/product\/558","targetHints":{"allow":["GET"]}}],"collection":[{"href":"https:\/\/savonnerie-marseillaise.com\/fr\/wp-json\/wp\/v2\/product"}],"about":[{"href":"https:\/\/savonnerie-marseillaise.com\/fr\/wp-json\/wp\/v2\/types\/product"}],"replies":[{"embeddable":true,"href":"https:\/\/savonnerie-marseillaise.com\/fr\/wp-json\/wp\/v2\/comments?post=558"}],"wp:featuredmedia":[{"embeddable":true,"href":"https:\/\/savonnerie-marseillaise.com\/fr\/wp-json\/wp\/v2\/media\/559"}],"wp:attachment":[{"href":"https:\/\/savonnerie-marseillaise.com\/fr\/wp-json\/wp\/v2\/media?parent=558"}],"wp:term":[{"taxonomy":"product_brand","embeddable":true,"href":"https:\/\/savonnerie-marseillaise.com\/fr\/wp-json\/wp\/v2\/product_brand?post=558"},{"taxonomy":"product_cat","embeddable":true,"href":"https:\/\/savonnerie-marseillaise.com\/fr\/wp-json\/wp\/v2\/product_cat?post=558"},{"taxonomy":"product_tag","embeddable":true,"href":"https:\/\/savonnerie-marseillaise.com\/fr\/wp-json\/wp\/v2\/product_tag?post=558"}],"curies":[{"name":"wp","href":"https:\/\/api.w.org\/{rel}","templated":true}]}}