{"id":564,"date":"2025-03-12T17:37:50","date_gmt":"2025-03-12T16:37:50","guid":{"rendered":"https:\/\/savonnerie-marseillaise.com\/produit\/evasion-kyoto-brume\/"},"modified":"2025-12-30T12:23:03","modified_gmt":"2025-12-30T11:23:03","slug":"evasion-kyoto-brume","status":"publish","type":"product","link":"https:\/\/savonnerie-marseillaise.com\/fr\/produit\/evasion-kyoto-brume\/","title":{"rendered":"EVASION &#8211; Kyoto &#8211; Brume"},"content":{"rendered":"<p>Conseils d&rsquo;utilisation :<\/p>\n<p>Vaporisez la brume sur votre peau \u00e0 tout moment de la journ\u00e9e.<\/p>\n<p>Nomenclature douane : 34011100<\/p>\n","protected":false},"excerpt":{"rendered":"<p>Vaporisez la brume corporelle Kyoto et laissez-vous transporter dans les jardins fleuris du Japon avec son parfum gourmand et sucr\u00e9 inspir\u00e9 de la fleur de cerisier. L\u00e9g\u00e8re et d\u00e9licate, elle enveloppe votre peau d\u2019un voile parfum\u00e9, pour une \u00e9vasion douce et envo\u00fbtante, qui vous accompagne tout au long de la journ\u00e9e.<\/p>\n","protected":false},"featured_media":565,"comment_status":"closed","ping_status":"closed","template":"","meta":{"inline_featured_image":false,"wds_primary_product_brand":0,"wds_primary_product_cat":0},"product_brand":[],"product_cat":[91,107,93],"product_tag":[26],"class_list":{"0":"post-564","1":"product","2":"type-product","3":"status-publish","4":"has-post-thumbnail","6":"product_cat-evasion","7":"product_cat-evasion-kyoto","8":"product_cat-soins","9":"product_tag-rose","10":"description-off","12":"first","13":"outofstock","14":"taxable","15":"shipping-taxable","16":"purchasable","17":"product-type-simple"},"_links":{"self":[{"href":"https:\/\/savonnerie-marseillaise.com\/fr\/wp-json\/wp\/v2\/product\/564","targetHints":{"allow":["GET"]}}],"collection":[{"href":"https:\/\/savonnerie-marseillaise.com\/fr\/wp-json\/wp\/v2\/product"}],"about":[{"href":"https:\/\/savonnerie-marseillaise.com\/fr\/wp-json\/wp\/v2\/types\/product"}],"replies":[{"embeddable":true,"href":"https:\/\/savonnerie-marseillaise.com\/fr\/wp-json\/wp\/v2\/comments?post=564"}],"wp:featuredmedia":[{"embeddable":true,"href":"https:\/\/savonnerie-marseillaise.com\/fr\/wp-json\/wp\/v2\/media\/565"}],"wp:attachment":[{"href":"https:\/\/savonnerie-marseillaise.com\/fr\/wp-json\/wp\/v2\/media?parent=564"}],"wp:term":[{"taxonomy":"product_brand","embeddable":true,"href":"https:\/\/savonnerie-marseillaise.com\/fr\/wp-json\/wp\/v2\/product_brand?post=564"},{"taxonomy":"product_cat","embeddable":true,"href":"https:\/\/savonnerie-marseillaise.com\/fr\/wp-json\/wp\/v2\/product_cat?post=564"},{"taxonomy":"product_tag","embeddable":true,"href":"https:\/\/savonnerie-marseillaise.com\/fr\/wp-json\/wp\/v2\/product_tag?post=564"}],"curies":[{"name":"wp","href":"https:\/\/api.w.org\/{rel}","templated":true}]}}