{"id":572,"date":"2025-03-12T17:37:50","date_gmt":"2025-03-12T16:37:50","guid":{"rendered":"https:\/\/savonnerie-marseillaise.com\/produit\/evasion-rio-de-janeiro-gel-douche-exfoliant\/"},"modified":"2025-03-24T12:16:15","modified_gmt":"2025-03-24T11:16:15","slug":"evasion-rio-de-janeiro-gel-douche-exfoliant","status":"publish","type":"product","link":"https:\/\/savonnerie-marseillaise.com\/fr\/produit\/evasion-rio-de-janeiro-gel-douche-exfoliant\/","title":{"rendered":"EVASION &#8211; Rio de Janeiro &#8211; Gel Douche Exfoliant"},"content":{"rendered":"<p>Conseils d&rsquo;utilisation :<\/p>\n<p>D\u00e9posez une noisette de gel exfoliant dans la paume de votre main. Appliquez-le sur une peau humide, massez en effectuant des mouvements circulaires puis rincez abondamment.<\/p>\n","protected":false},"excerpt":{"rendered":"<p>Transformez votre douche en une \u00e9vasion sensoriel avec le gel douche exfoliant Rio de Janeiro. Gr\u00e2ce \u00e0 ses grains naturels, il exfolie en douceur tout en enveloppant votre peau d\u2019un parfum frais et vibrant, inspir\u00e9 par l\u2019\u00e9nergie tropicale et la chaleur du Br\u00e9sil. Votre peau est lisse, \u00e9clatante et d\u00e9licatement parfum\u00e9e.<\/p>\n","protected":false},"featured_media":546,"comment_status":"closed","ping_status":"closed","template":"","meta":{"inline_featured_image":false,"wds_primary_product_brand":0,"wds_primary_product_cat":0},"product_brand":[],"product_cat":[91,105,93],"product_tag":[34],"class_list":{"0":"post-572","1":"product","2":"type-product","3":"status-publish","4":"has-post-thumbnail","6":"product_cat-evasion","7":"product_cat-evasion-rio","8":"product_cat-soins","9":"product_tag-bleu","10":"description-off","12":"first","13":"instock","14":"taxable","15":"shipping-taxable","16":"purchasable","17":"product-type-simple"},"_links":{"self":[{"href":"https:\/\/savonnerie-marseillaise.com\/fr\/wp-json\/wp\/v2\/product\/572","targetHints":{"allow":["GET"]}}],"collection":[{"href":"https:\/\/savonnerie-marseillaise.com\/fr\/wp-json\/wp\/v2\/product"}],"about":[{"href":"https:\/\/savonnerie-marseillaise.com\/fr\/wp-json\/wp\/v2\/types\/product"}],"replies":[{"embeddable":true,"href":"https:\/\/savonnerie-marseillaise.com\/fr\/wp-json\/wp\/v2\/comments?post=572"}],"wp:featuredmedia":[{"embeddable":true,"href":"https:\/\/savonnerie-marseillaise.com\/fr\/wp-json\/wp\/v2\/media\/546"}],"wp:attachment":[{"href":"https:\/\/savonnerie-marseillaise.com\/fr\/wp-json\/wp\/v2\/media?parent=572"}],"wp:term":[{"taxonomy":"product_brand","embeddable":true,"href":"https:\/\/savonnerie-marseillaise.com\/fr\/wp-json\/wp\/v2\/product_brand?post=572"},{"taxonomy":"product_cat","embeddable":true,"href":"https:\/\/savonnerie-marseillaise.com\/fr\/wp-json\/wp\/v2\/product_cat?post=572"},{"taxonomy":"product_tag","embeddable":true,"href":"https:\/\/savonnerie-marseillaise.com\/fr\/wp-json\/wp\/v2\/product_tag?post=572"}],"curies":[{"name":"wp","href":"https:\/\/api.w.org\/{rel}","templated":true}]}}