{"id":577,"date":"2025-03-12T17:37:50","date_gmt":"2025-03-12T16:37:50","guid":{"rendered":"https:\/\/savonnerie-marseillaise.com\/produit\/evasion-rio-de-janeiro-brume\/"},"modified":"2025-03-24T12:16:15","modified_gmt":"2025-03-24T11:16:15","slug":"evasion-rio-de-janeiro-brume","status":"publish","type":"product","link":"https:\/\/savonnerie-marseillaise.com\/fr\/produit\/evasion-rio-de-janeiro-brume\/","title":{"rendered":"EVASION &#8211; Rio de Janeiro &#8211; Brume"},"content":{"rendered":"<p>Conseils d&rsquo;utilisation :<\/p>\n<p>Vaporisez la brume sur votre peau \u00e0 tout moment de la journ\u00e9e.<\/p>\n","protected":false},"excerpt":{"rendered":"<p>Laissez-vous envelopper par la brume corporelle Rio de Janeiro. Son parfum frais et vibrant vous transporte au c\u0153ur des tropiques, offrant \u00e0 votre peau un sillage exotique et envo\u00fbtant. L\u00e9g\u00e8re et rafra\u00eechissante, cette brume enveloppe votre peau d\u2019un sillage parfum\u00e9, vous offrant une \u00e9vasion sensorielle \u00e0 chaque application.<\/p>\n","protected":false},"featured_media":578,"comment_status":"closed","ping_status":"closed","template":"","meta":{"inline_featured_image":false,"wds_primary_product_brand":0,"wds_primary_product_cat":0},"product_brand":[],"product_cat":[91,105,93],"product_tag":[34],"class_list":{"0":"post-577","1":"product","2":"type-product","3":"status-publish","4":"has-post-thumbnail","6":"product_cat-evasion","7":"product_cat-evasion-rio","8":"product_cat-soins","9":"product_tag-bleu","10":"description-off","12":"first","13":"instock","14":"taxable","15":"shipping-taxable","16":"purchasable","17":"product-type-simple"},"_links":{"self":[{"href":"https:\/\/savonnerie-marseillaise.com\/fr\/wp-json\/wp\/v2\/product\/577","targetHints":{"allow":["GET"]}}],"collection":[{"href":"https:\/\/savonnerie-marseillaise.com\/fr\/wp-json\/wp\/v2\/product"}],"about":[{"href":"https:\/\/savonnerie-marseillaise.com\/fr\/wp-json\/wp\/v2\/types\/product"}],"replies":[{"embeddable":true,"href":"https:\/\/savonnerie-marseillaise.com\/fr\/wp-json\/wp\/v2\/comments?post=577"}],"wp:featuredmedia":[{"embeddable":true,"href":"https:\/\/savonnerie-marseillaise.com\/fr\/wp-json\/wp\/v2\/media\/578"}],"wp:attachment":[{"href":"https:\/\/savonnerie-marseillaise.com\/fr\/wp-json\/wp\/v2\/media?parent=577"}],"wp:term":[{"taxonomy":"product_brand","embeddable":true,"href":"https:\/\/savonnerie-marseillaise.com\/fr\/wp-json\/wp\/v2\/product_brand?post=577"},{"taxonomy":"product_cat","embeddable":true,"href":"https:\/\/savonnerie-marseillaise.com\/fr\/wp-json\/wp\/v2\/product_cat?post=577"},{"taxonomy":"product_tag","embeddable":true,"href":"https:\/\/savonnerie-marseillaise.com\/fr\/wp-json\/wp\/v2\/product_tag?post=577"}],"curies":[{"name":"wp","href":"https:\/\/api.w.org\/{rel}","templated":true}]}}