{"id":58,"date":"2025-03-12T15:10:52","date_gmt":"2025-03-12T14:10:52","guid":{"rendered":"https:\/\/savonnerie-marseillaise.com\/product\/savon-fraise\/"},"modified":"2026-02-03T11:54:39","modified_gmt":"2026-02-03T10:54:39","slug":"savon-fraise","status":"publish","type":"product","link":"https:\/\/savonnerie-marseillaise.com\/fr\/produit\/savon-fraise\/","title":{"rendered":"Savon fraise"},"content":{"rendered":"<p>Conseils d\u2019utilisation :<br \/>\nHumidifiez votre peau, puis faites glisser le savon directement sur le corps ou entre vos mains pour cr\u00e9er une mousse g\u00e9n\u00e9reuse. Appliquez par de l\u00e9gers mouvements circulaires, puis rincez abondamment \u00e0 l\u2019eau claire. Convient \u00e0 tous les types de peau pour une utilisation quotidienne.<\/p>\n<p>Nomenclature douane : 34011100<\/p>\n","protected":false},"excerpt":{"rendered":"<p>Ce savon en forme de fraise est une invitation \u00e0 la gourmandise ! Avec son parfum d\u00e9licieusement sucr\u00e9 et juteux, il \u00e9voque la fra\u00eecheur d\u2019une fraise m\u00fbrie au soleil. Son design r\u00e9aliste et son odeur envo\u00fbtante transforment chaque lavage en un v\u00e9ritable moment de plaisir fruit\u00e9, tout en prenant soin de votre peau.<\/p>\n","protected":false},"featured_media":59,"comment_status":"closed","ping_status":"closed","template":"","meta":{"inline_featured_image":false,"wds_primary_product_brand":0,"wds_primary_product_cat":0},"product_brand":[],"product_cat":[23,46],"product_tag":[36],"class_list":{"0":"post-58","1":"product","2":"type-product","3":"status-publish","4":"has-post-thumbnail","6":"product_cat-creations-originales","7":"product_cat-savon-parfumee","8":"product_tag-rouge","9":"description-off","11":"first","12":"instock","13":"taxable","14":"shipping-taxable","15":"purchasable","16":"product-type-simple"},"_links":{"self":[{"href":"https:\/\/savonnerie-marseillaise.com\/fr\/wp-json\/wp\/v2\/product\/58","targetHints":{"allow":["GET"]}}],"collection":[{"href":"https:\/\/savonnerie-marseillaise.com\/fr\/wp-json\/wp\/v2\/product"}],"about":[{"href":"https:\/\/savonnerie-marseillaise.com\/fr\/wp-json\/wp\/v2\/types\/product"}],"replies":[{"embeddable":true,"href":"https:\/\/savonnerie-marseillaise.com\/fr\/wp-json\/wp\/v2\/comments?post=58"}],"wp:featuredmedia":[{"embeddable":true,"href":"https:\/\/savonnerie-marseillaise.com\/fr\/wp-json\/wp\/v2\/media\/59"}],"wp:attachment":[{"href":"https:\/\/savonnerie-marseillaise.com\/fr\/wp-json\/wp\/v2\/media?parent=58"}],"wp:term":[{"taxonomy":"product_brand","embeddable":true,"href":"https:\/\/savonnerie-marseillaise.com\/fr\/wp-json\/wp\/v2\/product_brand?post=58"},{"taxonomy":"product_cat","embeddable":true,"href":"https:\/\/savonnerie-marseillaise.com\/fr\/wp-json\/wp\/v2\/product_cat?post=58"},{"taxonomy":"product_tag","embeddable":true,"href":"https:\/\/savonnerie-marseillaise.com\/fr\/wp-json\/wp\/v2\/product_tag?post=58"}],"curies":[{"name":"wp","href":"https:\/\/api.w.org\/{rel}","templated":true}]}}