{"id":580,"date":"2025-03-12T17:37:50","date_gmt":"2025-03-12T16:37:50","guid":{"rendered":"https:\/\/savonnerie-marseillaise.com\/produit\/lait-danesse-creme-mains\/"},"modified":"2026-01-27T14:36:38","modified_gmt":"2026-01-27T13:36:38","slug":"lait-danesse-creme-mains","status":"publish","type":"product","link":"https:\/\/savonnerie-marseillaise.com\/fr\/produit\/lait-danesse-creme-mains\/","title":{"rendered":"Lait d&rsquo;\u00e2nesse &#8211; Cr\u00e8me mains"},"content":{"rendered":"<p>Conseils d&rsquo;utilisation : <\/p>\n<p>1 \u00e0 3 fois par jour, d\u00e9posez une noisette de cr\u00e8me sur la main et \u00e9talez-la en massant de fa\u00e7on circulaire pour bien faire p\u00e9n\u00e9trer la cr\u00e8me sans oublier le bout des doigts et autour des ongles.<\/p>\n<p>Nomenclature douane : 33049900<\/p>\n","protected":false},"excerpt":{"rendered":"<p>Depuis l\u2019Antiquit\u00e9, le lait d\u2019\u00e2nesse est r\u00e9put\u00e9 pour ses bienfaits hydratants, r\u00e9g\u00e9n\u00e9rants et apaisants. Cette cr\u00e8me, fabriqu\u00e9e en Provence, nourrit et r\u00e9pare les mains s\u00e8ches tout en offrant une protection contre les agressions quotidiennes. Sa texture l\u00e9g\u00e8re p\u00e9n\u00e8tre rapidement, laissant la peau douce et confortable, id\u00e9ale pour un soin au quotidien.<\/p>\n","protected":false},"featured_media":581,"comment_status":"closed","ping_status":"closed","template":"","meta":{"inline_featured_image":false,"wds_primary_product_brand":0,"wds_primary_product_cat":0},"product_brand":[],"product_cat":[114,93],"product_tag":[112,34],"class_list":{"0":"post-580","1":"product","2":"type-product","3":"status-publish","4":"has-post-thumbnail","6":"product_cat-lait-danesse","7":"product_cat-soins","8":"product_tag-argent","9":"product_tag-bleu","10":"description-off","12":"first","13":"instock","14":"taxable","15":"shipping-taxable","16":"purchasable","17":"product-type-simple"},"_links":{"self":[{"href":"https:\/\/savonnerie-marseillaise.com\/fr\/wp-json\/wp\/v2\/product\/580","targetHints":{"allow":["GET"]}}],"collection":[{"href":"https:\/\/savonnerie-marseillaise.com\/fr\/wp-json\/wp\/v2\/product"}],"about":[{"href":"https:\/\/savonnerie-marseillaise.com\/fr\/wp-json\/wp\/v2\/types\/product"}],"replies":[{"embeddable":true,"href":"https:\/\/savonnerie-marseillaise.com\/fr\/wp-json\/wp\/v2\/comments?post=580"}],"wp:featuredmedia":[{"embeddable":true,"href":"https:\/\/savonnerie-marseillaise.com\/fr\/wp-json\/wp\/v2\/media\/581"}],"wp:attachment":[{"href":"https:\/\/savonnerie-marseillaise.com\/fr\/wp-json\/wp\/v2\/media?parent=580"}],"wp:term":[{"taxonomy":"product_brand","embeddable":true,"href":"https:\/\/savonnerie-marseillaise.com\/fr\/wp-json\/wp\/v2\/product_brand?post=580"},{"taxonomy":"product_cat","embeddable":true,"href":"https:\/\/savonnerie-marseillaise.com\/fr\/wp-json\/wp\/v2\/product_cat?post=580"},{"taxonomy":"product_tag","embeddable":true,"href":"https:\/\/savonnerie-marseillaise.com\/fr\/wp-json\/wp\/v2\/product_tag?post=580"}],"curies":[{"name":"wp","href":"https:\/\/api.w.org\/{rel}","templated":true}]}}